{"id":1552,"date":"2023-04-26T09:47:50","date_gmt":"2023-04-26T01:47:50","guid":{"rendered":"https:\/\/fsportsnet.com\/?post_type=product&#038;p=1552"},"modified":"2023-04-26T09:57:56","modified_gmt":"2023-04-26T01:57:56","slug":"kids-lacrosse-goal-backyard-training-exercise-lacrosse-net","status":"publish","type":"product","link":"https:\/\/fsportsnet.com\/it\/product\/kids-lacrosse-goal-backyard-training-exercise-lacrosse-net\/","title":{"rendered":"Bambini Lacrosse Goal cortile di formazione Esercizio Lacrosse Net"},"content":{"rendered":"<ul class=\"a-unordered-list a-vertical a-spacing-mini\">\n<li><span class=\"a-list-item\">La migliore attrezzatura per l'allenamento del lacrosse - \u00c8 molto pi\u00f9 portatile delle normali reti d'acciaio, tanto da poter essere trasportata anche nel retro del vostro SUV o semplicemente a tracolla, per allenarsi ovunque!<\/span><\/li>\n<li><span class=\"a-list-item\">Facile da aprire e da ripiegare - \u00c8 facilissimo da aprire e ripiegare in pochi minuti. Basta ripiegare l'obiettivo in dimensioni ridotte e chiuderlo nella borsa per il trasporto in dotazione. Anche un bambino pu\u00f2 aprirla e smontarla facilmente da solo!<\/span><\/li>\n<li><span class=\"a-list-item\">Telaio in fibra di vetro resistente - Il nostro obiettivo \u00e8 progettato per tutte le stagioni con la tecnologia di avvolgimento dei filamenti, \u00e8 abbastanza resistente e flessibile da contrastare il vento forte e improvviso! Non lasciate che il tempo vi rovini la giornata.<\/span><\/li>\n<li><span class=\"a-list-item\">I pi\u00f9 bei regali di lacrosse per ragazzi - \u00c8 portatile, facile da aprire e da piegare e anche un bambino pu\u00f2 organizzarsi da solo. Assolutamente il regalo pi\u00f9 unico per bambini e ragazzi che amano il lacrosse!<\/span><\/li>\n<li><span class=\"a-list-item\">Per tutti gli amanti del lacrosse - Trovare l'attrezzatura giusta per l'allenamento \u00e8 una parte importante del completamento del pacchetto di attrezzature per il lacrosse. La scelta migliore per gli appassionati di lacrosse \u00e8 la nostra porta da lacrosse.<\/span><\/li>\n<\/ul>","protected":false},"excerpt":{"rendered":"<p>The Net offre prodotti e attrezzature per l'addestramento di base che consentono di esercitarsi a casa o in vari ambienti di allenamento. Il nostro obiettivo \u00e8 quello di aiutarvi a ottenere un vantaggio competitivo nel vostro allenamento. Scegliete Fsports, non accontentatevi di meno: un sistema di reti facile da usare, rapido da installare e multi-sport. Ci impegniamo sempre per offrirvi i prodotti migliori, anticipando ogni vostro desiderio. Che altro?<\/p>","protected":false},"featured_media":1511,"template":"","meta":{"_gspb_post_css":""},"product_brand":[],"product_cat":[38],"product_tag":[],"class_list":{"0":"post-1552","1":"product","2":"type-product","3":"status-publish","4":"has-post-thumbnail","6":"product_cat-lacrosse-goal","8":"first","9":"instock","10":"shipping-taxable","11":"product-type-simple"},"_links":{"self":[{"href":"https:\/\/fsportsnet.com\/it\/wp-json\/wp\/v2\/product\/1552","targetHints":{"allow":["GET"]}}],"collection":[{"href":"https:\/\/fsportsnet.com\/it\/wp-json\/wp\/v2\/product"}],"about":[{"href":"https:\/\/fsportsnet.com\/it\/wp-json\/wp\/v2\/types\/product"}],"wp:featuredmedia":[{"embeddable":true,"href":"https:\/\/fsportsnet.com\/it\/wp-json\/wp\/v2\/media\/1511"}],"wp:attachment":[{"href":"https:\/\/fsportsnet.com\/it\/wp-json\/wp\/v2\/media?parent=1552"}],"wp:term":[{"taxonomy":"product_brand","embeddable":true,"href":"https:\/\/fsportsnet.com\/it\/wp-json\/wp\/v2\/product_brand?post=1552"},{"taxonomy":"product_cat","embeddable":true,"href":"https:\/\/fsportsnet.com\/it\/wp-json\/wp\/v2\/product_cat?post=1552"},{"taxonomy":"product_tag","embeddable":true,"href":"https:\/\/fsportsnet.com\/it\/wp-json\/wp\/v2\/product_tag?post=1552"}],"curies":[{"name":"wp","href":"https:\/\/api.w.org\/{rel}","templated":true}]}}