{"id":1554,"date":"2023-04-26T10:04:07","date_gmt":"2023-04-26T02:04:07","guid":{"rendered":"https:\/\/fsportsnet.com\/?post_type=product&#038;p=1554"},"modified":"2023-04-26T10:27:10","modified_gmt":"2023-04-26T02:27:10","slug":"ezgoal-lacrosse-folding-goal-with-steel-frame","status":"publish","type":"product","link":"https:\/\/fsportsnet.com\/it\/product\/ezgoal-lacrosse-folding-goal-with-steel-frame\/","title":{"rendered":"Porta di lacrosse bersaglio di tiro bersaglio di guardia bersagli d'angolo per esercitazioni di tiro"},"content":{"rendered":"<ul class=\"a-unordered-list a-vertical a-spacing-mini\">\n<li><span class=\"a-list-item\">Premium Shooting Target: Questo bersaglio di tiro impermeabile pesante \u00e8 fatto di panno di nylon di qualit\u00e0, il panno bersaglio lacrosse \u00e8 portatile e facile da piegare Non si rompe o svanire facilmente e pu\u00f2 resistere alla maggior parte delle condizioni atmosferiche<\/span><\/li>\n<li><span class=\"a-list-item\">Porte da lacrosse di dimensioni ufficiali: 6\u2032 x 6\u2032 Progettato per l'uso su porte da lacrosse di dimensioni ufficiali per giocatori adulti e giovani.<\/span><\/li>\n<li><span class=\"a-list-item\">9 zone di tiro: questo bersaglio di qualit\u00e0 superiore presenta 9 zone di tiro realistiche per aiutare i giocatori a esercitarsi sulla precisione dei tiri senza bisogno di un portiere, dai bambini ai pi\u00f9 esperti, le nostre porte da lacrosse sono adatte a principianti, intermedi e avanzati.<\/span><\/li>\n<li><span class=\"a-list-item\">Facile da installare e da trasportare: dotato di 16 fibbie a corda elastica che possono essere facilmente installate e regolate in base alle proprie esigenze, \u00e8 possibile ripiegare facilmente gli accessori per il lacrosse e riporli in una borsa, leggera per portarli con s\u00e9 ovunque sia necessario andare, senza occupare troppo spazio o energia.<\/span><\/li>\n<\/ul>\n<ul class=\"a-unordered-list a-vertical a-spacing-mini\">\n<li>\u00a01. Dimensioni: 6x6x7ft<br \/>\n2. Telaio: 31,8\u00d70,8 mm con 50pcs bungees<br \/>\n3. Rete: Rete in poliestere da 1,5\u201d a 7 veli senza nodo<br \/>\n4. Peso: 11,35 chilogrammi<br \/>\n5. Dimensioni dell'imballaggio: 39,4 x 16,4 x 4,8 pollici<\/li>\n<\/ul>","protected":false},"excerpt":{"rendered":"<h4 class=\"a-spacing-mini\">Costruire per giocare in cortile e all'aperto<\/h4>\n<p>La nostra porta da lacrosse \u00e8 costruita per i giochi da cortile e gli allenamenti all'aperto. Grazie alla resistente struttura in acciaio e ai picchetti per fissare la porta al terreno, vi aiuter\u00e0 a contrastare il tempo imprevedibile. La porta robusta e stabile offre un'esperienza di allenamento non-stop mai provata prima.<\/p>","protected":false},"featured_media":1529,"template":"","meta":{"_gspb_post_css":""},"product_brand":[],"product_cat":[38],"product_tag":[],"class_list":{"0":"post-1554","1":"product","2":"type-product","3":"status-publish","4":"has-post-thumbnail","6":"product_cat-lacrosse-goal","8":"first","9":"instock","10":"shipping-taxable","11":"product-type-simple"},"_links":{"self":[{"href":"https:\/\/fsportsnet.com\/it\/wp-json\/wp\/v2\/product\/1554","targetHints":{"allow":["GET"]}}],"collection":[{"href":"https:\/\/fsportsnet.com\/it\/wp-json\/wp\/v2\/product"}],"about":[{"href":"https:\/\/fsportsnet.com\/it\/wp-json\/wp\/v2\/types\/product"}],"wp:featuredmedia":[{"embeddable":true,"href":"https:\/\/fsportsnet.com\/it\/wp-json\/wp\/v2\/media\/1529"}],"wp:attachment":[{"href":"https:\/\/fsportsnet.com\/it\/wp-json\/wp\/v2\/media?parent=1554"}],"wp:term":[{"taxonomy":"product_brand","embeddable":true,"href":"https:\/\/fsportsnet.com\/it\/wp-json\/wp\/v2\/product_brand?post=1554"},{"taxonomy":"product_cat","embeddable":true,"href":"https:\/\/fsportsnet.com\/it\/wp-json\/wp\/v2\/product_cat?post=1554"},{"taxonomy":"product_tag","embeddable":true,"href":"https:\/\/fsportsnet.com\/it\/wp-json\/wp\/v2\/product_tag?post=1554"}],"curies":[{"name":"wp","href":"https:\/\/api.w.org\/{rel}","templated":true}]}}