{"id":1575,"date":"2023-04-26T14:25:12","date_gmt":"2023-04-26T06:25:12","guid":{"rendered":"https:\/\/fsportsnet.com\/?post_type=product&#038;p=1575"},"modified":"2023-04-27T10:10:00","modified_gmt":"2023-04-27T02:10:00","slug":"professional-soccer-rebound-net-7x7ft-angle-adjustable","status":"publish","type":"product","link":"https:\/\/fsportsnet.com\/it\/product\/professional-soccer-rebound-net-7x7ft-angle-adjustable\/","title":{"rendered":"Calcio professionale rimbalzo rete 7x7ft angolo regolabile"},"content":{"rendered":"<div id=\"featurebullets_feature_div\" class=\"celwidget\" data-feature-name=\"featurebullets\" data-csa-c-type=\"widget\" data-csa-c-content-id=\"featurebullets\" data-csa-c-slot-id=\"featurebullets_feature_div\" data-csa-c-asin=\"B00VUMGYLQ\" data-csa-c-is-in-initial-active-row=\"false\" data-csa-c-id=\"r02nsd-ek31ro-15bazj-k71de6\" data-cel-widget=\"featurebullets_feature_div\">\n<div id=\"feature-bullets\" class=\"a-section a-spacing-medium a-spacing-top-small\">\n<ul class=\"a-unordered-list a-vertical a-spacing-mini\">\n<li>1. Dimensioni: 7x7ft<br \/>\n2. Tubo in acciaio: \u03a625 x 1,0 mm<br \/>\n3. Fibra di vetro: Pali pieni da 12,7 mm<br \/>\n4. Rete: 3ply x 2,5 cm<\/li>\n<li>\n<h1 class=\"a-size-base-plus a-text-bold\">Informazioni su questo articolo<\/h1>\n<ul class=\"a-unordered-list a-vertical a-spacing-mini\">\n<li><span class=\"a-list-item\">DESIGN REGOLABILE IN ANGOLO - Con l'esclusivo design di regolazione dell'angolo, \u00e8 possibile sollevare la rete di rimbalzo a 2 angoli per avere un metodo di rimbalzo diverso per creare un ambiente di pratica pi\u00f9 realistico di qualsiasi altro rimbalzatore sul mercato. Porta il tuo gioco di calcio al livello successivo per ricevere qualsiasi tipo di passaggio. Regola gli angoli per esercitarsi a terra, sulle ginocchia, sul petto e sulla presa di calore.<\/span><\/li>\n<li><span class=\"a-list-item\">STRUMENTO DI ALLENAMENTO PROFESSIONALE - Il rebounder \u00e8 dotato di una rete di rimbalzo ad alta tensione. Progettato per i giocatori che si allenano insieme o da soli, per migliorare la precisione e l'abilit\u00e0 in tutti gli aspetti del gioco. Godetevi ogni minuto di palloni calciati a qualsiasi angolazione grazie alla grande superficie di 3 metri per 3 metri, senza aree \u201cmorte\u201d che non rimbalzano. Con bungee di alta qualit\u00e0, un'area di ritorno di quasi 72 metri quadrati e un bersaglio di vernice per garantire una mira perfetta, il vostro gioco del calcio diventer\u00e0 leggendario.<\/span><\/li>\n<li><span class=\"a-list-item\">COSTRUZIONE ROBUSTA - Realizzata in acciaio verniciato a polvere e rete di prima qualit\u00e0, la rete resiste a innumerevoli colpi e non si ribalta. Grazie alla rete in poliestere senza nodi con rivestimento in PU 420D, la nostra rete da golf resiste ai colpi pi\u00f9 duri stagione dopo stagione.<\/span><\/li>\n<li><span class=\"a-list-item\">MULTIFUNZIONE - La nostra rete pu\u00f2 essere utilizzata sia all'interno che all'esterno senza problemi. Il telaio \u00e8 dotato di gambe di supporto extra-lunghe per una maggiore stabilit\u00e0 sul pavimento, mentre altri 4 pioli a terra per una maggiore stabilit\u00e0. Perfetta per lacrosse, baseball, softball, calcio, pallacanestro, pallavolo, tennis e racchetta. Pu\u00f2 essere utilizzato come backstop portatile per qualsiasi sport e perfetto per sessioni di allenamento o scrimmage in qualsiasi cortile, garage o campo.<\/span><\/li>\n<li><span class=\"a-list-item\">FACILE IMPOSTAZIONE - Grazie al design, la nostra rete rebounder non necessita di un assemblaggio complicato, ma si monta in pochi minuti e non richiede corde di supporto. Pu\u00f2 essere utilizzata su erba, sabbia, pavimenti di palestre, cemento e altro ancora.<\/span><\/li>\n<\/ul>\n<\/li>\n<\/ul>\n<\/div>\n<\/div>\n<div id=\"serviceCapabilities_feature_div\" class=\"celwidget\" data-feature-name=\"serviceCapabilities\" data-csa-c-type=\"widget\" data-csa-c-content-id=\"serviceCapabilities\" data-csa-c-slot-id=\"serviceCapabilities_feature_div\" data-csa-c-asin=\"B00VUMGYLQ\" data-csa-c-is-in-initial-active-row=\"false\" data-csa-c-id=\"cdqbcs-cqt9yd-frehzg-ddrb62\" data-cel-widget=\"serviceCapabilities_feature_div\"><\/div>","protected":false},"excerpt":{"rendered":"<p>La rete di rimbalzo Fsports Soccer Trainer non ha bisogno di assemblaggi complicati, si monta in pochi minuti e non richiede corde di sostegno. Pu\u00f2 essere utilizzata su erba, sabbia, pavimenti di palestre, cemento e altro ancora.<\/p>","protected":false},"featured_media":1582,"template":"","meta":{"_gspb_post_css":""},"product_brand":[],"product_cat":[32],"product_tag":[],"class_list":{"0":"post-1575","1":"product","2":"type-product","3":"status-publish","4":"has-post-thumbnail","6":"product_cat-rebounder","8":"first","9":"instock","10":"shipping-taxable","11":"product-type-simple"},"_links":{"self":[{"href":"https:\/\/fsportsnet.com\/it\/wp-json\/wp\/v2\/product\/1575","targetHints":{"allow":["GET"]}}],"collection":[{"href":"https:\/\/fsportsnet.com\/it\/wp-json\/wp\/v2\/product"}],"about":[{"href":"https:\/\/fsportsnet.com\/it\/wp-json\/wp\/v2\/types\/product"}],"wp:featuredmedia":[{"embeddable":true,"href":"https:\/\/fsportsnet.com\/it\/wp-json\/wp\/v2\/media\/1582"}],"wp:attachment":[{"href":"https:\/\/fsportsnet.com\/it\/wp-json\/wp\/v2\/media?parent=1575"}],"wp:term":[{"taxonomy":"product_brand","embeddable":true,"href":"https:\/\/fsportsnet.com\/it\/wp-json\/wp\/v2\/product_brand?post=1575"},{"taxonomy":"product_cat","embeddable":true,"href":"https:\/\/fsportsnet.com\/it\/wp-json\/wp\/v2\/product_cat?post=1575"},{"taxonomy":"product_tag","embeddable":true,"href":"https:\/\/fsportsnet.com\/it\/wp-json\/wp\/v2\/product_tag?post=1575"}],"curies":[{"name":"wp","href":"https:\/\/api.w.org\/{rel}","templated":true}]}}