{"id":1600,"date":"2023-04-27T10:10:37","date_gmt":"2023-04-27T02:10:37","guid":{"rendered":"https:\/\/fsportsnet.com\/?post_type=product&#038;p=1600"},"modified":"2023-04-27T10:18:52","modified_gmt":"2023-04-27T02:18:52","slug":"solo-soccer-net-trainer-and-rebounder-with-carry-bag","status":"publish","type":"product","link":"https:\/\/fsportsnet.com\/it\/product\/solo-soccer-net-trainer-and-rebounder-with-carry-bag\/","title":{"rendered":"Allenatore a rete e rimbalzatore per il calcio in solitaria con borsa per il trasporto"},"content":{"rendered":"<div id=\"featurebullets_feature_div\" class=\"celwidget\" data-feature-name=\"featurebullets\" data-csa-c-type=\"widget\" data-csa-c-content-id=\"featurebullets\" data-csa-c-slot-id=\"featurebullets_feature_div\" data-csa-c-asin=\"B00VUMGYLQ\" data-csa-c-is-in-initial-active-row=\"false\" data-csa-c-id=\"r02nsd-ek31ro-15bazj-k71de6\" data-cel-widget=\"featurebullets_feature_div\">\n<div id=\"feature-bullets\" class=\"a-section a-spacing-medium a-spacing-top-small\">\n<ul class=\"a-unordered-list a-vertical a-spacing-mini\">\n<li>1. Dimensioni: 1X1,5 m<br \/>\n2. Rete: poliestere<br \/>\n3. Telaio: Dia \u03a625*1.0mm<br \/>\n4. Palo: Fibra di vetro solida da 12,7 mm<br \/>\n5. Borsa: 600D oxford<\/li>\n<li>\n<h1 class=\"a-size-base-plus a-text-bold\">Informazioni su questo articolo<\/h1>\n<ul class=\"a-unordered-list a-vertical a-spacing-mini\">\n<li><span class=\"a-list-item\">Lavorare sulle vol\u00e9e e sulle mezze vol\u00e9e con il collo del piede e i lacci.<\/span><\/li>\n<li><span class=\"a-list-item\">Staccare la palla dall'aria con i piedi, le cosce e il petto, massimizzando le ripetizioni.<\/span><\/li>\n<li><span class=\"a-list-item\">Portatile, leggero e facile da riporre<\/span><\/li>\n<li><span class=\"a-list-item\">Punte attaccate per fissare la rete a terra<\/span><\/li>\n<li><span class=\"a-list-item\">La rete misura 5\u2019x 3\u2019, la borsa per il trasporto \u00e8 inclusa.<\/span><\/li>\n<li><span class=\"a-list-item\">MULTIFUNZIONE - La nostra rete pu\u00f2 essere utilizzata sia all'interno che all'esterno senza problemi. Il telaio \u00e8 dotato di gambe di supporto extra-lunghe per una maggiore stabilit\u00e0 sul pavimento, mentre altri 4 pioli a terra per una maggiore stabilit\u00e0. Perfetta per lacrosse, baseball, softball, calcio, pallacanestro, pallavolo, tennis e racchetta. Pu\u00f2 essere utilizzato come backstop portatile per qualsiasi sport e perfetto per sessioni di allenamento o scrimmage in qualsiasi cortile, garage o campo.<\/span><\/li>\n<li><span class=\"a-list-item\">FACILE IMPOSTAZIONE - Grazie al design, la nostra rete rebounder non necessita di un assemblaggio complicato, ma si monta in pochi minuti e non richiede corde di supporto. Pu\u00f2 essere utilizzata su erba, sabbia, pavimenti di palestre, cemento e altro ancora.<\/span><\/li>\n<\/ul>\n<\/li>\n<\/ul>\n<\/div>\n<\/div>\n<div id=\"serviceCapabilities_feature_div\" class=\"celwidget\" data-feature-name=\"serviceCapabilities\" data-csa-c-type=\"widget\" data-csa-c-content-id=\"serviceCapabilities\" data-csa-c-slot-id=\"serviceCapabilities_feature_div\" data-csa-c-asin=\"B00VUMGYLQ\" data-csa-c-is-in-initial-active-row=\"false\" data-csa-c-id=\"cdqbcs-cqt9yd-frehzg-ddrb62\" data-cel-widget=\"serviceCapabilities_feature_div\"><\/div>","protected":false},"excerpt":{"rendered":"<p>Aiuta gli atleti a lavorare sulla presa della palla in aria con i piedi, le cosce e il petto, concentrandosi sulla massimizzazione delle ripetizioni. Il Soccer Trainer Solo \u00e8 ideale per lavorare sulle vol\u00e9e e le mezze vol\u00e9e con il collo del piede e i lacci, creando migliori abitudini di controllo della palla e precisione. Gli atleti saranno in grado di sfruttare queste abilit\u00e0 esercitate e di trasferirle in situazioni di gioco. Progettato con una rete dal rimbalzo ottimale, costruita per durare nel tempo. Utilizzate il Soccer Trainer Solo per esercitarvi nel cortile di casa e migliorare la tecnica attraverso l'allenamento in solitaria, in modo da essere migliori sul campo. Incredibilmente portatile, leggero e facile da riporre grazie alla borsa per il trasporto inclusa. Per fissare la rete al terreno, sono integrati dei picchetti.<\/p>","protected":false},"featured_media":1599,"template":"","meta":{"_gspb_post_css":""},"product_brand":[],"product_cat":[32],"product_tag":[],"class_list":{"0":"post-1600","1":"product","2":"type-product","3":"status-publish","4":"has-post-thumbnail","6":"product_cat-rebounder","8":"first","9":"instock","10":"shipping-taxable","11":"product-type-simple"},"_links":{"self":[{"href":"https:\/\/fsportsnet.com\/it\/wp-json\/wp\/v2\/product\/1600","targetHints":{"allow":["GET"]}}],"collection":[{"href":"https:\/\/fsportsnet.com\/it\/wp-json\/wp\/v2\/product"}],"about":[{"href":"https:\/\/fsportsnet.com\/it\/wp-json\/wp\/v2\/types\/product"}],"wp:featuredmedia":[{"embeddable":true,"href":"https:\/\/fsportsnet.com\/it\/wp-json\/wp\/v2\/media\/1599"}],"wp:attachment":[{"href":"https:\/\/fsportsnet.com\/it\/wp-json\/wp\/v2\/media?parent=1600"}],"wp:term":[{"taxonomy":"product_brand","embeddable":true,"href":"https:\/\/fsportsnet.com\/it\/wp-json\/wp\/v2\/product_brand?post=1600"},{"taxonomy":"product_cat","embeddable":true,"href":"https:\/\/fsportsnet.com\/it\/wp-json\/wp\/v2\/product_cat?post=1600"},{"taxonomy":"product_tag","embeddable":true,"href":"https:\/\/fsportsnet.com\/it\/wp-json\/wp\/v2\/product_tag?post=1600"}],"curies":[{"name":"wp","href":"https:\/\/api.w.org\/{rel}","templated":true}]}}