{"id":1601,"date":"2023-04-27T10:19:08","date_gmt":"2023-04-27T02:19:08","guid":{"rendered":"https:\/\/fsportsnet.com\/?post_type=product&#038;p=1601"},"modified":"2023-04-27T10:29:21","modified_gmt":"2023-04-27T02:29:21","slug":"pitchback-baseball-and-softball-pitching-net-and-rebounder","status":"publish","type":"product","link":"https:\/\/fsportsnet.com\/it\/product\/pitchback-baseball-and-softball-pitching-net-and-rebounder\/","title":{"rendered":"Rete da lancio e rimbalzatore PitchBack per baseball e softball"},"content":{"rendered":"<div id=\"featurebullets_feature_div\" class=\"celwidget\" data-feature-name=\"featurebullets\" data-csa-c-type=\"widget\" data-csa-c-content-id=\"featurebullets\" data-csa-c-slot-id=\"featurebullets_feature_div\" data-csa-c-asin=\"B00VUMGYLQ\" data-csa-c-is-in-initial-active-row=\"false\" data-csa-c-id=\"r02nsd-ek31ro-15bazj-k71de6\" data-cel-widget=\"featurebullets_feature_div\">\n<div id=\"feature-bullets\" class=\"a-section a-spacing-medium a-spacing-top-small\">\n<ul class=\"a-unordered-list a-vertical a-spacing-mini\">\n<li>1.Size: 60\u00d744 \u201dx42\u201d<br \/>\n2. Rete: PE 30 ply1.75\u2033\/5ply polistero<br \/>\n3. Telaio: Dia25,4*0,8 mm<\/li>\n<li>\n<h1 class=\"a-size-base-plus a-text-bold\">Informazioni su questo articolo<\/h1>\n<ul class=\"a-unordered-list a-vertical a-spacing-mini\">\n<li><span class=\"a-list-item\">Portatile, leggero e facile da riporre<\/span><\/li>\n<li><span class=\"a-list-item\">Punte attaccate per fissare la rete a terra<\/span><\/li>\n<li><span class=\"a-list-item\">Riporta le palline in una variet\u00e0 di angolazioni per esercitarsi nel lancio, nel pitching e nel fielding.<\/span><\/li>\n<li><span class=\"a-list-item\">Dettagli costruttivi durevoli, con un robusto telaio in metallo e un resistente materiale a rete<\/span><\/li>\n<li><span class=\"a-list-item\">Si assembla rapidamente e facilmente<\/span><\/li>\n<\/ul>\n<\/li>\n<li>L'allenatore di baseball Fsports PitchBack \u00e8 lo strumento perfetto per squadre di baseball, softball o giocatori singoli. Crea fiducia ogni volta che si sale sul monte di lancio. Riceverete un feedback automatico e vi eserciterete a simulare palle a terra, line drive o pop fly a seconda dell'angolo regolabile del telaio. Il nastro per la zona di strike incluso \u00e8 regolabile e consente ai lanciatori di perfezionare la mira, migliorando la tecnica generale.\n<p>Grazie alla praticit\u00e0 di installazione e alla facile trasportabilit\u00e0, il PitchBack di Fsports \u00e8 ideale per tutti i giocatori e le squadre di diamante. \u00c8 sufficiente installare l'ausilio per l'allenamento al parco, al campo o anche nel giardino di casa per trascorrere ore di divertimento. La robusta rete di rimbalzo migliora il lancio e l'attacco, mentre gli angoli regolabili del pitchback consentono di effettuare pop flies, line drive e grounders.<\/p>\n<p>Questa robusta rete di rimbalzo multiposizione Pitchback simula palle a terra, line drive e pop fly regolando l'angolo. Restituisce le palle da una variet\u00e0 di angolazioni e include un nastro di destinazione della zona di strike per i lanci. Ideale per tutti i giocatori di baseball e softball, con una struttura resistente, un design pieghevole e un telaio angolato che facilita lo stoccaggio e il trasporto. I picchetti per il terreno sono inclusi per garantire la stabilit\u00e0.<\/li>\n<\/ul>\n<\/div>\n<\/div>","protected":false},"excerpt":{"rendered":"<p>Caratteristiche e specifiche:<\/p>\n<p>La robusta rete di rimbalzo dell'allenatore migliora il lancio e il tiro in campo<br \/>\nAngoli di pitchback regolabili per pop flies, line drive e grounders<br \/>\nStruttura resistente e durevole con robusto telaio in metallo e rete a 21 strati per tutte le condizioni atmosferiche.<br \/>\nIl design pieghevole facilita la conservazione e il trasporto<br \/>\nPicchetti per il terreno inclusi<br \/>\nRestituisce le palline a una variet\u00e0 di angolazioni per esercitarsi nel lancio, nell'attacco e nel fielding.<br \/>\nIl telaio angolare si monta rapidamente e facilmente<\/p>","protected":false},"featured_media":1589,"template":"","meta":{"_gspb_post_css":""},"product_brand":[],"product_cat":[32],"product_tag":[],"class_list":{"0":"post-1601","1":"product","2":"type-product","3":"status-publish","4":"has-post-thumbnail","6":"product_cat-rebounder","8":"first","9":"instock","10":"shipping-taxable","11":"product-type-simple"},"_links":{"self":[{"href":"https:\/\/fsportsnet.com\/it\/wp-json\/wp\/v2\/product\/1601","targetHints":{"allow":["GET"]}}],"collection":[{"href":"https:\/\/fsportsnet.com\/it\/wp-json\/wp\/v2\/product"}],"about":[{"href":"https:\/\/fsportsnet.com\/it\/wp-json\/wp\/v2\/types\/product"}],"wp:featuredmedia":[{"embeddable":true,"href":"https:\/\/fsportsnet.com\/it\/wp-json\/wp\/v2\/media\/1589"}],"wp:attachment":[{"href":"https:\/\/fsportsnet.com\/it\/wp-json\/wp\/v2\/media?parent=1601"}],"wp:term":[{"taxonomy":"product_brand","embeddable":true,"href":"https:\/\/fsportsnet.com\/it\/wp-json\/wp\/v2\/product_brand?post=1601"},{"taxonomy":"product_cat","embeddable":true,"href":"https:\/\/fsportsnet.com\/it\/wp-json\/wp\/v2\/product_cat?post=1601"},{"taxonomy":"product_tag","embeddable":true,"href":"https:\/\/fsportsnet.com\/it\/wp-json\/wp\/v2\/product_tag?post=1601"}],"curies":[{"name":"wp","href":"https:\/\/api.w.org\/{rel}","templated":true}]}}