{"id":1603,"date":"2023-04-27T10:29:50","date_gmt":"2023-04-27T02:29:50","guid":{"rendered":"https:\/\/fsportsnet.com\/?post_type=product&#038;p=1603"},"modified":"2023-04-27T10:55:14","modified_gmt":"2023-04-27T02:55:14","slug":"pitch-back-baseball-rebounder-net-softball-baseball-bounce-back-net","status":"publish","type":"product","link":"https:\/\/fsportsnet.com\/it\/product\/pitch-back-baseball-rebounder-net-softball-baseball-bounce-back-net\/","title":{"rendered":"Rete rimbalzante Pitch Back Baseball Rete rimbalzante Softball\/Baseball"},"content":{"rendered":"<div id=\"featurebullets_feature_div\" class=\"celwidget\" data-feature-name=\"featurebullets\" data-csa-c-type=\"widget\" data-csa-c-content-id=\"featurebullets\" data-csa-c-slot-id=\"featurebullets_feature_div\" data-csa-c-asin=\"B00VUMGYLQ\" data-csa-c-is-in-initial-active-row=\"false\" data-csa-c-id=\"r02nsd-ek31ro-15bazj-k71de6\" data-cel-widget=\"featurebullets_feature_div\">\n<div id=\"feature-bullets\" class=\"a-section a-spacing-medium a-spacing-top-small\">\n<ul class=\"a-unordered-list a-vertical a-spacing-mini\">\n<li>Dimensione: 6\u00d74\u2032<br \/>\nAltezza regolabile: 113\/136\/157\/172cm<br \/>\nTelaio: Tubo metallico quadrato da 1\u201d di diametro e 1,0 mm di spessore.<br \/>\nRete: PE 30 strati 1,75\u2033 rete annodata ritorta<br \/>\nGancio per corda elastica: 28 pezzi<br \/>\nImballaggio: Ogni set in un cartone K=K, 94x24x10cm, NW 7kg<\/li>\n<li>\n<h1 class=\"a-size-base-plus a-text-bold\">Informazioni su questo articolo<\/h1>\n<ul class=\"a-unordered-list a-vertical a-spacing-mini\">\n<li>\n<div id=\"featurebullets_feature_div\" class=\"celwidget\" data-feature-name=\"featurebullets\" data-csa-c-type=\"widget\" data-csa-c-content-id=\"featurebullets\" data-csa-c-slot-id=\"featurebullets_feature_div\" data-csa-c-asin=\"B0B2J8KKZ2\" data-csa-c-is-in-initial-active-row=\"false\" data-csa-c-id=\"qda9rz-af8e7w-31fb81-8p0mr8\" data-cel-widget=\"featurebullets_feature_div\">\n<div id=\"feature-bullets\" class=\"a-section a-spacing-medium a-spacing-top-small\">\n<ul class=\"a-unordered-list a-vertical a-spacing-mini\">\n<li><span class=\"a-list-item\">\u00c8 un ausilio di allenamento essenziale: molto robusto e durevole, \u00e8 perfetto per il lancio e la presa! Progettato per essere un compagno di allenamento individuale per i lanci di baseball e softball.<\/span><\/li>\n<li><span class=\"a-list-item\">La regolazione auto-allineante a pulsante rende l'installazione semplice e senza problemi. La regolazione rapida della rete e l'innovativa maniglia a strappo consentono di passare facilmente da un'angolazione all'altra; \u00e8 ideale per mettere in campo palle a terra, simulare pop flies e drive dal vivo, lanciare, prendere e molto altro ancora!<\/span><\/li>\n<li><span class=\"a-list-item\">DUREVOLE TELAIO IN ACCIAIO: costruito con una robusta struttura in acciaio e rete a maglie che fa rimbalzare la palla dopo ogni lancio, il montaggio di bulloni a carrello per impieghi gravosi elimina le vibrazioni e i ganci protetti da rete assicurano un uso prolungato all'aperto.<\/span><\/li>\n<li><span class=\"a-list-item\">\ud83c\udf81 FA UN GRANDE REGALO PER GLI AMANTI DEL BASEBALL :Qualsiasi sesso, qualsiasi et\u00e0, dai 6 anni ai 20+ Possono gestire il proprio livello di abilit\u00e0, lanciare forte o piano, cambiare direzione come in una palla al volo o una palla a terra, si adatta totalmente alle nostre esigenze e li porta all'esterno in una quantit\u00e0 relativamente piccola di spazio e permette loro di fare esercizio fisico e attivit\u00e0 di costruzione di abilit\u00e0.<\/span><\/li>\n<li><span class=\"a-list-item\">\ud83d\ude0aFacile da piegare e da riporre: il design leggero e portatile del telaio posteriore lo rende facile da portare in viaggio. Si piega in piano per essere riposto in modo facile e veloce.<\/span><\/li>\n<\/ul>\n<\/div>\n<\/div>\n<div id=\"provenanceCertifications_feature_div\" class=\"celwidget\" data-feature-name=\"provenanceCertifications\" data-csa-c-type=\"widget\" data-csa-c-content-id=\"provenanceCertifications\" data-csa-c-slot-id=\"provenanceCertifications_feature_div\" data-csa-c-asin=\"B0B2J8KKZ2\" data-csa-c-is-in-initial-active-row=\"false\" data-csa-c-id=\"b7t4e5-ojg1lt-tufzka-eqicxf\" data-cel-widget=\"provenanceCertifications_feature_div\"><\/div>\n<div id=\"serviceCapabilities_feature_div\" class=\"celwidget\" data-feature-name=\"serviceCapabilities\" data-csa-c-type=\"widget\" data-csa-c-content-id=\"serviceCapabilities\" data-csa-c-slot-id=\"serviceCapabilities_feature_div\" data-csa-c-asin=\"B0B2J8KKZ2\" data-csa-c-is-in-initial-active-row=\"false\" data-csa-c-id=\"alaz1v-tu9j3l-cr60xr-o2fhur\" data-cel-widget=\"serviceCapabilities_feature_div\"><\/div>\n<\/li>\n<\/ul>\n<\/li>\n<li><\/li>\n<\/ul>\n<\/div>\n<\/div>","protected":false},"excerpt":{"rendered":"<p>Caratteristiche e specifiche:<\/p>\n<p>La robusta rete di rimbalzo dell'allenatore migliora il lancio e il tiro in campo<br \/>\nAngoli di pitchback regolabili per pop flies, line drive e grounders<br \/>\nStruttura robusta e durevole con telaio in metallo e rete per tutte le condizioni atmosferiche.<br \/>\nIl design pieghevole facilita la conservazione e il trasporto<br \/>\nPicchetti per il terreno inclusi<br \/>\nRestituisce le palline a una variet\u00e0 di angolazioni per esercitarsi nel lancio, nell'attacco e nel fielding.<br \/>\nIl telaio angolare si monta rapidamente e facilmente<\/p>","protected":false},"featured_media":1604,"template":"","meta":{"_gspb_post_css":""},"product_brand":[],"product_cat":[32],"product_tag":[],"class_list":{"0":"post-1603","1":"product","2":"type-product","3":"status-publish","4":"has-post-thumbnail","6":"product_cat-rebounder","8":"first","9":"instock","10":"shipping-taxable","11":"product-type-simple"},"_links":{"self":[{"href":"https:\/\/fsportsnet.com\/it\/wp-json\/wp\/v2\/product\/1603","targetHints":{"allow":["GET"]}}],"collection":[{"href":"https:\/\/fsportsnet.com\/it\/wp-json\/wp\/v2\/product"}],"about":[{"href":"https:\/\/fsportsnet.com\/it\/wp-json\/wp\/v2\/types\/product"}],"wp:featuredmedia":[{"embeddable":true,"href":"https:\/\/fsportsnet.com\/it\/wp-json\/wp\/v2\/media\/1604"}],"wp:attachment":[{"href":"https:\/\/fsportsnet.com\/it\/wp-json\/wp\/v2\/media?parent=1603"}],"wp:term":[{"taxonomy":"product_brand","embeddable":true,"href":"https:\/\/fsportsnet.com\/it\/wp-json\/wp\/v2\/product_brand?post=1603"},{"taxonomy":"product_cat","embeddable":true,"href":"https:\/\/fsportsnet.com\/it\/wp-json\/wp\/v2\/product_cat?post=1603"},{"taxonomy":"product_tag","embeddable":true,"href":"https:\/\/fsportsnet.com\/it\/wp-json\/wp\/v2\/product_tag?post=1603"}],"curies":[{"name":"wp","href":"https:\/\/api.w.org\/{rel}","templated":true}]}}