{"id":1612,"date":"2023-04-27T10:55:26","date_gmt":"2023-04-27T02:55:26","guid":{"rendered":"https:\/\/fsportsnet.com\/?post_type=product&#038;p=1612"},"modified":"2023-04-27T11:17:57","modified_gmt":"2023-04-27T03:17:57","slug":"sports-baseball-rebounder-net-3-way-baseball-softball-pitchback-net","status":"publish","type":"product","link":"https:\/\/fsportsnet.com\/it\/product\/sports-baseball-rebounder-net-3-way-baseball-softball-pitchback-net\/","title":{"rendered":"Sport Baseball Rebounder Net 3-Way Baseball Softball Pitchback Net"},"content":{"rendered":"<div id=\"featurebullets_feature_div\" class=\"celwidget\" data-feature-name=\"featurebullets\" data-csa-c-type=\"widget\" data-csa-c-content-id=\"featurebullets\" data-csa-c-slot-id=\"featurebullets_feature_div\" data-csa-c-asin=\"B00VUMGYLQ\" data-csa-c-is-in-initial-active-row=\"false\" data-csa-c-id=\"r02nsd-ek31ro-15bazj-k71de6\" data-cel-widget=\"featurebullets_feature_div\">\n<div id=\"feature-bullets\" class=\"a-section a-spacing-medium a-spacing-top-small\">\n<ul class=\"a-unordered-list a-vertical a-spacing-mini\">\n<li>1. Dimensioni: 55 pollici<br \/>\n2. Tubo in acciaio: \u03a619\u00d70,6 mm<br \/>\n3. Rete: rete PE a 24 strati<br \/>\n4. N.W 2,72 kg, G.W 2,95 kg<br \/>\n5. Dimensione dell'imballaggio: 21,54\u00d712,8\u00d73,35\u201d.\u201d<\/li>\n<li>\n<h1 class=\"a-size-base-plus a-text-bold\">Informazioni su questo articolo<\/h1>\n<ul class=\"a-unordered-list a-vertical a-spacing-mini\">\n<li>\n<div id=\"featurebullets_feature_div\" class=\"celwidget\" data-feature-name=\"featurebullets\" data-csa-c-type=\"widget\" data-csa-c-content-id=\"featurebullets\" data-csa-c-slot-id=\"featurebullets_feature_div\" data-csa-c-asin=\"B0B2J8KKZ2\" data-csa-c-is-in-initial-active-row=\"false\" data-csa-c-id=\"qda9rz-af8e7w-31fb81-8p0mr8\" data-cel-widget=\"featurebullets_feature_div\">\n<div id=\"feature-bullets\" class=\"a-section a-spacing-medium a-spacing-top-small\">\n<ul class=\"a-unordered-list a-vertical a-spacing-mini\">\n<li><span class=\"a-list-item\">RITORNO MULTI ANGOLO: questo pitch back \u00e8 costruito con un telaio multi angolo per produrre pop flies, grounders e line drives.<\/span><\/li>\n<li><span class=\"a-list-item\">ZONA DI STRIKE FACILE DA ATTACCARE: Per migliorare la precisione e le abilit\u00e0 di lancio, \u00e8 sufficiente fissare lo strike z1 all'altezza desiderata. Non \u00e8 necessario un ricevitore, basta indietreggiare e colpire il bersaglio.<\/span><\/li>\n<li><span class=\"a-list-item\">COSTRUZIONE IN ACCIAIO PER TUTTE LE TEMPERATURE: Costruito con 3\/4 pollici di tubature in acciaio resistente alle intemperie per garantire che possa resistere all'uso intenso anno dopo anno.<\/span><\/li>\n<li><span class=\"a-list-item\">RETE PER IMPIEGHI GRAVOSI: La rete in PE a 24 strati \u00e8 progettata per rimanere ben salda e garantire un rimbalzo affidabile e costante, sessione dopo sessione.<\/span><\/li>\n<li><span class=\"a-list-item\">PERFETTO PER IL BASEBALL GIOVANILE: questo rimbalzatore \u00e8 lo strumento di allenamento perfetto per i piccoli leaguer che vogliono esercitarsi con lanci, lanci, campi e altro ancora.<\/span><\/li>\n<li><\/li>\n<\/ul>\n<\/div>\n<\/div>\n<div id=\"provenanceCertifications_feature_div\" class=\"celwidget\" data-feature-name=\"provenanceCertifications\" data-csa-c-type=\"widget\" data-csa-c-content-id=\"provenanceCertifications\" data-csa-c-slot-id=\"provenanceCertifications_feature_div\" data-csa-c-asin=\"B0B2J8KKZ2\" data-csa-c-is-in-initial-active-row=\"false\" data-csa-c-id=\"b7t4e5-ojg1lt-tufzka-eqicxf\" data-cel-widget=\"provenanceCertifications_feature_div\"><\/div>\n<div id=\"serviceCapabilities_feature_div\" class=\"celwidget\" data-feature-name=\"serviceCapabilities\" data-csa-c-type=\"widget\" data-csa-c-content-id=\"serviceCapabilities\" data-csa-c-slot-id=\"serviceCapabilities_feature_div\" data-csa-c-asin=\"B0B2J8KKZ2\" data-csa-c-is-in-initial-active-row=\"false\" data-csa-c-id=\"alaz1v-tu9j3l-cr60xr-o2fhur\" data-cel-widget=\"serviceCapabilities_feature_div\"><\/div>\n<\/li>\n<\/ul>\n<\/li>\n<li><\/li>\n<\/ul>\n<\/div>\n<\/div>","protected":false},"excerpt":{"rendered":"<ul class=\"a-unordered-list a-vertical\">\n<li><span class=\"a-list-item\"><span class=\"a-size-base\">\u00c8 un perfetto strumento di allenamento individuale per chi ama il baseball, il softball, ecc.<\/span><\/span><\/li>\n<li><span class=\"a-list-item\"><span class=\"a-size-base\">Quando non viene utilizzato, pu\u00f2 essere ripiegato e riposto in garage senza occupare spazio.<\/span><\/span><\/li>\n<li><span class=\"a-list-item\"><span class=\"a-size-base\">La struttura semplice rende l'installazione di questa rete da rimbalzo molto agevole, senza richiedere troppo tempo e manodopera.<\/span><\/span><\/li>\n<li><span class=\"a-list-item\"><span class=\"a-size-base\">Questa rete di rimbalzo pitchback \u00e8 adatta a persone di diverse et\u00e0.<\/span><\/span><\/li>\n<li><span class=\"a-list-item\"><span class=\"a-size-base\">Il tipo rosso pu\u00f2 portare il piacere di essere in gioco.<\/span><\/span><\/li>\n<\/ul>","protected":false},"featured_media":1617,"template":"","meta":{"_gspb_post_css":""},"product_brand":[],"product_cat":[32],"product_tag":[],"class_list":{"0":"post-1612","1":"product","2":"type-product","3":"status-publish","4":"has-post-thumbnail","6":"product_cat-rebounder","8":"first","9":"instock","10":"shipping-taxable","11":"product-type-simple"},"_links":{"self":[{"href":"https:\/\/fsportsnet.com\/it\/wp-json\/wp\/v2\/product\/1612","targetHints":{"allow":["GET"]}}],"collection":[{"href":"https:\/\/fsportsnet.com\/it\/wp-json\/wp\/v2\/product"}],"about":[{"href":"https:\/\/fsportsnet.com\/it\/wp-json\/wp\/v2\/types\/product"}],"wp:featuredmedia":[{"embeddable":true,"href":"https:\/\/fsportsnet.com\/it\/wp-json\/wp\/v2\/media\/1617"}],"wp:attachment":[{"href":"https:\/\/fsportsnet.com\/it\/wp-json\/wp\/v2\/media?parent=1612"}],"wp:term":[{"taxonomy":"product_brand","embeddable":true,"href":"https:\/\/fsportsnet.com\/it\/wp-json\/wp\/v2\/product_brand?post=1612"},{"taxonomy":"product_cat","embeddable":true,"href":"https:\/\/fsportsnet.com\/it\/wp-json\/wp\/v2\/product_cat?post=1612"},{"taxonomy":"product_tag","embeddable":true,"href":"https:\/\/fsportsnet.com\/it\/wp-json\/wp\/v2\/product_tag?post=1612"}],"curies":[{"name":"wp","href":"https:\/\/api.w.org\/{rel}","templated":true}]}}