{"id":1649,"date":"2023-04-27T16:33:10","date_gmt":"2023-04-27T08:33:10","guid":{"rendered":"https:\/\/fsportsnet.com\/?post_type=product&#038;p=1649"},"modified":"2023-04-27T21:22:08","modified_gmt":"2023-04-27T13:22:08","slug":"football-training-rebounder-net-double","status":"publish","type":"product","link":"https:\/\/fsportsnet.com\/it\/product\/football-training-rebounder-net-double\/","title":{"rendered":"Rete di rimbalzo per allenamento di calcio doppia"},"content":{"rendered":"<div id=\"featurebullets_feature_div\" class=\"celwidget\" data-feature-name=\"featurebullets\" data-csa-c-type=\"widget\" data-csa-c-content-id=\"featurebullets\" data-csa-c-slot-id=\"featurebullets_feature_div\" data-csa-c-asin=\"B00VUMGYLQ\" data-csa-c-is-in-initial-active-row=\"false\" data-csa-c-id=\"r02nsd-ek31ro-15bazj-k71de6\" data-cel-widget=\"featurebullets_feature_div\">\n<div id=\"feature-bullets\" class=\"a-section a-spacing-medium a-spacing-top-small\">\n<ul class=\"a-unordered-list a-vertical a-spacing-mini\">\n<li>1. Dimensioni complessive del rebounder - 2,5ftx2,5ft, 3ft x 3ft<br \/>\n2.Rete di rimbalzo: rete in poliestere da 1,75\u201d a 7 strati<br \/>\n3.Telaio del rebounder: \u00f825,4x 1,0mm acciaio verniciato a polvere nero lucido<\/li>\n<\/ul>\n<h1 class=\"a-size-base-plus a-text-bold\">Informazioni su questo articolo<\/h1>\n<ul class=\"a-unordered-list a-vertical a-spacing-mini\">\n<li><span class=\"a-list-item\">Recentemente aggiornato! TELAIO IN FERRO SPESSO e RETE SPESSA per garantire che questo articolo non cada a pezzi dopo i calci\/colpi pesanti. Pu\u00f2 essere utilizzato per calcio, baseball, basket, \u00e8 molto robusto e durevole.<\/span><\/li>\n<li><span class=\"a-list-item\">Perfetto per migliorare l'abilit\u00e0 multipla: contribuisce alle esercitazioni di reazione, alla reattivit\u00e0 rapida e stretta. Ideale per esercitarsi da soli.<\/span><\/li>\n<li><span class=\"a-list-item\">STRUMENTO DI ALLENAMENTO PROFESSIONALE - Il Rebounder \u00e8 dotato di una rete di rimbalzo ad alta tensione. Progettato per i giocatori che si allenano insieme o da soli, per migliorare la precisione e l'abilit\u00e0 in tutti gli aspetti del gioco.<\/span><\/li>\n<li><span class=\"a-list-item\">PANNELLO REGOLABILE MULTIANGOLO INNOVATIVO - Crea un ambiente di allenamento pi\u00f9 realistico di qualsiasi altro rebounder sul mercato.<\/span><\/li>\n<li><span class=\"a-list-item\">Sia per i bambini piccoli che per gli adolescenti\u3011 \u00c8 un ottimo regalo per i bambini. La rete di rimbalzo pu\u00f2 essere utilizzata da grandi fasce d'et\u00e0. Dimensioni della rete in 2.5ftx2.5ft o 3ft x 3ft<\/span><\/li>\n<\/ul>\n<\/div>\n<\/div>","protected":false},"excerpt":{"rendered":"<ul class=\"a-unordered-list a-vertical\">\n<li>Descrizione del prodotto<br \/>\nDimensioni ideali per uso interno o esterno e comodo da portare in spiaggia o al parco. Presenta lo stesso telaio e gli stessi componenti per impieghi gravosi del modello Professional. L'opzione portatile da interno\/esterno per gli sportivi seri e in via di sviluppo \u00e8 dotata di un'area di rimbalzo pi\u00f9 ampia.<br \/>\nComode dimensioni per l'uso all'interno o all'esterno: portatelo in spiaggia o al parco per un sacco di divertimento. Modello perfetto per avviare i pi\u00f9 piccoli verso una vita di sano divertimento attivo.<br \/>\nRIMBALZATORE RESISTENTE: Il rebounder \u00e8 dotato di una rete di rimbalzo ad alta tensione e di un robusto telaio in acciaio, progettato per essere utilizzato da scuole, college e campi da calcio.<\/li>\n<\/ul>","protected":false},"featured_media":1643,"template":"","meta":{"_gspb_post_css":""},"product_brand":[],"product_cat":[32],"product_tag":[],"class_list":{"0":"post-1649","1":"product","2":"type-product","3":"status-publish","4":"has-post-thumbnail","6":"product_cat-rebounder","8":"first","9":"instock","10":"shipping-taxable","11":"product-type-simple"},"_links":{"self":[{"href":"https:\/\/fsportsnet.com\/it\/wp-json\/wp\/v2\/product\/1649","targetHints":{"allow":["GET"]}}],"collection":[{"href":"https:\/\/fsportsnet.com\/it\/wp-json\/wp\/v2\/product"}],"about":[{"href":"https:\/\/fsportsnet.com\/it\/wp-json\/wp\/v2\/types\/product"}],"wp:featuredmedia":[{"embeddable":true,"href":"https:\/\/fsportsnet.com\/it\/wp-json\/wp\/v2\/media\/1643"}],"wp:attachment":[{"href":"https:\/\/fsportsnet.com\/it\/wp-json\/wp\/v2\/media?parent=1649"}],"wp:term":[{"taxonomy":"product_brand","embeddable":true,"href":"https:\/\/fsportsnet.com\/it\/wp-json\/wp\/v2\/product_brand?post=1649"},{"taxonomy":"product_cat","embeddable":true,"href":"https:\/\/fsportsnet.com\/it\/wp-json\/wp\/v2\/product_cat?post=1649"},{"taxonomy":"product_tag","embeddable":true,"href":"https:\/\/fsportsnet.com\/it\/wp-json\/wp\/v2\/product_tag?post=1649"}],"curies":[{"name":"wp","href":"https:\/\/api.w.org\/{rel}","templated":true}]}}