{"id":1651,"date":"2023-04-27T21:36:26","date_gmt":"2023-04-27T13:36:26","guid":{"rendered":"https:\/\/fsportsnet.com\/?post_type=product&#038;p=1651"},"modified":"2023-04-27T21:44:17","modified_gmt":"2023-04-27T13:44:17","slug":"sports-baseball-rebounders-pitchback-nest-pitch-return-trainer","status":"publish","type":"product","link":"https:\/\/fsportsnet.com\/it\/product\/sports-baseball-rebounders-pitchback-nest-pitch-return-trainer\/","title":{"rendered":"Sport Baseball Rebounders Pitchback Nest Pitch Return Trainer"},"content":{"rendered":"<h4 class=\"a-size-base-plus a-text-bold\">Informazioni su questo articolo<\/h4>\n<ul class=\"a-unordered-list a-vertical a-spacing-mini\">\n<li><span class=\"a-list-item\">RETE PER TUTTE LE STAGIONI: N\u00e9 le piogge primaverili n\u00e9 il caldo estivo possono distruggere o strappare la resistente rete per tutte le stagioni di questo allenatore di baseball. Esercitate le abilit\u00e0 di ritorno al baseball con facilit\u00e0 e maggiore precisione grazie a una rete pitchback che dura nel tempo.<\/span><\/li>\n<li><span class=\"a-list-item\">UNICO DESIGN CURVO: aiuta il bambino a praticare le tecniche di gioco senza dover ricorrere a qualcun altro per colpire pop-up o grounder. Aiutate i bambini ad apprendere rapidamente le tecniche di gioco, lasciando loro la libert\u00e0 di trascorrere ore e ore all'aperto con questo allenatore di baseball.<\/span><\/li>\n<li><span class=\"a-list-item\">ANGOLI REGOLABILI: le gambe curve e regolabili consentono di ottenere i massimi angoli di ritorno per migliorare le prestazioni in allenamento e sul campo. Perch\u00e9 investire centinaia di euro in una macchina da lancio quando si pu\u00f2 ottenere un valore maggiore con l'allenatore di ritorno Franklin?<\/span><\/li>\n<li><span class=\"a-list-item\">TELAIO IN ACCIAIO RESISTENTE: Sebbene questa rete per l'allenamento del baseball sia progettata per tutti i tipi di tempo, \u00e8 possibile ripiegare la resistente struttura in acciaio per riporla facilmente quando non viene utilizzata. Godetevi anni di allenamenti affidabili con questa rete da pitching<\/span><\/li>\n<li><span class=\"a-list-item\">PRATICARE LE TECNICHE DI CAMPO: sia i bambini che gli adulti si divertiranno a utilizzare questa rete flyback robusta, solida e affidabile. Oltre alla struttura in acciaio, \u00e8 dotata di picchetti per una maggiore stabilit\u00e0, lancio dopo lancio.<\/span><\/li>\n<\/ul>","protected":false},"excerpt":{"rendered":"<ul class=\"a-unordered-list a-vertical\">\n<li>\n<h4 class=\"default\">Descrizione del prodotto<\/h4>\n<div id=\"productDescription\" class=\"a-section a-spacing-small\">\n<p>Perfetta per la pratica del fielding, questa rete per l'allenamento del baseball consente a bambini e adulti di affrontare pop flies, palle a terra e tutto ci\u00f2 che sta in mezzo con le giuste angolazioni. Dalla pratica del baseball a quella del softball, nessun altro allenatore di baseball offre una rete da lancio cos\u00ec affidabile e una struttura in acciaio per la massima affidabilit\u00e0 e resistenza, giorno dopo giorno.<\/p>\n<p>Ora i bambini possono allenarsi con una macchina per il lancio del baseball che consente loro di affinare le proprie abilit\u00e0 in modo indipendente. Questa rete di rimbalzo per il baseball, adatta a tutte le stagioni, offre un allenamento sul campo pi\u00f9 efficace di una macchina da lancio, pur consentendo un allenamento e un miglioramento costanti. Disponibile in due misure, 68 x 48 e 68 x 44, questa rete di rinvio per il baseball pu\u00f2 essere facilmente collocata in un cortile, in un patio o in qualsiasi spazio aperto.<\/p>\n<p>Migliorate le capacit\u00e0 di cattura con una rete da baseball che consente di allenarsi con i lanci. Non perdete tempo con una rete da baseball di qualit\u00e0 inferiore che si deforma o si strappa. Scoprite perch\u00e9 l'allenatore di ritorno Franklin offre il miglior valore e la pi\u00f9 alta qualit\u00e0!<\/p>\n<\/div>\n<\/li>\n<\/ul>","protected":false},"featured_media":1635,"template":"","meta":{"_gspb_post_css":""},"product_brand":[],"product_cat":[32],"product_tag":[],"class_list":{"0":"post-1651","1":"product","2":"type-product","3":"status-publish","4":"has-post-thumbnail","6":"product_cat-rebounder","8":"first","9":"instock","10":"shipping-taxable","11":"product-type-simple"},"_links":{"self":[{"href":"https:\/\/fsportsnet.com\/it\/wp-json\/wp\/v2\/product\/1651","targetHints":{"allow":["GET"]}}],"collection":[{"href":"https:\/\/fsportsnet.com\/it\/wp-json\/wp\/v2\/product"}],"about":[{"href":"https:\/\/fsportsnet.com\/it\/wp-json\/wp\/v2\/types\/product"}],"wp:featuredmedia":[{"embeddable":true,"href":"https:\/\/fsportsnet.com\/it\/wp-json\/wp\/v2\/media\/1635"}],"wp:attachment":[{"href":"https:\/\/fsportsnet.com\/it\/wp-json\/wp\/v2\/media?parent=1651"}],"wp:term":[{"taxonomy":"product_brand","embeddable":true,"href":"https:\/\/fsportsnet.com\/it\/wp-json\/wp\/v2\/product_brand?post=1651"},{"taxonomy":"product_cat","embeddable":true,"href":"https:\/\/fsportsnet.com\/it\/wp-json\/wp\/v2\/product_cat?post=1651"},{"taxonomy":"product_tag","embeddable":true,"href":"https:\/\/fsportsnet.com\/it\/wp-json\/wp\/v2\/product_tag?post=1651"}],"curies":[{"name":"wp","href":"https:\/\/api.w.org\/{rel}","templated":true}]}}