{"id":1666,"date":"2023-04-29T13:48:26","date_gmt":"2023-04-29T05:48:26","guid":{"rendered":"https:\/\/fsportsnet.com\/?post_type=product&#038;p=1666"},"modified":"2023-04-29T13:48:57","modified_gmt":"2023-04-29T05:48:57","slug":"switch-ball-game-set-with-2-launch-mesh-nets-and-2-balls","status":"publish","type":"product","link":"https:\/\/fsportsnet.com\/it\/product\/switch-ball-game-set-with-2-launch-mesh-nets-and-2-balls\/","title":{"rendered":"Set di gioco con 2 reti di lancio e 2 palline"},"content":{"rendered":"<h4 class=\"a-size-base-plus a-text-bold\">Informazioni su questo articolo<\/h4>\n<ul class=\"a-unordered-list a-vertical a-spacing-mini\">\n<li class=\"a-spacing-mini\"><span class=\"a-list-item\">GIOCATTOLO DIVERTENTE: set di fling mono per bambini, ragazzi, famiglie e perfetto per l'interno e l'esterno, il cortile, la spiaggia e il gioco di coda o le sale ricreative.<\/span><\/li>\n<li class=\"a-spacing-mini\"><span class=\"a-list-item\">GRANDE SVILUPPO: questo gioco di lancio della palla \u00e8 un ottimo modo per sviluppare la coordinazione occhio-mano, rafforza i muscoli delle mani e delle braccia ed \u00e8 unico e divertente da giocare.<\/span><\/li>\n<li class=\"a-spacing-mini\"><span class=\"a-list-item\">I giochi all'aperto mantengono i bambini attivi: aiutano i bambini a diventare pi\u00f9 attivi e socialmente abili: non solo i bambini migliorano le loro capacit\u00e0 relazionali, ma imparano lezioni preziose sullo spirito di squadra e sulla sana competizione: un bambino pu\u00f2 imparare che la cosa pi\u00f9 importante \u00e8 la sana competizione piuttosto che la vittoria.<\/span><\/li>\n<li class=\"a-spacing-mini\"><span class=\"a-list-item\">GIOCHI PER BAMBINI: possono aiutare a incanalare positivamente le energie fisiche e mentali di un bambino, i giochi per bambini possono anche aiutare un bambino a migliorare le capacit\u00e0 di concentrazione e insegnare l'importanza di portare a termine un compito: possono migliorare la propria autostima.<\/span><\/li>\n<li class=\"a-spacing-mini\"><span class=\"a-list-item\">CONTENUTO: 2 reti da lancio, 1 palla da tennis, 1 palla da sottaceto<\/span><\/li>\n<li>Ogni giocatore ha a disposizione una rete e serve una sola palla. Si inizia a passare la palla all'altro giocatore facendo scorrere la rete verso l'esterno e spingendo la palla in aria verso la direzione dell'altro giocatore, che la prender\u00e0 nella sua rete o la far\u00e0 rimbalzare sulla sua rete e la riporter\u00e0 a voi. \u00c8 possibile giocare in modo competitivo o in squadra e cercare di ottenere un nuovo punteggio massimo.Ragazzo che gioca a Mono Fling Switch Ball in spiaggia sotto il sole estivo con gli amici<br \/>\nNuovo gioco - Nuove abilit\u00e0!<br \/>\nQuesto \u00e8 un gioco fantastico se siete alla ricerca di qualcosa di nuovo come giocattolo da esterno. All'inizio c'\u00e8 un po' di curva di apprendimento, ma dopo circa 10 minuti scoprirete che \u00e8 abbastanza intuitivo ed estremamente divertente! I normali giochi con la palla, in cui ci si passa semplicemente qualcosa avanti e indietro, possono essere troppo facili e dopo 10 minuti possono risultare davvero noiosi e trascinanti. Tuttavia, Switch Ball \u00e8 fantastico perch\u00e9 non si tratta solo di una palla. Il tempismo, la coordinazione occhio-mano e la motricit\u00e0 fine sono davvero richieste quando si gioca!<\/p>\n<p>Switch Ball Include, due palline, 2 reti<br \/>\nIl set comprende<br \/>\nSwitch Ball Mono Fling, include una pallina da tennis, una pallina da pickle, due reti per 2 giocatori e una valigetta per trasportare il tutto ovunque.<\/p>\n<p>Giocate praticamente ovunque, in spiaggia, al parco, nel cortile di casa vostra e molto altro ancora!<\/p>\n<p>Ragazza che gioca a mono fling Switch Ball al parco vicino all'acqua e si diverte con i suoi amici<br \/>\nIniziare una nuova mania<br \/>\nMono Fling Switch Ball \u00e8 una novit\u00e0 assoluta sul mercato e ha suscitato un grande entusiasmo nel corso dei mesi di creazione di questo prodotto unico nel suo genere! Non perdete tempo e provate il nostro nuovissimo set!<\/li>\n<\/ul>","protected":false},"excerpt":{"rendered":"<p>Switch Ball \u00e8 un gioco di palla completamente nuovo, simile al badminton, al tennis e alla palla a spicchi, tutto in uno!<\/p>","protected":false},"featured_media":1669,"template":"","meta":{"_gspb_post_css":""},"product_brand":[],"product_cat":[35,40],"product_tag":[],"class_list":{"0":"post-1666","1":"product","2":"type-product","3":"status-publish","4":"has-post-thumbnail","6":"product_cat-multi-sports-net","7":"product_cat-outdoor-net","9":"first","10":"instock","11":"shipping-taxable","12":"product-type-simple"},"_links":{"self":[{"href":"https:\/\/fsportsnet.com\/it\/wp-json\/wp\/v2\/product\/1666","targetHints":{"allow":["GET"]}}],"collection":[{"href":"https:\/\/fsportsnet.com\/it\/wp-json\/wp\/v2\/product"}],"about":[{"href":"https:\/\/fsportsnet.com\/it\/wp-json\/wp\/v2\/types\/product"}],"wp:featuredmedia":[{"embeddable":true,"href":"https:\/\/fsportsnet.com\/it\/wp-json\/wp\/v2\/media\/1669"}],"wp:attachment":[{"href":"https:\/\/fsportsnet.com\/it\/wp-json\/wp\/v2\/media?parent=1666"}],"wp:term":[{"taxonomy":"product_brand","embeddable":true,"href":"https:\/\/fsportsnet.com\/it\/wp-json\/wp\/v2\/product_brand?post=1666"},{"taxonomy":"product_cat","embeddable":true,"href":"https:\/\/fsportsnet.com\/it\/wp-json\/wp\/v2\/product_cat?post=1666"},{"taxonomy":"product_tag","embeddable":true,"href":"https:\/\/fsportsnet.com\/it\/wp-json\/wp\/v2\/product_tag?post=1666"}],"curies":[{"name":"wp","href":"https:\/\/api.w.org\/{rel}","templated":true}]}}