{"id":45591,"date":"2025-03-01T07:45:53","date_gmt":"2025-03-01T07:45:53","guid":{"rendered":"https:\/\/fsportsnet.com\/?post_type=product&#038;p=45591"},"modified":"2025-03-01T07:50:00","modified_gmt":"2025-03-01T07:50:00","slug":"softball-baseball-batting-cage-netting-heavy-duty-pe-pitching-batting-net-one-piece-square-practice-portable-pitching-cage-net-w-bag-net-only","status":"publish","type":"product","link":"https:\/\/fsportsnet.com\/it\/product\/softball-baseball-batting-cage-netting-heavy-duty-pe-pitching-batting-net-one-piece-square-practice-portable-pitching-cage-net-w-bag-net-only\/","title":{"rendered":"Softball Baseball Batting Cage Netting Heavy Duty PE Pitching Batting Net, un pezzo quadrato pratica portatile Pitching Cage Net w \/ borsa (solo rete)"},"content":{"rendered":"<p>Informazioni su questo articolo<br \/>\nGabbia di battuta durevole e di grandi dimensioni: questa rete di gabbia di battuta per il baseball di alta qualit\u00e0 \u00e8 una scelta eccellente per le attrezzature di allenamento per il baseball e il softball. Con una dimensione di 35x10x10FT, \u00e8 perfetta per tutti gli appassionati di sport, i preparatori fisici e gli allenatori professionisti, in quanto offre un campo di allenamento esclusivo. Il suo design completamente chiuso elimina la preoccupazione che le palle volino via durante l'allenamento. Adatto sia per uso interno che esterno. Nota: i pali e la struttura non sono inclusi.<br \/>\nRete dal design integrato: Progettata specificamente per le gabbie di battuta da baseball, questa rete in un unico pezzo sostituisce le gabbie da baseball quadrate. Il suo design completamente chiuso evita il fastidio di dover cercare le palle vaganti, rendendola ideale per esercitarsi nella battuta e nel lancio, consentendo di migliorare notevolmente le abilit\u00e0 di battuta o di lancio.<br \/>\nRete di alta qualit\u00e0: Realizzata in materiale PE, questa rete per gabbie da battuta vanta un'eccellente resistenza agli agenti atmosferici, utilizzabile in qualsiasi condizione. \u00c8 resistente all'usura e alla corrosione, antivento e antipioggia e previene efficacemente i danni del sole. Realizzata con una rete annodata a 30 fili, \u00e8 altamente durevole e garantisce una vita utile pi\u00f9 lunga. La rete \u00e8 spessa e resistente agli strappi, per resistere efficacemente all'impatto delle palle battute.<br \/>\nDesign umanizzato: Presenta una nuova porta della gabbia, che si apre e si chiude con ganci e passanti, facilitando l'ingresso e l'uscita degli atleti dal campo di allenamento. Questo design migliora l'esperienza di allenamento e la rete della gabbia di battuta \u00e8 adatta ad atleti di tutte le et\u00e0.<br \/>\nFacile da installare: Questa gabbia per l'allenamento di baseball e softball pu\u00f2 essere installata con successo da due sole persone, grazie alla sua struttura semplice e alle istruzioni chiare. Facile da montare in una sola volta. Viene fornita con una borsa per riporla, che la rende facile da spostare e ideale per il trasporto in campi sportivi al chiuso o all'aperto.<\/p>","protected":false},"excerpt":{"rendered":"<p>Possibilit\u00e0 di formazione illimitate<br \/>\nProvate la versatilit\u00e0 della gabbia di battuta per baseball e softball. Compatibile con un'ampia gamma di palline, tra cui palle da baseball, da golf, da tennis e volani da badminton, questa rete soddisfa tutte le esigenze di allenamento. Che vi stiate allenando al chiuso o all'aperto, questa rete vi copre. Dite addio alle limitazioni e liberate tutto il vostro potenziale con questo eccezionale strumento di allenamento.<\/p>","protected":false},"featured_media":45598,"template":"","meta":{"_gspb_post_css":""},"product_brand":[],"product_cat":[25],"product_tag":[28],"class_list":{"0":"post-45591","1":"product","2":"type-product","3":"status-publish","4":"has-post-thumbnail","6":"product_cat-baseball-net","7":"product_tag-baseball-net","9":"first","10":"instock","11":"shipping-taxable","12":"product-type-simple"},"_links":{"self":[{"href":"https:\/\/fsportsnet.com\/it\/wp-json\/wp\/v2\/product\/45591","targetHints":{"allow":["GET"]}}],"collection":[{"href":"https:\/\/fsportsnet.com\/it\/wp-json\/wp\/v2\/product"}],"about":[{"href":"https:\/\/fsportsnet.com\/it\/wp-json\/wp\/v2\/types\/product"}],"wp:featuredmedia":[{"embeddable":true,"href":"https:\/\/fsportsnet.com\/it\/wp-json\/wp\/v2\/media\/45598"}],"wp:attachment":[{"href":"https:\/\/fsportsnet.com\/it\/wp-json\/wp\/v2\/media?parent=45591"}],"wp:term":[{"taxonomy":"product_brand","embeddable":true,"href":"https:\/\/fsportsnet.com\/it\/wp-json\/wp\/v2\/product_brand?post=45591"},{"taxonomy":"product_cat","embeddable":true,"href":"https:\/\/fsportsnet.com\/it\/wp-json\/wp\/v2\/product_cat?post=45591"},{"taxonomy":"product_tag","embeddable":true,"href":"https:\/\/fsportsnet.com\/it\/wp-json\/wp\/v2\/product_tag?post=45591"}],"curies":[{"name":"wp","href":"https:\/\/api.w.org\/{rel}","templated":true}]}}