{"id":46506,"date":"2025-11-10T08:13:25","date_gmt":"2025-11-10T08:13:25","guid":{"rendered":"https:\/\/fsportsnet.com\/?post_type=product&#038;p=46506"},"modified":"2025-11-10T08:13:26","modified_gmt":"2025-11-10T08:13:26","slug":"adjustable-portable-badminton-volleyball-tennis-net-system","status":"publish","type":"product","link":"https:\/\/fsportsnet.com\/it\/product\/adjustable-portable-badminton-volleyball-tennis-net-system\/","title":{"rendered":"Sistema di rete portatile regolabile per badminton, pallavolo e tennis"},"content":{"rendered":"<p>il sistema di reti portatili regolabili per badminton, pallavolo e tennis offre un divertimento versatile per tutta la famiglia. i pali regolabili consentono di passare dall'altezza del badminton a quella della pallavolo e del tennis in pochi secondi. la rete resistente rimane ben tesa, mentre l'ampia base mantiene il telaio stabile su erba, sabbia o pavimenti interni. l'installazione non richiede l'uso di attrezzi e l'intero sistema si ripiega nella leggera borsa per il trasporto, per essere riposto e trasportato con facilit\u00e0. che si tratti di una partita in cortile, di una partita in spiaggia o di un allenamento in palestra, questa rete multisport consente di giocare in modo fluido, veloce e divertente per giocatori di tutte le et\u00e0 e di tutti i livelli.<\/p>","protected":false},"excerpt":{"rendered":"<p>godetevi un'infinit\u00e0 di giochi con questo sistema di reti portatili regolabili per il badminton, la pallavolo e il tennis. la rapidit\u00e0 di installazione, la robustezza del telaio e le opzioni di altezza lo rendono perfetto per tutte le et\u00e0 e gli spazi esterni.<\/p>","protected":false},"featured_media":46512,"template":"","meta":{"_gspb_post_css":""},"product_brand":[],"product_cat":[34],"product_tag":[102,98,101,56,77,103],"class_list":{"0":"post-46506","1":"product","2":"type-product","3":"status-publish","4":"has-post-thumbnail","6":"product_cat-badminton-net","7":"product_tag-adjustable-height","8":"product_tag-backyard-games","9":"product_tag-badminton-net","10":"product_tag-carry-bag-set","11":"product_tag-portable-sports-net","12":"product_tag-tennis-volleyball-combo","14":"first","15":"instock","16":"shipping-taxable","17":"product-type-simple"},"_links":{"self":[{"href":"https:\/\/fsportsnet.com\/it\/wp-json\/wp\/v2\/product\/46506","targetHints":{"allow":["GET"]}}],"collection":[{"href":"https:\/\/fsportsnet.com\/it\/wp-json\/wp\/v2\/product"}],"about":[{"href":"https:\/\/fsportsnet.com\/it\/wp-json\/wp\/v2\/types\/product"}],"wp:featuredmedia":[{"embeddable":true,"href":"https:\/\/fsportsnet.com\/it\/wp-json\/wp\/v2\/media\/46512"}],"wp:attachment":[{"href":"https:\/\/fsportsnet.com\/it\/wp-json\/wp\/v2\/media?parent=46506"}],"wp:term":[{"taxonomy":"product_brand","embeddable":true,"href":"https:\/\/fsportsnet.com\/it\/wp-json\/wp\/v2\/product_brand?post=46506"},{"taxonomy":"product_cat","embeddable":true,"href":"https:\/\/fsportsnet.com\/it\/wp-json\/wp\/v2\/product_cat?post=46506"},{"taxonomy":"product_tag","embeddable":true,"href":"https:\/\/fsportsnet.com\/it\/wp-json\/wp\/v2\/product_tag?post=46506"}],"curies":[{"name":"wp","href":"https:\/\/api.w.org\/{rel}","templated":true}]}}