{"id":571,"date":"2023-04-05T22:24:56","date_gmt":"2023-04-05T14:24:56","guid":{"rendered":"https:\/\/fsportsnet.com\/?post_type=product&#038;p=571"},"modified":"2023-04-25T11:38:30","modified_gmt":"2023-04-25T03:38:30","slug":"7x7-factory-wholesale-high-quality-portable-pitching-hitting-baseball-net","status":"publish","type":"product","link":"https:\/\/fsportsnet.com\/it\/product\/7x7-factory-wholesale-high-quality-portable-pitching-hitting-baseball-net\/","title":{"rendered":"7\u2032 X 7\u2032 Baseball Softball Practice Pitching Net Deluxe Tee Ball Caddy"},"content":{"rendered":"<p>1. Dimensioni complessive: 7 x 7\u2032.<br \/>\n2. Telaio: Tubo di ferro da 1\u2033 \u00d8 1,0 mm di spessore in vernice nera.<br \/>\n3. Palo: \u03a612,7 mm in fibra di vetro nera massiccia<br \/>\n4. Rete: Rete a 7 strati da 1,75\u2033 in poliestere nero senza nodi con legatura in tessuto 420D.<br \/>\n5. Materiale della valigia: Tessuto oxford 600D<br \/>\n6. Imballaggio: Ogni set in un cartone K=K, 114\u00d714,8\u00d714,8 cm.<br \/>\n7. G.W6.2kg, N.W 5.5kg<br \/>\n8. Pacchetto: 1 rete, 4 tubi metallici, 4 pali, 1 borsa per il trasporto, 4 picchetti a U, 1 istruzione A4.<\/p>\n<p>PACCHETTO PER ALLENATORI \u2019TUTTO IN UNO\"\u3011 7'x7\u2032 Baseball Softball Practice Net + Deluxe Tee (4.20 lbs) + Ball Caddy + 3 Pack Baseballs + Strike Zone Confezionato insieme per gli allenatori, la zona di strike designata rende pi\u00f9 facile la battuta, perfetta sia per i principianti che per i professionisti per esercitarsi; Questa rete di allenamento per baseball e softball \u00e8 ideale per l'allenamento in famiglia ed \u00e8 adatta per l'allenamento di squadra o da solo, fornir\u00e0 tutto il necessario per l'impostazione dell'allenamento sia all'aperto, nel cortile, nel cortile, nel prato o ovunque.<br \/>\nFACILE DA INSTALLARE E ULTRA PORTATILE \u3011 Facile da installare, la rete DLX 7\u2019x7\u2019 si installa in meno di 2 minuti. Include picchetti in acciaio per una maggiore stabilit\u00e0. La nostra rete da baseball si monta rapidamente e pu\u00f2 essere imballata in una borsa per il trasporto per una facile conservazione e collocazione, leggera per un facile trasporto.<br \/>\nTEE DELUXE \u3011 Ottimo per qualsiasi sessione di battute di lavoro con il Tee. Funziona per qualsiasi atleta, il tee da baseball \u00e8 regolabile in altezza da 13,8\u201d a 37,4\u201d per le diverse esigenze. Cerniera di aggiornamento e design portatile, si installa in pochi secondi, senza bisogno di attrezzi, completamente pieghevole. Lo stabile treppiede contiene fino a 50 palle da baseball o 30 palle da softball, quanto un secchio da 5 galloni. Altezza di 42\u201d, senza pi\u00f9 doversi piegare per afferrare una palla.<\/p>","protected":false},"excerpt":{"rendered":"<p>7\u2019x7\u2032 Baseball Softball Practice Net + Deluxe Tee (4.20 lbs) + Ball Caddy + 3 Pack Baseballs + Strike Zone Confezionati insieme per gli allenatori, la zona di strike designata rende pi\u00f9 facile la battuta, perfetta per i principianti e per i professionisti per esercitarsi; Questa rete di allenamento per baseball e softball \u00e8 ideale per l'allenamento in famiglia ed \u00e8 adatta per l'allenamento in squadra o da solo, fornir\u00e0 tutto il necessario per l'impostazione dell'allenamento sia all'aperto, nel cortile, nel cortile, nel prato o ovunque.<\/p>","protected":false},"featured_media":1430,"template":"","meta":{"_gspb_post_css":""},"product_brand":[],"product_cat":[25],"product_tag":[28],"class_list":{"0":"post-571","1":"product","2":"type-product","3":"status-publish","4":"has-post-thumbnail","6":"product_cat-baseball-net","7":"product_tag-baseball-net","9":"first","10":"instock","11":"shipping-taxable","12":"product-type-simple"},"_links":{"self":[{"href":"https:\/\/fsportsnet.com\/it\/wp-json\/wp\/v2\/product\/571","targetHints":{"allow":["GET"]}}],"collection":[{"href":"https:\/\/fsportsnet.com\/it\/wp-json\/wp\/v2\/product"}],"about":[{"href":"https:\/\/fsportsnet.com\/it\/wp-json\/wp\/v2\/types\/product"}],"wp:featuredmedia":[{"embeddable":true,"href":"https:\/\/fsportsnet.com\/it\/wp-json\/wp\/v2\/media\/1430"}],"wp:attachment":[{"href":"https:\/\/fsportsnet.com\/it\/wp-json\/wp\/v2\/media?parent=571"}],"wp:term":[{"taxonomy":"product_brand","embeddable":true,"href":"https:\/\/fsportsnet.com\/it\/wp-json\/wp\/v2\/product_brand?post=571"},{"taxonomy":"product_cat","embeddable":true,"href":"https:\/\/fsportsnet.com\/it\/wp-json\/wp\/v2\/product_cat?post=571"},{"taxonomy":"product_tag","embeddable":true,"href":"https:\/\/fsportsnet.com\/it\/wp-json\/wp\/v2\/product_tag?post=571"}],"curies":[{"name":"wp","href":"https:\/\/api.w.org\/{rel}","templated":true}]}}