{"id":926,"date":"2023-04-10T14:29:31","date_gmt":"2023-04-10T06:29:31","guid":{"rendered":"https:\/\/fsportsnet.com\/?post_type=product&#038;p=926"},"modified":"2023-04-10T14:33:34","modified_gmt":"2023-04-10T06:33:34","slug":"baseball-9-hole-pitching-net-target","status":"publish","type":"product","link":"https:\/\/fsportsnet.com\/it\/product\/baseball-9-hole-pitching-net-target\/","title":{"rendered":"Baseball 9 buche Rete di lancio Obiettivo"},"content":{"rendered":"<p>110x126cm<br \/>\n1. Tubo d'acciaio: \u03a61\u201d x 1,0 mm<br \/>\n2. Rete: Rete in poliestere da 1,5\u201d a 5 veli<br \/>\n3. Fibra di vetro: \u03a614 mm<br \/>\n4. Accessori: 4 picchetti a U, 1 manuale, una borsa.<br \/>\n5. Manica: tessuto Oxford 420D<br \/>\n6. Materiale della borsa: tessuto 600D PU Oxford<br \/>\n7. Imballaggio: 1set in un cartone<br \/>\n8. Formato CTN: 114x14x14cm\/1set<\/p>\n<ul class=\"a-unordered-list a-vertical a-spacing-mini\">\n<li><span class=\"a-list-item\">Materiale di prima qualit\u00e0\u3011 Realizzata con materiale in fibra di poliestere di alta qualit\u00e0 e di recente aggiornamento, la nostra rete da lancio per il baseball vanta un'eccellente elasticit\u00e0 e pu\u00f2 resistere a potenti attacchi. Con una base robusta e aste in fibra di vetro, potete essere certi che questa rete da lancio a 9 buche \u00e8 costruita per durare.<\/span><\/li>\n<li><span class=\"a-list-item\">Facile da montare\u3011 Installare la nostra rete da baseball \u00e8 un gioco da ragazzi, che richiede solo pochi minuti del vostro tempo. Una volta terminato l'allenamento, lo smontaggio della rete \u00e8 altrettanto semplice e pu\u00f2 essere riposto nella nostra borsa in omaggio, rendendolo incredibilmente comodo per la conservazione e il trasporto.<\/span><\/li>\n<li><span class=\"a-list-item\">9 Target Strike Zone\u3011 L'esclusivo design a 9 tasche della rete migliora la precisione e la direzionalit\u00e0 quando si colpiscono e si lanciano i bersagli, consentendo un allenamento ininterrotto a giocatore singolo. Con la nostra rete per gli allenamenti di baseball e softball, avrete a portata di mano l'attrezzatura perfetta per la coordinazione degli allenamenti.<\/span><\/li>\n<li><span class=\"a-list-item\">\u3010Ideale attrezzatura per l'allenamento\u3011Adatta sia per i ragazzi che per gli adulti, sia che siate principianti o professionisti, la nostra rete da lancio per il baseball \u00e8 perfetta per affinare le vostre abilit\u00e0 e migliorare pi\u00f9 velocemente la vostra capacit\u00e0 di colpire.<\/span><\/li>\n<li><span class=\"a-list-item\">\u3010Portabile e conveniente\u3011La nostra rete da baseball viene fornita con una borsa portatile gratuita che occupa uno spazio minimo. Dopo un rapido e semplice smontaggio, \u00e8 possibile portare la rete da lancio a 9 buche nel cortile, nel campo o nello stadio per l'allenamento individuale o di squadra in qualsiasi momento e ovunque. \u00c8 l'attrezzatura definitiva per l'allenamento del baseball.<\/span><\/li>\n<\/ul>","protected":false},"excerpt":{"rendered":"<p id=\"title\" class=\"a-size-large a-spacing-none\"><span id=\"productTitle\" class=\"a-size-large product-title-word-break\">Rete da lancio per il baseball, bersaglio da lancio per il baseball, monte di lancio per il baseball, rete da lancio a 9 fori, rete da lancio a 9 fori per colpire e lanciare con zona di battuta, reti da lancio per il baseball e il softball.<\/span><\/p>","protected":false},"featured_media":922,"template":"","meta":{"_gspb_post_css":""},"product_brand":[],"product_cat":[25],"product_tag":[],"class_list":{"0":"post-926","1":"product","2":"type-product","3":"status-publish","4":"has-post-thumbnail","6":"product_cat-baseball-net","8":"first","9":"instock","10":"shipping-taxable","11":"product-type-simple"},"_links":{"self":[{"href":"https:\/\/fsportsnet.com\/it\/wp-json\/wp\/v2\/product\/926","targetHints":{"allow":["GET"]}}],"collection":[{"href":"https:\/\/fsportsnet.com\/it\/wp-json\/wp\/v2\/product"}],"about":[{"href":"https:\/\/fsportsnet.com\/it\/wp-json\/wp\/v2\/types\/product"}],"wp:featuredmedia":[{"embeddable":true,"href":"https:\/\/fsportsnet.com\/it\/wp-json\/wp\/v2\/media\/922"}],"wp:attachment":[{"href":"https:\/\/fsportsnet.com\/it\/wp-json\/wp\/v2\/media?parent=926"}],"wp:term":[{"taxonomy":"product_brand","embeddable":true,"href":"https:\/\/fsportsnet.com\/it\/wp-json\/wp\/v2\/product_brand?post=926"},{"taxonomy":"product_cat","embeddable":true,"href":"https:\/\/fsportsnet.com\/it\/wp-json\/wp\/v2\/product_cat?post=926"},{"taxonomy":"product_tag","embeddable":true,"href":"https:\/\/fsportsnet.com\/it\/wp-json\/wp\/v2\/product_tag?post=926"}],"curies":[{"name":"wp","href":"https:\/\/api.w.org\/{rel}","templated":true}]}}