{"id":928,"date":"2023-04-10T15:19:24","date_gmt":"2023-04-10T07:19:24","guid":{"rendered":"https:\/\/fsportsnet.com\/?post_type=product&#038;p=928"},"modified":"2023-04-10T15:21:46","modified_gmt":"2023-04-10T07:21:46","slug":"pro-garage-softball-batting-cage-net","status":"publish","type":"product","link":"https:\/\/fsportsnet.com\/it\/product\/pro-garage-softball-batting-cage-net\/","title":{"rendered":"Rete per gabbia di battuta Pro Garage Softball"},"content":{"rendered":"<p>Gabbia di battuta per baseball e softball<br \/>\n1. Dimensioni: 22x12x8ft<br \/>\n2. Fibra di vetro: \u03a612,7 mm, \u03a614 mm<br \/>\n3. Rete: Rete in poliestere 3 veli da 1\u201d senza nodi<\/p>\n<ul class=\"a-unordered-list a-vertical a-spacing-mini\">\n<li><span class=\"a-list-item\">Gabbia di battuta perfetta per qualsiasi cortile di dimensioni e utilizzata da giocatori dai 4 anni agli adulti.<\/span><\/li>\n<li><span class=\"a-list-item\">TUTTO IN UN PACCHETTO - Include paletti da terra resistenti da 1\/2\u2033 in fibra di vetro, rete in nylon resistente da 1\u2033 e imbracatura per gabbia da battuta incorporata per collegare qualsiasi macchina da lancio per sport di riscaldamento.<\/span><\/li>\n<li><span class=\"a-list-item\">AUMENTA IL TEMPO DI REAZIONE - Poich\u00e9 la gabbia \u00e8 di 22 piedi, una palla lanciata a 50 MPH a 46 piedi sar\u00e0 simulata come un lancio a 104 MPH. Immaginate quanto sar\u00e0 facile effettuare un lancio in partita dopo aver utilizzato Fsports!<\/span><\/li>\n<li><span class=\"a-list-item\">Facile da montare e smontare - Le aste in fibra di vetro e la rete leggera consentono a Fsports di essere la gabbia di battuta pi\u00f9 facile e conveniente sul mercato. Si monta e si smonta in pochi minuti!<\/span><\/li>\n<li><span class=\"a-list-item\">FASCICOLO PER MACCHINA INCLUSO PER LA SICUREZZA - Un'imbracatura integrata nella gabbia di battuta consente alla macchina da lancio di rimanere all'esterno insieme all'operatore per garantire sicurezza e praticit\u00e0.<\/span><\/li>\n<\/ul>","protected":false},"excerpt":{"rendered":"<p id=\"title\" class=\"a-size-large a-spacing-none\">Gabbia di battuta perfetta per qualsiasi cortile di dimensioni e utilizzata da giocatori dai 4 anni agli adulti.<\/p>","protected":false},"featured_media":903,"template":"","meta":{"_gspb_post_css":""},"product_brand":[],"product_cat":[25],"product_tag":[],"class_list":{"0":"post-928","1":"product","2":"type-product","3":"status-publish","4":"has-post-thumbnail","6":"product_cat-baseball-net","8":"first","9":"instock","10":"shipping-taxable","11":"product-type-simple"},"_links":{"self":[{"href":"https:\/\/fsportsnet.com\/it\/wp-json\/wp\/v2\/product\/928","targetHints":{"allow":["GET"]}}],"collection":[{"href":"https:\/\/fsportsnet.com\/it\/wp-json\/wp\/v2\/product"}],"about":[{"href":"https:\/\/fsportsnet.com\/it\/wp-json\/wp\/v2\/types\/product"}],"wp:featuredmedia":[{"embeddable":true,"href":"https:\/\/fsportsnet.com\/it\/wp-json\/wp\/v2\/media\/903"}],"wp:attachment":[{"href":"https:\/\/fsportsnet.com\/it\/wp-json\/wp\/v2\/media?parent=928"}],"wp:term":[{"taxonomy":"product_brand","embeddable":true,"href":"https:\/\/fsportsnet.com\/it\/wp-json\/wp\/v2\/product_brand?post=928"},{"taxonomy":"product_cat","embeddable":true,"href":"https:\/\/fsportsnet.com\/it\/wp-json\/wp\/v2\/product_cat?post=928"},{"taxonomy":"product_tag","embeddable":true,"href":"https:\/\/fsportsnet.com\/it\/wp-json\/wp\/v2\/product_tag?post=928"}],"curies":[{"name":"wp","href":"https:\/\/api.w.org\/{rel}","templated":true}]}}