{"id":936,"date":"2023-04-10T15:34:10","date_gmt":"2023-04-10T07:34:10","guid":{"rendered":"https:\/\/fsportsnet.com\/?post_type=product&#038;p=936"},"modified":"2023-04-10T15:36:06","modified_gmt":"2023-04-10T07:36:06","slug":"baseball-and-softball-ball-caddy","status":"publish","type":"product","link":"https:\/\/fsportsnet.com\/it\/product\/baseball-and-softball-ball-caddy\/","title":{"rendered":"Custodia per palline da baseball e softball"},"content":{"rendered":"<p>1. Rete in poliestere senza nodi: 7 strati 1,75\u2033.<br \/>\n2. Tubo d'acciaio: \u03a619mm<br \/>\n3. Spessore: 0,8 mm<br \/>\n4. Tessuto di rinforzo: 210D, 420D<br \/>\n5. G.W 1,53 kg; N.W 1,28 kg<br \/>\n6. Imballaggio: Ogni set \u00e8 contenuto in un cartone K=K, 107x8x8 cm.<\/p>\n<ul class=\"a-unordered-list a-vertical a-spacing-mini\">\n<li><span class=\"a-list-item\">I caddy da baseball di grande capacit\u00e0 possono contenere pi\u00f9 di 100 palle da baseball o pi\u00f9 di 50 palle morbide, con una capacit\u00e0 di carico di circa 40 libbre.<\/span><\/li>\n<li><span class=\"a-list-item\">\ud83e\udd4e\u3010Piegabile e Portatile\u3011Il caddy da baseball pu\u00f2 essere facilmente assemblato in 2 minuti, pieghevole e leggero consente di trasportare facilmente il caddy in qualsiasi luogo di allenamento.<\/span><\/li>\n<li><span class=\"a-list-item\">\u26be\u3010No Bending Over\u3011 Il caddy per palle da baseball \u00e8 alto 36 pollici, che pu\u00f2 salvare la schiena. Non \u00e8 necessario piegarsi per estrarre la palla dal secchio durante gli allenamenti a lungo termine.<\/span><\/li>\n<li><span class=\"a-list-item\">\ud83e\udd4e\u3010Struttura stabile\u3011La struttura a doppia X rende il ball caddy pi\u00f9 equilibrato, non facile da cadere, e pi\u00f9 stabile e durevole. pu\u00f2 essere utilizzato in una variet\u00e0 di luoghi (come prato, cemento, spiaggia, terreno irregolare).<\/span><\/li>\n<li><span class=\"a-list-item\">\u26be\u3010Attrezzatura professionale per l'allenamento di baseball\/softball\u3011Ogni principiante e giocatore dovrebbe avere un caddy di palla di grande capacit\u00e0, che pu\u00f2 essere utilizzato per il baseball\/softball e altre palle.<\/span><\/li>\n<\/ul>","protected":false},"excerpt":{"rendered":"<h5 class=\"a-spacing-mini a-color-secondary\">Caratteristiche:<\/h5>\n<p class=\"a-spacing-base\">* Grande capacit\u00e0 per contenere oltre 100 palle da baseball o 50 palle da softball.<\/p>\n<p class=\"a-spacing-base\">* Struttura a X per una maggiore robustezza e stabilit\u00e0.<\/p>\n<p class=\"a-spacing-base\">* Rapido da installare e facilmente ripiegabile per il trasporto.<\/p>","protected":false},"featured_media":907,"template":"","meta":{"_gspb_post_css":""},"product_brand":[],"product_cat":[25],"product_tag":[],"class_list":{"0":"post-936","1":"product","2":"type-product","3":"status-publish","4":"has-post-thumbnail","6":"product_cat-baseball-net","8":"first","9":"instock","10":"shipping-taxable","11":"product-type-simple"},"_links":{"self":[{"href":"https:\/\/fsportsnet.com\/it\/wp-json\/wp\/v2\/product\/936","targetHints":{"allow":["GET"]}}],"collection":[{"href":"https:\/\/fsportsnet.com\/it\/wp-json\/wp\/v2\/product"}],"about":[{"href":"https:\/\/fsportsnet.com\/it\/wp-json\/wp\/v2\/types\/product"}],"wp:featuredmedia":[{"embeddable":true,"href":"https:\/\/fsportsnet.com\/it\/wp-json\/wp\/v2\/media\/907"}],"wp:attachment":[{"href":"https:\/\/fsportsnet.com\/it\/wp-json\/wp\/v2\/media?parent=936"}],"wp:term":[{"taxonomy":"product_brand","embeddable":true,"href":"https:\/\/fsportsnet.com\/it\/wp-json\/wp\/v2\/product_brand?post=936"},{"taxonomy":"product_cat","embeddable":true,"href":"https:\/\/fsportsnet.com\/it\/wp-json\/wp\/v2\/product_cat?post=936"},{"taxonomy":"product_tag","embeddable":true,"href":"https:\/\/fsportsnet.com\/it\/wp-json\/wp\/v2\/product_tag?post=936"}],"curies":[{"name":"wp","href":"https:\/\/api.w.org\/{rel}","templated":true}]}}