{"id":937,"date":"2023-04-10T15:38:54","date_gmt":"2023-04-10T07:38:54","guid":{"rendered":"https:\/\/fsportsnet.com\/?post_type=product&#038;p=937"},"modified":"2023-04-10T15:41:12","modified_gmt":"2023-04-10T07:41:12","slug":"baseball-tee-softball-travel-portable-tee","status":"publish","type":"product","link":"https:\/\/fsportsnet.com\/it\/product\/baseball-tee-softball-travel-portable-tee\/","title":{"rendered":"Tee da baseball Tee portatile da viaggio per softball"},"content":{"rendered":"<p>1. Dimensioni: H28\u2033\/71cm<br \/>\n2. Materiale: Palo in metallo, plastica<br \/>\n3. Contenuto: Tee di estensione<br \/>\n4. Imballaggio: Ogni set in un cartone K=K, 10*10*53cm\/1set, G.W 1.2Kg, N.W 1.05kg<\/p>\n<ul class=\"a-unordered-list a-vertical a-spacing-mini\">\n<li><span class=\"a-list-item\">1.\u3010STURDY TRIPOD STAND\u3011 Tee da battuta, tee da baseball, tee da softball, La robusta configurazione a treppiede offre stabilit\u00e0 e si ripiega per colpire o battere.<\/span><\/li>\n<li><span class=\"a-list-item\">2.\u3010GOMMA DUREVOLE DI ALTA QUALITA' AVVOLTA\u3011Ogni top Fsports Tee \u00e8 arrotolato a mano, forte e durevole, che \u00e8 adatto per i tipi di palle, con una buona elasticit\u00e0, come il baseball, softball, palla da allenamento e per avere le sensazioni reali di colpire con un design di dimensioni speciali.<\/span><\/li>\n<li><span class=\"a-list-item\">3. FACILE DA INSTALLARE L'altezza del tee di battuta si regola facilmente da 27,5 a 48 pollici con le mani dei bambini, senza alcun attrezzo! Perfetto per i giocatori dai principianti ai professionisti.<\/span><\/li>\n<li><span class=\"a-list-item\">4.\u3010PORTATILE DA TRASPORTARE\u3011 Nuovo miglioramento con borsa da trasporto, facile da piegare per il tee e prendere da borsa. Adatto per interni ed esterni.<\/span><\/li>\n<li><span class=\"a-list-item\">5.\u3010ALTO VALORE\u3011 Realizzato negli Stati Uniti con materiale nazionale e alcuni materiali importati, hanno accettato e raccomandato da molti professionisti e principianti. Vale la pena di averlo!<\/span><\/li>\n<\/ul>","protected":false},"excerpt":{"rendered":"<h5 class=\"a-spacing-mini a-color-secondary\">Caratteristiche:<\/h5>\n<p class=\"a-spacing-base\">* Grande capacit\u00e0 per contenere oltre 100 palle da baseball o 50 palle da softball.<\/p>\n<p class=\"a-spacing-base\">* Struttura a X per una maggiore robustezza e stabilit\u00e0.<\/p>\n<p class=\"a-spacing-base\">* Rapido da installare e facilmente ripiegabile per il trasporto.<\/p>","protected":false},"featured_media":908,"template":"","meta":{"_gspb_post_css":""},"product_brand":[],"product_cat":[25],"product_tag":[],"class_list":{"0":"post-937","1":"product","2":"type-product","3":"status-publish","4":"has-post-thumbnail","6":"product_cat-baseball-net","8":"first","9":"instock","10":"shipping-taxable","11":"product-type-simple"},"_links":{"self":[{"href":"https:\/\/fsportsnet.com\/it\/wp-json\/wp\/v2\/product\/937","targetHints":{"allow":["GET"]}}],"collection":[{"href":"https:\/\/fsportsnet.com\/it\/wp-json\/wp\/v2\/product"}],"about":[{"href":"https:\/\/fsportsnet.com\/it\/wp-json\/wp\/v2\/types\/product"}],"wp:featuredmedia":[{"embeddable":true,"href":"https:\/\/fsportsnet.com\/it\/wp-json\/wp\/v2\/media\/908"}],"wp:attachment":[{"href":"https:\/\/fsportsnet.com\/it\/wp-json\/wp\/v2\/media?parent=937"}],"wp:term":[{"taxonomy":"product_brand","embeddable":true,"href":"https:\/\/fsportsnet.com\/it\/wp-json\/wp\/v2\/product_brand?post=937"},{"taxonomy":"product_cat","embeddable":true,"href":"https:\/\/fsportsnet.com\/it\/wp-json\/wp\/v2\/product_cat?post=937"},{"taxonomy":"product_tag","embeddable":true,"href":"https:\/\/fsportsnet.com\/it\/wp-json\/wp\/v2\/product_tag?post=937"}],"curies":[{"name":"wp","href":"https:\/\/api.w.org\/{rel}","templated":true}]}}