{"id":1027,"date":"2023-04-15T11:48:20","date_gmt":"2023-04-15T03:48:20","guid":{"rendered":"https:\/\/fsportsnet.com\/?post_type=product&#038;p=1027"},"modified":"2023-04-15T11:52:25","modified_gmt":"2023-04-15T03:52:25","slug":"masters-golf-net-cage-with-complete-frame","status":"publish","type":"product","link":"https:\/\/fsportsnet.com\/pt\/product\/masters-golf-net-cage-with-complete-frame\/","title":{"rendered":"Gaiola de rede Masters Golf com estrutura completa"},"content":{"rendered":"<ul class=\"a-unordered-list a-vertical a-spacing-mini\">\n<li>1. Tamanho: 3mx3mx3m<br \/>\n2. Rede: Rede de poli\u00e9ster de 3 camadas de 1\u201d.<br \/>\n3. Tubo de a\u00e7o: 31,8mmx0,8mm<br \/>\n4. Rede alvo: 420D oxford<br \/>\n5. Com EVA<\/li>\n<li>Golf Cage Net - 10x10x10ft, Golf Hitting Net e Personal Driving Range para praticar no interior e no exterior, com saco de arruma\u00e7\u00e3o e tapete de golfe, pendurar no teto, na garagem, na cave ou na moldura que criou.<\/li>\n<li>Rede de gaiola de golfe de uma s\u00f3 pe\u00e7a: Constru\u00e7\u00e3o de malha sem n\u00f3s, di\u00e2metro do cord\u00e3o de poli\u00e9ster de 3 mm, malha quadrada de 20 mm e borda refor\u00e7ada de 7 mm, o tamanho \u00e9 10 x 10 x 10 p\u00e9s (L * A * P). N\u00e3o inclui os postes ou os acess\u00f3rios da estrutura.<\/li>\n<li>Rede de bater golfe dur\u00e1vel: Concebida para apanhar bolas de golfe e pode absorver o elevado impacto das bolas de golfe reais. Tamb\u00e9m utilizada para a pr\u00e1tica segura de tacadas, como basebol, softbol, etc. Ideal para equipamento de treino de golfe no interior e no exterior, em todas as condi\u00e7\u00f5es climat\u00e9ricas.<\/li>\n<li>Rede de pr\u00e1tica de golfe port\u00e1til: Vem com uma bolsa de transporte, f\u00e1cil de guardar e transportar para onde quiser. Com um tapete de golfe extra de 12 \"X 24\" para um melhor swing.<\/li>\n<li>Driving Range pessoal: Grande apanhador de bolas de golfe e liberdade para praticar em qualquer lugar, a qualquer hora. Pode melhorar as suas capacidades de tacada batendo as bolas de golfe na rede de tacadas, poupando o tempo de perseguir as bolas para praticar mais. A pr\u00e1tica leva \u00e0 perfei\u00e7\u00e3o - basta continuar a praticar.<\/li>\n<li>Ampla aplica\u00e7\u00e3o: Oferece uma grande \u00e1rea de batida para golfistas principiantes e profissionais. Pode ser pendurado no teto, na garagem, na cave ou na estrutura que criou, pode ser aplicado em casa, no quintal, num parque, num driving range e muito mais.<\/li>\n<li>Rede de gaiola de uma s\u00f3 pe\u00e7a, com os dois lados, a parte de cima e a parte de tr\u00e1s todos cosidos, corda de bordadura sobreposta em todos os bordos<\/li>\n<\/ul>","protected":false},"excerpt":{"rendered":"<p id=\"title\" class=\"a-size-large a-spacing-none\">Rede de tacadas de golfe e campo de treino pessoal para praticar no interior e no exterior, com saco de arruma\u00e7\u00e3o e tapete de golfe, para pendurar no teto, na garagem, na cave ou na moldura que criou<\/p>","protected":false},"featured_media":966,"template":"","meta":{"_gspb_post_css":""},"product_brand":[],"product_cat":[26],"product_tag":[],"class_list":{"0":"post-1027","1":"product","2":"type-product","3":"status-publish","4":"has-post-thumbnail","6":"product_cat-golf-net","8":"first","9":"instock","10":"shipping-taxable","11":"product-type-simple"},"_links":{"self":[{"href":"https:\/\/fsportsnet.com\/pt\/wp-json\/wp\/v2\/product\/1027","targetHints":{"allow":["GET"]}}],"collection":[{"href":"https:\/\/fsportsnet.com\/pt\/wp-json\/wp\/v2\/product"}],"about":[{"href":"https:\/\/fsportsnet.com\/pt\/wp-json\/wp\/v2\/types\/product"}],"wp:featuredmedia":[{"embeddable":true,"href":"https:\/\/fsportsnet.com\/pt\/wp-json\/wp\/v2\/media\/966"}],"wp:attachment":[{"href":"https:\/\/fsportsnet.com\/pt\/wp-json\/wp\/v2\/media?parent=1027"}],"wp:term":[{"taxonomy":"product_brand","embeddable":true,"href":"https:\/\/fsportsnet.com\/pt\/wp-json\/wp\/v2\/product_brand?post=1027"},{"taxonomy":"product_cat","embeddable":true,"href":"https:\/\/fsportsnet.com\/pt\/wp-json\/wp\/v2\/product_cat?post=1027"},{"taxonomy":"product_tag","embeddable":true,"href":"https:\/\/fsportsnet.com\/pt\/wp-json\/wp\/v2\/product_tag?post=1027"}],"curies":[{"name":"wp","href":"https:\/\/api.w.org\/{rel}","templated":true}]}}