{"id":1028,"date":"2023-04-15T11:52:35","date_gmt":"2023-04-15T03:52:35","guid":{"rendered":"https:\/\/fsportsnet.com\/?post_type=product&#038;p=1028"},"modified":"2023-04-15T13:46:42","modified_gmt":"2023-04-15T05:46:42","slug":"durable-golf-hitting-net-cage-driving-range-for-indoor-and-outdoor","status":"publish","type":"product","link":"https:\/\/fsportsnet.com\/pt\/product\/durable-golf-hitting-net-cage-driving-range-for-indoor-and-outdoor\/","title":{"rendered":"Rede de Golfe Dur\u00e1vel Cage Driving Range para Interior e Exterior"},"content":{"rendered":"<ul class=\"a-unordered-list a-vertical a-spacing-mini\">\n<li>Rede de pr\u00e1tica de golfe Redes de treino de tacadas de golfe com alvo<br \/>\nMalha de nylon e poli\u00e9ster, hastes de fibra de vidro de 0,4 polegadas e tecido Oxford 420D<br \/>\nConcebida por especialistas em redes para golfe e desporto<br \/>\nRede de golfe tudo-em-um - Este equipamento de treino de golfe inclui uma rede de pr\u00e1tica de golfe com um tapete de golfe tri-turf, 1 alvo de golfe de impacto, 10 bolas de pr\u00e1tica de golfe, 7 tees de golfe e 2 tees de borracha de golfe. A nossa rede de pr\u00e1tica de golfe com tapete de batida \u00e9 um equipamento de treino de golfe ideal para golfistas de todos os n\u00edveis para melhorar a sua t\u00e9cnica de condu\u00e7\u00e3o e de chipping no golfe. A rede de golfe de 10x7 p\u00e9s para utiliza\u00e7\u00e3o no interior \u00e9 suficientemente grande para apanhar todas as tacadas. Um presente de golfe perfeito para homens.<br \/>\nRede de Golfe Incrivelmente Dur\u00e1vel - A nossa rede dur\u00e1vel pode facilmente suportar velocidades de bola at\u00e9 200 mph. Esta rede de golfe \u00e9 fabricada com uma rede sem n\u00f3s de 5 camadas e tecido Oxford 420D para maior durabilidade. Concebida por especialistas em redes de golfe e desporto, a nossa rede el\u00e1stica resistente permite um driving range de alta intensidade no interior e no exterior. O nosso auxiliar de treino de golfe tamb\u00e9m inclui postes de fibra de vidro resistentes e estacas no solo para uma constru\u00e7\u00e3o robusta e s\u00f3lida.<br \/>\nConstru\u00edda para durar - Em compara\u00e7\u00e3o com a rede de nylon que encolhe e apodrece, esta rede de golfe HDPE de alta densidade \u00e9 resistente ao apodrecimento e tratada com UV. A nossa rede de golfe para interior \u00e9 adequada para utiliza\u00e7\u00e3o no interior e no exterior. Al\u00e9m disso, os postes de fibra de vidro resistentes \u00e0 corros\u00e3o proporcionam uma durabilidade duradoura.<br \/>\n90 segundos para montar ou desmontar - A nossa rede de golfe pode ser montada e desmontada em apenas 90 segundos com um manual de instru\u00e7\u00f5es claro, uma vez que todos os postes est\u00e3o ligados com el\u00e1stico. O saco f\u00e1cil de transportar significa que este driving range de golfe port\u00e1til pode ser levado para onde quiser praticar.<\/li>\n<\/ul>","protected":false},"excerpt":{"rendered":"<p id=\"title\" class=\"a-size-large a-spacing-none\">Rede de tacadas de golfe e campo de treino pessoal para praticar no interior e no exterior, com saco de arruma\u00e7\u00e3o e tapete de golfe, para pendurar no teto, na garagem, na cave ou na moldura que criou<\/p>","protected":false},"featured_media":970,"template":"","meta":{"_gspb_post_css":""},"product_brand":[],"product_cat":[26],"product_tag":[],"class_list":{"0":"post-1028","1":"product","2":"type-product","3":"status-publish","4":"has-post-thumbnail","6":"product_cat-golf-net","8":"first","9":"instock","10":"shipping-taxable","11":"product-type-simple"},"_links":{"self":[{"href":"https:\/\/fsportsnet.com\/pt\/wp-json\/wp\/v2\/product\/1028","targetHints":{"allow":["GET"]}}],"collection":[{"href":"https:\/\/fsportsnet.com\/pt\/wp-json\/wp\/v2\/product"}],"about":[{"href":"https:\/\/fsportsnet.com\/pt\/wp-json\/wp\/v2\/types\/product"}],"wp:featuredmedia":[{"embeddable":true,"href":"https:\/\/fsportsnet.com\/pt\/wp-json\/wp\/v2\/media\/970"}],"wp:attachment":[{"href":"https:\/\/fsportsnet.com\/pt\/wp-json\/wp\/v2\/media?parent=1028"}],"wp:term":[{"taxonomy":"product_brand","embeddable":true,"href":"https:\/\/fsportsnet.com\/pt\/wp-json\/wp\/v2\/product_brand?post=1028"},{"taxonomy":"product_cat","embeddable":true,"href":"https:\/\/fsportsnet.com\/pt\/wp-json\/wp\/v2\/product_cat?post=1028"},{"taxonomy":"product_tag","embeddable":true,"href":"https:\/\/fsportsnet.com\/pt\/wp-json\/wp\/v2\/product_tag?post=1028"}],"curies":[{"name":"wp","href":"https:\/\/api.w.org\/{rel}","templated":true}]}}