{"id":1030,"date":"2023-04-15T13:47:01","date_gmt":"2023-04-15T05:47:01","guid":{"rendered":"https:\/\/fsportsnet.com\/?post_type=product&#038;p=1030"},"modified":"2023-04-15T13:50:10","modified_gmt":"2023-04-15T05:50:10","slug":"golf-practice-net-golf-hitting-training-aids-nets-with-target","status":"publish","type":"product","link":"https:\/\/fsportsnet.com\/pt\/product\/golf-practice-net-golf-hitting-training-aids-nets-with-target\/","title":{"rendered":"Rede de pr\u00e1tica de golfe Redes de treino de tacadas de golfe com alvo"},"content":{"rendered":"<ul class=\"a-unordered-list a-vertical a-spacing-mini\">\n<li>Rede de pr\u00e1tica de golfe Redes de treino de tacadas de golfe com alvo<br \/>\nMalha de nylon e poli\u00e9ster, hastes de fibra de vidro de 0,4 polegadas e tecido Oxford 420D<br \/>\nConcebida por especialistas em redes para golfe e desporto<br \/>\nConjunto de rede de batida 5 em 1: A rede de pr\u00e1tica possui 1 alvo grande e 3 bolsos de alvo de chipping para praticar suas habilidades como Swing, Hitting e Chipping, etc. Uma excelente forma de praticar facilmente todos os tacos do seu saco de golfe em casa\/no exterior, poupando tempo e dinheiro.<br \/>\nRede de tamanho super grande: Swing with Confidence, 10 * 8 * 6ft (W * H * D) grande \u00e1rea de batida fornece espa\u00e7o suficiente para praticar continuamente e melhorar sua precis\u00e3o e habilidades de condu\u00e7\u00e3o e chipping, ajudando voc\u00ea a se tornar um jogador de golfe mais confiante. N\u00e3o h\u00e1 mais bolas de golfe desarrumadas ou perdidas.<br \/>\nMateriais de qualidade premium para durabilidade e seguran\u00e7a: Sinta-se \u00e0 vontade para usar bolas e tacos de golfe reais porque a rede refor\u00e7ada pode absorver o impacto das bolas. A estrutura de fibra de vidro protege a rede e permite que ela fique firme no ch\u00e3o.<br \/>\nMontagem r\u00e1pida e f\u00e1cil: Quadros pr\u00e9-fixados e uma folha de solo embutida requerem apenas uma configura\u00e7\u00e3o \/ desmontagem de 90 segundos. Perfeito para uso interno \/ externo. Traga o driving range para sua casa, voc\u00ea pode praticar em seu jardim, quintal ou por\u00e3o.<br \/>\nDobr\u00e1vel e port\u00e1til: Esta rede de pr\u00e1tica de batida vem com uma bolsa e pode ser dobrada em um tamanho compacto para f\u00e1cil armazenamento e transporte. Nenhuma limita\u00e7\u00e3o para a pr\u00e1tica de golfe mais!<\/li>\n<\/ul>","protected":false},"excerpt":{"rendered":"<p id=\"title\" class=\"a-size-large a-spacing-none\">\u00a0Em compara\u00e7\u00e3o com a rede de nylon que encolhe e apodrece, esta rede de golfe HDPE de alta densidade \u00e9 resistente ao apodrecimento e tratada com UV. A nossa rede de golfe para interior \u00e9 adequada para utiliza\u00e7\u00e3o no interior e no exterior. Al\u00e9m disso, os postes de fibra de vidro resistentes \u00e0 corros\u00e3o proporcionam uma durabilidade duradoura.<\/p>","protected":false},"featured_media":972,"template":"","meta":{"_gspb_post_css":""},"product_brand":[],"product_cat":[26],"product_tag":[],"class_list":{"0":"post-1030","1":"product","2":"type-product","3":"status-publish","4":"has-post-thumbnail","6":"product_cat-golf-net","8":"first","9":"instock","10":"shipping-taxable","11":"product-type-simple"},"_links":{"self":[{"href":"https:\/\/fsportsnet.com\/pt\/wp-json\/wp\/v2\/product\/1030","targetHints":{"allow":["GET"]}}],"collection":[{"href":"https:\/\/fsportsnet.com\/pt\/wp-json\/wp\/v2\/product"}],"about":[{"href":"https:\/\/fsportsnet.com\/pt\/wp-json\/wp\/v2\/types\/product"}],"wp:featuredmedia":[{"embeddable":true,"href":"https:\/\/fsportsnet.com\/pt\/wp-json\/wp\/v2\/media\/972"}],"wp:attachment":[{"href":"https:\/\/fsportsnet.com\/pt\/wp-json\/wp\/v2\/media?parent=1030"}],"wp:term":[{"taxonomy":"product_brand","embeddable":true,"href":"https:\/\/fsportsnet.com\/pt\/wp-json\/wp\/v2\/product_brand?post=1030"},{"taxonomy":"product_cat","embeddable":true,"href":"https:\/\/fsportsnet.com\/pt\/wp-json\/wp\/v2\/product_cat?post=1030"},{"taxonomy":"product_tag","embeddable":true,"href":"https:\/\/fsportsnet.com\/pt\/wp-json\/wp\/v2\/product_tag?post=1030"}],"curies":[{"name":"wp","href":"https:\/\/api.w.org\/{rel}","templated":true}]}}