{"id":1032,"date":"2023-04-15T13:51:40","date_gmt":"2023-04-15T05:51:40","guid":{"rendered":"https:\/\/fsportsnet.com\/?post_type=product&#038;p=1032"},"modified":"2023-04-15T14:09:33","modified_gmt":"2023-04-15T06:09:33","slug":"sports-golf-chipping-net-pop-up-golf-chipping-net-with-mat","status":"publish","type":"product","link":"https:\/\/fsportsnet.com\/pt\/product\/sports-golf-chipping-net-pop-up-golf-chipping-net-with-mat\/","title":{"rendered":"Rede de chipping de golfe desportiva Rede de chipping de golfe Pop Up com tapete"},"content":{"rendered":"<ul class=\"a-unordered-list a-vertical a-spacing-mini\">\n<li>Rede quadrada para estilha\u00e7ar<br \/>\n1. Tamanho: 24\u201d<br \/>\n2. Tela: encaderna\u00e7\u00e3o em poli\u00e9ster 210D<br \/>\n3. Estrutura: \u03a63mm fio de a\u00e7o, 7mm fibra de vidro<br \/>\n4. Embalagem: 1 conjunto em saco oxford, 20 conjuntos numa (caixa de cart\u00e3o)<\/li>\n<li>Tamanho ideal: espa\u00e7o de 24 \u2033 necess\u00e1rio para praticar, jogar e se divertir; pode ser usado dentro ou fora de casa - \u00f3timo para casa ou escrit\u00f3rio, gramado ou quintal e at\u00e9 mesmo para tailgating - vem com uma bolsa de transporte de nylon para sua conveni\u00eancia de viagem<br \/>\nF\u00e1cil de usar: Design pop-up f\u00e1cil de usar para configura\u00e7\u00e3o r\u00e1pida e f\u00e1cil - n\u00e3o requer ferramentas, enquanto o inv\u00f3lucro de velcro exclusivo protege as bolas de golfe; use-o para lazer com amigos e familiares ou para sess\u00f5es de pr\u00e1tica profissional, instantaneamente<br \/>\n3 alvos: Ajuda a melhorar - precis\u00e3o de chipping de curta dist\u00e2ncia, posi\u00e7\u00e3o do corpo, equil\u00edbrio e postura para a pr\u00e1tica do swing; vem com uma rede lateral que pega bolas perdidas, ent\u00e3o voc\u00ea n\u00e3o precisa se preocupar em perder suas fichas ou perder tempo coletando as bolas de golfe ap\u00f3s suas sess\u00f5es<br \/>\nAlta qualidade: Feito com material de alta qualidade para servi\u00e7os pesados, \u00e9 resistente e dur\u00e1vel, mas leve, port\u00e1til e dobr\u00e1vel - n\u00e3o corta, lasca ou se desgasta facilmente; resiste aos elementos - adequado para jogos durante todo o ano<\/li>\n<\/ul>","protected":false},"excerpt":{"rendered":"<p id=\"title\" class=\"a-size-large a-spacing-none\">Organize um jogo ou uma partida amig\u00e1vel utilizando os tr\u00eas bolsos para alvos com a sua fam\u00edlia, amigos ou colegas. O Fsports \u00e9 um presente perfeito para os amantes do golfe.<\/p>","protected":false},"featured_media":1001,"template":"","meta":{"_gspb_post_css":""},"product_brand":[],"product_cat":[26],"product_tag":[],"class_list":{"0":"post-1032","1":"product","2":"type-product","3":"status-publish","4":"has-post-thumbnail","6":"product_cat-golf-net","8":"first","9":"instock","10":"shipping-taxable","11":"product-type-simple"},"_links":{"self":[{"href":"https:\/\/fsportsnet.com\/pt\/wp-json\/wp\/v2\/product\/1032","targetHints":{"allow":["GET"]}}],"collection":[{"href":"https:\/\/fsportsnet.com\/pt\/wp-json\/wp\/v2\/product"}],"about":[{"href":"https:\/\/fsportsnet.com\/pt\/wp-json\/wp\/v2\/types\/product"}],"wp:featuredmedia":[{"embeddable":true,"href":"https:\/\/fsportsnet.com\/pt\/wp-json\/wp\/v2\/media\/1001"}],"wp:attachment":[{"href":"https:\/\/fsportsnet.com\/pt\/wp-json\/wp\/v2\/media?parent=1032"}],"wp:term":[{"taxonomy":"product_brand","embeddable":true,"href":"https:\/\/fsportsnet.com\/pt\/wp-json\/wp\/v2\/product_brand?post=1032"},{"taxonomy":"product_cat","embeddable":true,"href":"https:\/\/fsportsnet.com\/pt\/wp-json\/wp\/v2\/product_cat?post=1032"},{"taxonomy":"product_tag","embeddable":true,"href":"https:\/\/fsportsnet.com\/pt\/wp-json\/wp\/v2\/product_tag?post=1032"}],"curies":[{"name":"wp","href":"https:\/\/api.w.org\/{rel}","templated":true}]}}