{"id":1033,"date":"2023-04-15T13:59:09","date_gmt":"2023-04-15T05:59:09","guid":{"rendered":"https:\/\/fsportsnet.com\/?post_type=product&#038;p=1033"},"modified":"2023-04-15T14:02:38","modified_gmt":"2023-04-15T06:02:38","slug":"pop-up-golf-chipping-net-indoor-outdoor-golfing-target-net","status":"publish","type":"product","link":"https:\/\/fsportsnet.com\/pt\/product\/pop-up-golf-chipping-net-indoor-outdoor-golfing-target-net\/","title":{"rendered":"Rede Pop Up para Chipping de Golfe Rede de Alvo de Golfe para Interior e Exterior"},"content":{"rendered":"<ul class=\"a-unordered-list a-vertical a-spacing-mini\">\n<li>Rede quadrada para estilha\u00e7ar<br \/>\n1. Tamanho: 24\u201d<br \/>\n2. Tela: encaderna\u00e7\u00e3o em poli\u00e9ster 210D<br \/>\n3. Estrutura: \u03a63mm fio de a\u00e7o, 7mm fibra de vidro<br \/>\n4. Embalagem: 1 conjunto em saco oxford, 20 conjuntos numa (caixa de cart\u00e3o)<\/li>\n<li>\u3010PRATICAR COMO UM PRO\u3011Fsports utiliza tr\u00eas alvos em nosso design de rede para ajudar a melhorar sua precis\u00e3o de chipping de curta dist\u00e2ncia. Esta \u00e9 uma rede de chipping obrigat\u00f3ria para jogadores de golfe de todos os n\u00edveis!<br \/>\n\u3010GOLFE EM QUALQUER LUGAR\u3011A rede pode ser embalada em uma bolsa de m\u00e3o de 1,2 p\u00e9s e pesa apenas 1 libra. Por ser leve, dobr\u00e1vel e port\u00e1til, nossa rede \u00e9 adequada para jogos internos \/ externos em qualquer lugar!<br \/>\n\u3010FAMILIAR AO USU\u00c1RIO\u3011 Nosso design pop-up instant\u00e2neo ajuda voc\u00ea a configurar a rede em segundos, sem ferramentas. Tudo que voc\u00ea precisa \u00e9 de um espa\u00e7o de 24 \u2033!<br \/>\n\u3010DIVIRTA-SE COM OS AMIGOS\u3011 Prepare um jogo ou uma partida amig\u00e1vel usando os tr\u00eas bolsos de alvo com sua fam\u00edlia, amigos ou colegas. PodiuMax \u00e9 um presente perfeito para os amantes do golfe.<br \/>\n\u3010NOTA\u3011 Sugerimos que voc\u00ea use bolas de espuma de golfe para praticar com esta rede de chipping.<\/li>\n<\/ul>","protected":false},"excerpt":{"rendered":"<p id=\"title\" class=\"a-size-large a-spacing-none\">Organize um jogo ou uma partida amig\u00e1vel utilizando os tr\u00eas bolsos para alvos com a sua fam\u00edlia, amigos ou colegas. O Fsports \u00e9 um presente perfeito para os amantes do golfe.<\/p>","protected":false},"featured_media":1000,"template":"","meta":{"_gspb_post_css":""},"product_brand":[],"product_cat":[26],"product_tag":[],"class_list":{"0":"post-1033","1":"product","2":"type-product","3":"status-publish","4":"has-post-thumbnail","6":"product_cat-golf-net","8":"first","9":"instock","10":"shipping-taxable","11":"product-type-simple"},"_links":{"self":[{"href":"https:\/\/fsportsnet.com\/pt\/wp-json\/wp\/v2\/product\/1033","targetHints":{"allow":["GET"]}}],"collection":[{"href":"https:\/\/fsportsnet.com\/pt\/wp-json\/wp\/v2\/product"}],"about":[{"href":"https:\/\/fsportsnet.com\/pt\/wp-json\/wp\/v2\/types\/product"}],"wp:featuredmedia":[{"embeddable":true,"href":"https:\/\/fsportsnet.com\/pt\/wp-json\/wp\/v2\/media\/1000"}],"wp:attachment":[{"href":"https:\/\/fsportsnet.com\/pt\/wp-json\/wp\/v2\/media?parent=1033"}],"wp:term":[{"taxonomy":"product_brand","embeddable":true,"href":"https:\/\/fsportsnet.com\/pt\/wp-json\/wp\/v2\/product_brand?post=1033"},{"taxonomy":"product_cat","embeddable":true,"href":"https:\/\/fsportsnet.com\/pt\/wp-json\/wp\/v2\/product_cat?post=1033"},{"taxonomy":"product_tag","embeddable":true,"href":"https:\/\/fsportsnet.com\/pt\/wp-json\/wp\/v2\/product_tag?post=1033"}],"curies":[{"name":"wp","href":"https:\/\/api.w.org\/{rel}","templated":true}]}}