{"id":1034,"date":"2023-04-15T14:03:02","date_gmt":"2023-04-15T06:03:02","guid":{"rendered":"https:\/\/fsportsnet.com\/?post_type=product&#038;p=1034"},"modified":"2023-04-21T16:48:14","modified_gmt":"2023-04-21T08:48:14","slug":"baseball-softball-and-golf-hanging-net-for-hitting-pitching-and-driving-practice","status":"publish","type":"product","link":"https:\/\/fsportsnet.com\/pt\/product\/baseball-softball-and-golf-hanging-net-for-hitting-pitching-and-driving-practice\/","title":{"rendered":"Rede suspensa de basebol, softbol e golfe para praticar tacadas, lan\u00e7amentos e condu\u00e7\u00e3o"},"content":{"rendered":"<ul>\n<li>Rede de golfe Ez<br \/>\nTamanho: 7 x 7\u2032<br \/>\nRede: Rede sem n\u00f3s de poli\u00e9ster branco de 3 camadas de 1\u2033 com encaderna\u00e7\u00e3o em tecido 420D<br \/>\nEstrutura: Tubo de a\u00e7o de 7\/8\u201d de di\u00e2metro, 0,8 mm e revestimento em p\u00f3 preto<br \/>\nPoste: \u03a612.7mm fibra de vidro preta s\u00f3lida<br \/>\nSaco: Tecido oxford 420D preto PU<br \/>\nAcess\u00f3rios: estacas + instru\u00e7\u00f5es A4<br \/>\nEmbalagens: Cada conjunto em uma caixa K = K, 87cm X 14,6cm X 14,6cm \uff0c GW 5,5kg<\/li>\n<li>A rede de treino grande, com 7 p\u00e9s de largura, fica pendurada em aberturas de portas de garagem ou noutros espa\u00e7os amplos<br \/>\nPermite aos jogadores praticar a tacada a partir de um tee de basebol ou de golfe em casa<br \/>\nO poste inferior em fibra de vidro proporciona uma estrutura \u00e0 rede, reduz o retrocesso e recolhe as bolas durante a pr\u00e1tica<br \/>\nEnrola-se facilmente para cima e para fora do caminho, permitindo que as portas da garagem funcionem normalmente<br \/>\nPontos de fixa\u00e7\u00e3o de liga\u00e7\u00e3o r\u00e1pida para uma montagem e desmontagem f\u00e1ceis<\/li>\n<\/ul>","protected":false},"excerpt":{"rendered":"<p id=\"title\" class=\"a-size-large a-spacing-none\">. Rede de golfe de f\u00e1cil montagem com apenas 2 minutos para montar a rede de pr\u00e1tica de golfe e desmontar em 2 minutos. O quintal da rede de golfe \u00e9 adequado para melhorar as suas capacidades, independentemente da chuva ou do sol. Escolha a rede de golfe Fsports, pegue nos seus tacos de golfe, sinta a divers\u00e3o de fazer golfe com os seus amigos e a sua fam\u00edlia! Cada rede de golfe tem um saco de transporte dur\u00e1vel para ajud\u00e1-lo a armazenar e levar facilmente!<\/p>","protected":false},"featured_media":980,"template":"","meta":{"_gspb_post_css":""},"product_brand":[],"product_cat":[26],"product_tag":[],"class_list":{"0":"post-1034","1":"product","2":"type-product","3":"status-publish","4":"has-post-thumbnail","6":"product_cat-golf-net","8":"first","9":"instock","10":"shipping-taxable","11":"product-type-simple"},"_links":{"self":[{"href":"https:\/\/fsportsnet.com\/pt\/wp-json\/wp\/v2\/product\/1034","targetHints":{"allow":["GET"]}}],"collection":[{"href":"https:\/\/fsportsnet.com\/pt\/wp-json\/wp\/v2\/product"}],"about":[{"href":"https:\/\/fsportsnet.com\/pt\/wp-json\/wp\/v2\/types\/product"}],"wp:featuredmedia":[{"embeddable":true,"href":"https:\/\/fsportsnet.com\/pt\/wp-json\/wp\/v2\/media\/980"}],"wp:attachment":[{"href":"https:\/\/fsportsnet.com\/pt\/wp-json\/wp\/v2\/media?parent=1034"}],"wp:term":[{"taxonomy":"product_brand","embeddable":true,"href":"https:\/\/fsportsnet.com\/pt\/wp-json\/wp\/v2\/product_brand?post=1034"},{"taxonomy":"product_cat","embeddable":true,"href":"https:\/\/fsportsnet.com\/pt\/wp-json\/wp\/v2\/product_cat?post=1034"},{"taxonomy":"product_tag","embeddable":true,"href":"https:\/\/fsportsnet.com\/pt\/wp-json\/wp\/v2\/product_tag?post=1034"}],"curies":[{"name":"wp","href":"https:\/\/api.w.org\/{rel}","templated":true}]}}