{"id":1035,"date":"2023-04-15T14:19:32","date_gmt":"2023-04-15T06:19:32","guid":{"rendered":"https:\/\/fsportsnet.com\/?post_type=product&#038;p=1035"},"modified":"2023-04-15T14:24:18","modified_gmt":"2023-04-15T06:24:18","slug":"extra-large-golf-chipping-net-with-complete-setup-accessories","status":"publish","type":"product","link":"https:\/\/fsportsnet.com\/pt\/product\/extra-large-golf-chipping-net-with-complete-setup-accessories\/","title":{"rendered":"Rede de chipping de golfe extra grande com acess\u00f3rios de instala\u00e7\u00e3o completos"},"content":{"rendered":"<ul>\n<li><span class=\"a-list-item\">Jogar golfe no quintal - Praticar as suas tacadas com chip e a sua precis\u00e3o \u00e9 f\u00e1cil e c\u00f3modo com esta rede de pr\u00e1tica de golfe extra grande. A nossa rede de golfe \u00e9 ideal para utiliza\u00e7\u00e3o no exterior\/no interior. Concebemos esta rede com 4 alvos coloridos, para que possa bater as suas fichas de diferentes \u00e2ngulos.<\/span><\/li>\n<li><span class=\"a-list-item\">O seu conjunto completo de rede de treino de golfe - Configure este equipamento de ajuda ao golfe num instante. Cada conjunto inclui estacas, varas, um saco de transporte e um manual de instru\u00e7\u00f5es. Divirta-se e pratique golfe ao ar livre\/no interior com os seus amigos e fam\u00edlia, em qualquer altura.<\/span><\/li>\n<li><span class=\"a-list-item\">Dur\u00e1vel e funcional - O tecido resistente e o material de rede de golfe que utilizamos nas nossas redes de golfe mant\u00eam-se fortes apesar da utiliza\u00e7\u00e3o regular. Cada rede de golfe de 50 polegadas de largura x 35 polegadas de comprimento tem tamb\u00e9m bolsos de recolha de bolas incorporados, para que n\u00e3o tenha de apanhar bolas de golfe no quintal.<\/span><\/li>\n<li><span class=\"a-list-item\">F\u00e1cil de montar e guardar - Monte a nossa rede de golfe leve para o seu quintal em minutos. Cada rede de golfe para exterior\/interior \u00e9 fornecida com um saco elegante, para que possa arrum\u00e1-la facilmente ap\u00f3s a utiliza\u00e7\u00e3o.<\/span><\/li>\n<li><span class=\"a-list-item\">Prenda ideal para golfistas e entusiastas do golfe - Procura uma prenda pr\u00e1tica? N\u00e3o precisa de procurar mais do que as nossas redes de bater golfe! Estes acess\u00f3rios de golfe para homem e mulher far\u00e3o as del\u00edcias de quem quer melhorar a sua precis\u00e3o e tornar-se um profissional do chipping.<\/span><\/li>\n<li><\/li>\n<\/ul>","protected":false},"excerpt":{"rendered":"<p class=\"a-size-large a-spacing-none\">. Rede de golfe f\u00e1cil de montar, com apenas 2 minutos para montar a rede de pr\u00e1tica de golfe e desmontar em 2 minutos.<\/p>\n<p id=\"title\" class=\"a-size-large a-spacing-none\"><span id=\"productTitle\" class=\"a-size-medium product-title-word-break product-title-resize\">Big Strike Golf - Rede de chipping de golfe extra grande. Rede de pr\u00e1tica de golfe com 4 alvos coloridos, equipamento de treino de golfe para interiores e exteriores, rede dur\u00e1vel para bater fichas de golfe com acess\u00f3rios de instala\u00e7\u00e3o completos<\/span><\/p>","protected":false},"featured_media":1009,"template":"","meta":{"_gspb_post_css":""},"product_brand":[],"product_cat":[26],"product_tag":[],"class_list":{"0":"post-1035","1":"product","2":"type-product","3":"status-publish","4":"has-post-thumbnail","6":"product_cat-golf-net","8":"first","9":"instock","10":"shipping-taxable","11":"product-type-simple"},"_links":{"self":[{"href":"https:\/\/fsportsnet.com\/pt\/wp-json\/wp\/v2\/product\/1035","targetHints":{"allow":["GET"]}}],"collection":[{"href":"https:\/\/fsportsnet.com\/pt\/wp-json\/wp\/v2\/product"}],"about":[{"href":"https:\/\/fsportsnet.com\/pt\/wp-json\/wp\/v2\/types\/product"}],"wp:featuredmedia":[{"embeddable":true,"href":"https:\/\/fsportsnet.com\/pt\/wp-json\/wp\/v2\/media\/1009"}],"wp:attachment":[{"href":"https:\/\/fsportsnet.com\/pt\/wp-json\/wp\/v2\/media?parent=1035"}],"wp:term":[{"taxonomy":"product_brand","embeddable":true,"href":"https:\/\/fsportsnet.com\/pt\/wp-json\/wp\/v2\/product_brand?post=1035"},{"taxonomy":"product_cat","embeddable":true,"href":"https:\/\/fsportsnet.com\/pt\/wp-json\/wp\/v2\/product_cat?post=1035"},{"taxonomy":"product_tag","embeddable":true,"href":"https:\/\/fsportsnet.com\/pt\/wp-json\/wp\/v2\/product_tag?post=1035"}],"curies":[{"name":"wp","href":"https:\/\/api.w.org\/{rel}","templated":true}]}}