{"id":1036,"date":"2023-04-15T14:24:32","date_gmt":"2023-04-15T06:24:32","guid":{"rendered":"https:\/\/fsportsnet.com\/?post_type=product&#038;p=1036"},"modified":"2023-04-15T14:31:28","modified_gmt":"2023-04-15T06:31:28","slug":"home-golf-driving-range-kit-with-net-golf-balls-launch-pad-and-tees","status":"publish","type":"product","link":"https:\/\/fsportsnet.com\/pt\/product\/home-golf-driving-range-kit-with-net-golf-balls-launch-pad-and-tees\/","title":{"rendered":"Home Golf Driving Range Kit com rede, bolas de golfe, plataforma de lan\u00e7amento e tees"},"content":{"rendered":"<ul>\n<li>O kit do driving range para utilizar em casa inclui uma rede de treino, bolas de golfe Impact de voo limitado, uma rampa de lan\u00e7amento e dois tees de borracha<\/li>\n<li>F\u00e1cil de montar no quintal, na garagem ou na cave para praticar drives, ferros, cunhas e chips sem ter de se deslocar ao campo de golfe<\/li>\n<li>A rede de pr\u00e1tica de 7 p\u00e9s possui postes com cordas de choque para uma montagem e desmontagem r\u00e1pidas; a rampa de lan\u00e7amento possui mentiras de rough e fairway para uma melhor simula\u00e7\u00e3o do campo<\/li>\n<li>Inclui 12 bolas de golfe Impact de voo limitado que s\u00e3o dur\u00e1veis, resistentes a amolgadelas e seguras, permitindo a pr\u00e1tica em espa\u00e7os pequenos; jogue com um tee de borracha de 1 ou 2 polegadas<\/li>\n<li>O kit duradouro e de elevado desempenho \u00e9 ideal para todas as tacadas, exceto o putting; optimize o tempo de pr\u00e1tica do swing sem a preocupa\u00e7\u00e3o do mau tempo ou do custo das bolas de golfe<\/li>\n<\/ul>","protected":false},"excerpt":{"rendered":"<p class=\"a-size-large a-spacing-none\">. Rede de golfe f\u00e1cil de montar, com apenas 2 minutos para montar a rede de pr\u00e1tica de golfe e desmontar em 2 minutos.<\/p>\n<p id=\"title\" class=\"a-size-large a-spacing-none\">","protected":false},"featured_media":1006,"template":"","meta":{"_gspb_post_css":""},"product_brand":[],"product_cat":[26],"product_tag":[],"class_list":{"0":"post-1036","1":"product","2":"type-product","3":"status-publish","4":"has-post-thumbnail","6":"product_cat-golf-net","8":"first","9":"instock","10":"shipping-taxable","11":"product-type-simple"},"_links":{"self":[{"href":"https:\/\/fsportsnet.com\/pt\/wp-json\/wp\/v2\/product\/1036","targetHints":{"allow":["GET"]}}],"collection":[{"href":"https:\/\/fsportsnet.com\/pt\/wp-json\/wp\/v2\/product"}],"about":[{"href":"https:\/\/fsportsnet.com\/pt\/wp-json\/wp\/v2\/types\/product"}],"wp:featuredmedia":[{"embeddable":true,"href":"https:\/\/fsportsnet.com\/pt\/wp-json\/wp\/v2\/media\/1006"}],"wp:attachment":[{"href":"https:\/\/fsportsnet.com\/pt\/wp-json\/wp\/v2\/media?parent=1036"}],"wp:term":[{"taxonomy":"product_brand","embeddable":true,"href":"https:\/\/fsportsnet.com\/pt\/wp-json\/wp\/v2\/product_brand?post=1036"},{"taxonomy":"product_cat","embeddable":true,"href":"https:\/\/fsportsnet.com\/pt\/wp-json\/wp\/v2\/product_cat?post=1036"},{"taxonomy":"product_tag","embeddable":true,"href":"https:\/\/fsportsnet.com\/pt\/wp-json\/wp\/v2\/product_tag?post=1036"}],"curies":[{"name":"wp","href":"https:\/\/api.w.org\/{rel}","templated":true}]}}