{"id":1038,"date":"2023-04-15T14:32:10","date_gmt":"2023-04-15T06:32:10","guid":{"rendered":"https:\/\/fsportsnet.com\/?post_type=product&#038;p=1038"},"modified":"2023-04-15T14:40:14","modified_gmt":"2023-04-15T06:40:14","slug":"golf-catch-all-net-extra-large-golf-hitting-net-for-your-backyard-or-home-range","status":"publish","type":"product","link":"https:\/\/fsportsnet.com\/pt\/product\/golf-catch-all-net-extra-large-golf-hitting-net-for-your-backyard-or-home-range\/","title":{"rendered":"Rede de Golfe Catch All Net Extra Grande para Bater Golfe para o seu quintal ou para a sua casa"},"content":{"rendered":"<ul>\n<li>A rede foi concebida para devolver com seguran\u00e7a a bola de golfe ao fundo da rede na bacia de recolha<br \/>\nA rede dur\u00e1vel \u00e9 capaz de suportar velocidades de bola at\u00e9 150 mph<br \/>\nA rede de golfe de grandes dimens\u00f5es est\u00e1 dispon\u00edvel em 12\u2032 x 10\u2032, 10\u2032 x 8\u2032 e 8\u2032 x 7\u2032<br \/>\nOs postes de fibra de vidro duradouros proporcionam um suporte robusto para que a rede nunca se dobre<br \/>\nAs redes Fsports Catch All s\u00e3o facilmente montadas e desmontadas em poucos minutos<\/li>\n<\/ul>","protected":false},"excerpt":{"rendered":"<p class=\"a-size-large a-spacing-none\">. Rede de golfe f\u00e1cil de montar, com apenas 2 minutos para montar a rede de pr\u00e1tica de golfe e desmontar em 2 minutos.<\/p>\n<p id=\"title\" class=\"a-size-large a-spacing-none\">","protected":false},"featured_media":1017,"template":"","meta":{"_gspb_post_css":""},"product_brand":[],"product_cat":[26],"product_tag":[],"class_list":{"0":"post-1038","1":"product","2":"type-product","3":"status-publish","4":"has-post-thumbnail","6":"product_cat-golf-net","8":"first","9":"instock","10":"shipping-taxable","11":"product-type-simple"},"_links":{"self":[{"href":"https:\/\/fsportsnet.com\/pt\/wp-json\/wp\/v2\/product\/1038","targetHints":{"allow":["GET"]}}],"collection":[{"href":"https:\/\/fsportsnet.com\/pt\/wp-json\/wp\/v2\/product"}],"about":[{"href":"https:\/\/fsportsnet.com\/pt\/wp-json\/wp\/v2\/types\/product"}],"wp:featuredmedia":[{"embeddable":true,"href":"https:\/\/fsportsnet.com\/pt\/wp-json\/wp\/v2\/media\/1017"}],"wp:attachment":[{"href":"https:\/\/fsportsnet.com\/pt\/wp-json\/wp\/v2\/media?parent=1038"}],"wp:term":[{"taxonomy":"product_brand","embeddable":true,"href":"https:\/\/fsportsnet.com\/pt\/wp-json\/wp\/v2\/product_brand?post=1038"},{"taxonomy":"product_cat","embeddable":true,"href":"https:\/\/fsportsnet.com\/pt\/wp-json\/wp\/v2\/product_cat?post=1038"},{"taxonomy":"product_tag","embeddable":true,"href":"https:\/\/fsportsnet.com\/pt\/wp-json\/wp\/v2\/product_tag?post=1038"}],"curies":[{"name":"wp","href":"https:\/\/api.w.org\/{rel}","templated":true}]}}