{"id":1039,"date":"2023-04-15T14:40:46","date_gmt":"2023-04-15T06:40:46","guid":{"rendered":"https:\/\/fsportsnet.com\/?post_type=product&#038;p=1039"},"modified":"2023-04-15T15:06:57","modified_gmt":"2023-04-15T07:06:57","slug":"golf-practice-net-golf-net-golf-nets-for-backyard-driving-golf-net","status":"publish","type":"product","link":"https:\/\/fsportsnet.com\/pt\/product\/golf-practice-net-golf-net-golf-nets-for-backyard-driving-golf-net\/","title":{"rendered":"Rede de pr\u00e1tica de golfe Rede de golfe Redes de golfe para condu\u00e7\u00e3o no quintal Rede de golfe"},"content":{"rendered":"<ul>\n<li>TAMANHO ABERTO 7ft(H)X8ft(W) . F\u00e1cil montagem da rede de golfe com apenas 2 minutos para montar a rede de pr\u00e1tica de golfe e quebrar em 2 minutos. O quintal da rede de golfe \u00e9 adequado para melhorar suas habilidades, n\u00e3o importa a chuva ou o sol. Escolha a rede FSports, pegue seus tacos de golfe, sinta o golfe divertido fazendo com seus amigos e sua fam\u00edlia! Cada rede de golfe tem um saco de transporte dur\u00e1vel para ajud\u00e1-lo a armazenar e levar facilmente!\n<p>BALAN\u00c7O CONFIANTE<br \/>\nA Rede de Golfe Galileo \u00e9 a melhor escolha se quiser praticar golfe em qualquer altura e em qualquer lugar, seja na sua sala de estar, no seu jardim ou na sua garagem, como quiser. Mesmo os entusiastas do golfe mais dedicados n\u00e3o podem estar no campo de golfe durante todo o ano, mas podem faz\u00ea-lo com a nossa rede de golfe em casa. A rede de golfe Galileo \u00e9 ideal para jogadores de golfe principiantes e interm\u00e9dios.<\/p>\n<p>MELHORAR A PONTARIA<br \/>\nO Galileo Driving Range com um grande alvo de Golfe de 40x30in, tornando poss\u00edvel segurar mais bolas de golfe. As hastes de suporte s\u00e3o cobertas por mais tubos, tornando a estrutura da rede mais est\u00e1vel e mais segura para bater a bola. O nosso alvo de batida \u00e9 feito de material anti-ataque de veludo mercerizado, pode ficar descansado e desfrutar da batida sem se preocupar em atirar o quintal do seu vizinho.<\/p>\n<p>MATERIAL ANTI-BATIDA<br \/>\nEsta rede de golfe de quintal \u00e9 feita de uma base de a\u00e7o ponderada de alta qualidade, uma rede de golfe resistente e espessa e postes de fibra de vidro que permitem uma for\u00e7a incr\u00edvel, mas tamb\u00e9m uma flexibilidade que faz com que a rede de golfe n\u00e3o enferruje ou se deforme com o ferro refor\u00e7ado na parte inferior.<\/li>\n<\/ul>","protected":false},"excerpt":{"rendered":"<p class=\"a-size-large a-spacing-none\">A rede de golfe para quintal \u00e9 adequada para melhorar as suas capacidades, fa\u00e7a chuva ou fa\u00e7a sol. Escolha a rede FSports, pegue nos seus tacos de golfe e sinta a divers\u00e3o de jogar golfe com os seus amigos e a sua fam\u00edlia! Cada rede de golfe tem um saco de transporte dur\u00e1vel para ajud\u00e1-lo a armazenar e levar facilmente!<\/p>\n<p id=\"title\" class=\"a-size-large a-spacing-none\">","protected":false},"featured_media":1019,"template":"","meta":{"_gspb_post_css":""},"product_brand":[],"product_cat":[26],"product_tag":[],"class_list":{"0":"post-1039","1":"product","2":"type-product","3":"status-publish","4":"has-post-thumbnail","6":"product_cat-golf-net","8":"first","9":"instock","10":"shipping-taxable","11":"product-type-simple"},"_links":{"self":[{"href":"https:\/\/fsportsnet.com\/pt\/wp-json\/wp\/v2\/product\/1039","targetHints":{"allow":["GET"]}}],"collection":[{"href":"https:\/\/fsportsnet.com\/pt\/wp-json\/wp\/v2\/product"}],"about":[{"href":"https:\/\/fsportsnet.com\/pt\/wp-json\/wp\/v2\/types\/product"}],"wp:featuredmedia":[{"embeddable":true,"href":"https:\/\/fsportsnet.com\/pt\/wp-json\/wp\/v2\/media\/1019"}],"wp:attachment":[{"href":"https:\/\/fsportsnet.com\/pt\/wp-json\/wp\/v2\/media?parent=1039"}],"wp:term":[{"taxonomy":"product_brand","embeddable":true,"href":"https:\/\/fsportsnet.com\/pt\/wp-json\/wp\/v2\/product_brand?post=1039"},{"taxonomy":"product_cat","embeddable":true,"href":"https:\/\/fsportsnet.com\/pt\/wp-json\/wp\/v2\/product_cat?post=1039"},{"taxonomy":"product_tag","embeddable":true,"href":"https:\/\/fsportsnet.com\/pt\/wp-json\/wp\/v2\/product_tag?post=1039"}],"curies":[{"name":"wp","href":"https:\/\/api.w.org\/{rel}","templated":true}]}}