{"id":1040,"date":"2023-04-15T15:07:18","date_gmt":"2023-04-15T07:07:18","guid":{"rendered":"https:\/\/fsportsnet.com\/?post_type=product&#038;p=1040"},"modified":"2023-04-15T15:31:23","modified_gmt":"2023-04-15T07:31:23","slug":"elite-golf-practice-net-with-steel-frame","status":"publish","type":"product","link":"https:\/\/fsportsnet.com\/pt\/product\/elite-golf-practice-net-with-steel-frame\/","title":{"rendered":"Rede de pr\u00e1tica de golfe Elite com estrutura de a\u00e7o"},"content":{"rendered":"<ul>\n<li>PR\u00c1TICA DE ELITE: Rede de pr\u00e1tica de golfe de n\u00edvel superior para os golfistas que querem o melhor; a rede resistente de 10 p\u00e9s x 7,5 p\u00e9s foi concebida para mais de 10 000 tacadas a qualquer velocidade de tacada<br \/>\nGRAU COMERCIAL: Fabricada com uma estrutura de a\u00e7o robusta e uma rede de alta tens\u00e3o de primeira qualidade que \u00e9 3x mais forte do que a nossa rede de golfe mais vendida atualmente<br \/>\nDESIGN MODERNO: Possui uma estrutura de a\u00e7o revestida a p\u00f3 com um elegante acabamento preto acetinado para ficar bem em qualquer casa, escrit\u00f3rio ou quintal; O tamanho montado \u00e9 de 7,5\u2019 de altura x 10\u2019 de largura x 3,5\u2019 de profundidade<br \/>\nMONTAGEM F\u00c1CIL: montagem e desmontagem sem complica\u00e7\u00f5es em menos de 5 minutos com a mala de transporte inclu\u00edda para armazenamento ou transporte; compatibilidade perfeita com o ecr\u00e3 de simula\u00e7\u00e3o de golfe FSports (vendido separadamente) para utiliza\u00e7\u00e3o com simuladores e projectores de golfe<br \/>\nUTILIZA\u00c7\u00c3O NO INTERIOR E NO EXTERIOR: Configure o seu driving range pessoal em casa, no escrit\u00f3rio, na garagem ou no quintal; A rede \u00e9 tamb\u00e9m um backstop vers\u00e1til para treinos multi-desportivos, como basebol, softbol, lacrosse e muito mais<\/li>\n<\/ul>","protected":false},"excerpt":{"rendered":"<p class=\"a-size-large a-spacing-none\">A rede de golfe para quintal \u00e9 adequada para melhorar as suas capacidades, fa\u00e7a chuva ou fa\u00e7a sol. Escolha a rede FSports, pegue nos seus tacos de golfe e sinta a divers\u00e3o de jogar golfe com os seus amigos e a sua fam\u00edlia! Cada rede de golfe tem um saco de transporte dur\u00e1vel para ajud\u00e1-lo a armazenar e levar facilmente!<\/p>\n<p id=\"title\" class=\"a-size-large a-spacing-none\">","protected":false},"featured_media":1041,"template":"","meta":{"_gspb_post_css":""},"product_brand":[],"product_cat":[26],"product_tag":[],"class_list":{"0":"post-1040","1":"product","2":"type-product","3":"status-publish","4":"has-post-thumbnail","6":"product_cat-golf-net","8":"first","9":"instock","10":"shipping-taxable","11":"product-type-simple"},"_links":{"self":[{"href":"https:\/\/fsportsnet.com\/pt\/wp-json\/wp\/v2\/product\/1040","targetHints":{"allow":["GET"]}}],"collection":[{"href":"https:\/\/fsportsnet.com\/pt\/wp-json\/wp\/v2\/product"}],"about":[{"href":"https:\/\/fsportsnet.com\/pt\/wp-json\/wp\/v2\/types\/product"}],"wp:featuredmedia":[{"embeddable":true,"href":"https:\/\/fsportsnet.com\/pt\/wp-json\/wp\/v2\/media\/1041"}],"wp:attachment":[{"href":"https:\/\/fsportsnet.com\/pt\/wp-json\/wp\/v2\/media?parent=1040"}],"wp:term":[{"taxonomy":"product_brand","embeddable":true,"href":"https:\/\/fsportsnet.com\/pt\/wp-json\/wp\/v2\/product_brand?post=1040"},{"taxonomy":"product_cat","embeddable":true,"href":"https:\/\/fsportsnet.com\/pt\/wp-json\/wp\/v2\/product_cat?post=1040"},{"taxonomy":"product_tag","embeddable":true,"href":"https:\/\/fsportsnet.com\/pt\/wp-json\/wp\/v2\/product_tag?post=1040"}],"curies":[{"name":"wp","href":"https:\/\/api.w.org\/{rel}","templated":true}]}}