{"id":1042,"date":"2023-04-15T15:31:41","date_gmt":"2023-04-15T07:31:41","guid":{"rendered":"https:\/\/fsportsnet.com\/?post_type=product&#038;p=1042"},"modified":"2023-04-15T17:12:21","modified_gmt":"2023-04-15T09:12:21","slug":"sport-nets-portable-soccer-goal-bow-frame-soccer-net-with-carry-bag","status":"publish","type":"product","link":"https:\/\/fsportsnet.com\/pt\/product\/sport-nets-portable-soccer-goal-bow-frame-soccer-net-with-carry-bag\/","title":{"rendered":"Redes desportivas Rede de futebol port\u00e1til com arma\u00e7\u00e3o de arco e saco de transporte"},"content":{"rendered":"<p>1. Tamanho: 3\u00d75\u2032, 4\u00d76\u2032, 4\u00d78\u2032, 4\u00d712\u2032, 4\u00d716\u2032, 5\u00d710\u2032, 6\u00d712\u2032, 7\u00d714\u2032, 6\u20196 \u201dx18\u20196\u201d, 7\u00d716\u2032, 7\u00d721\u2032, 8\u00d724\u2032<br \/>\n2. Rede: Rede de poli\u00e9ster sem n\u00f3s de 5 camadas de 4\u201d, 8 camadas de 4\u201d, 22 camadas de 4\u201d<br \/>\n3. Tubo de a\u00e7o: \u03c625mmx25mm, \u03c630mmx30mm<br \/>\n4. Fibra de vidro: \u03c612,7mm, \u03c614mm, \u03c616mm, \u03c619mm<\/p>\n<p>Inclui uma baliza de futebol com arma\u00e7\u00e3o em arco retangular (arma\u00e7\u00e3o dobrada para permitir a dist\u00e2ncia ao solo) com estacas de a\u00e7o para o solo e um saco de transporte com fecho de correr e al\u00e7a<br \/>\nDispon\u00edvel em v\u00e1rios tamanhos de balizas, pode ser utilizado por todas as idades, crian\u00e7as, jovens, adultos ou treinadores. Utilizar para jogos da liga, escola, torneios ou treinos a solo<br \/>\nA rede de baliza de futebol da Fsports pode utilizar facilmente pesos de estabilidade para superf\u00edcies de pavimento interior, gin\u00e1sios, instala\u00e7\u00f5es de futebol de sal\u00e3o e muito mais.<br \/>\nAs redes de futebol para o quintal incluem estacas met\u00e1licas para estabilidade para jogar em superf\u00edcies de relva, areia ou relvado.<br \/>\nFabricada com a nossa rede de polietileno com n\u00f3s, resistente a todas as condi\u00e7\u00f5es climat\u00e9ricas e ao desgaste, e uma estrutura de a\u00e7o revestida a preto com hastes de fibra de vidro flex\u00edveis para trabalhos pesados<br \/>\nBalizas de futebol para o quintal, jogos de recolha, jogos de treino, exerc\u00edcios, no parque, em casa, no campo ou na praia. Leve para qualquer lado, port\u00e1til e leve<br \/>\nF\u00e1cil de montar e desmontar, sem necessidade de ferramentas. A estrutura de base met\u00e1lica dur\u00e1vel estende-se facilmente para um treino de futebol r\u00e1pido ou para jogar em viagem. Ideal para qualquer tipo de terreno, uma vez que a estrutura de base foi concebida para ser inclinada para permitir uma maior dist\u00e2ncia ao solo<br \/>\nAs balizas de futebol port\u00e1teis Fsports cabem facilmente no nosso saco de transporte com fecho de correr refor\u00e7ado e pega. Inclui uma rede de velcro dur\u00e1vel que foi constru\u00edda para durar<br \/>\nGuarde na sua garagem, em casa, num barrac\u00e3o ou leve para qualquer lado, de forma r\u00e1pida e f\u00e1cil. Design de armazenamento compacto e port\u00e1til para caber em qualquer bagageira ou banco traseiro de autom\u00f3vel.<br \/>\nUtiliza bolas de futebol regulamentares de tamanho 3, 4 ou 5. Leve o seu jogo para o pr\u00f3ximo n\u00edvel com o nosso equipamento de futebol de viagem dobr\u00e1vel.<\/p>","protected":false},"excerpt":{"rendered":"<p>Rede de baliza de futebol port\u00e1til para o quintal, rede desportiva Rede de futebol desportiva instant\u00e2nea e port\u00e1til, todas as idades e n\u00edveis de aptid\u00e3o e em qualquer lugar, para treino e jogos, 1 baliza + 1 saco de transporte, dispon\u00edvel em v\u00e1rios tamanhos<\/p>","protected":false},"featured_media":1047,"template":"","meta":{"_gspb_post_css":""},"product_brand":[],"product_cat":[29],"product_tag":[],"class_list":{"0":"post-1042","1":"product","2":"type-product","3":"status-publish","4":"has-post-thumbnail","6":"product_cat-soccer-goal","8":"first","9":"instock","10":"shipping-taxable","11":"product-type-simple"},"_links":{"self":[{"href":"https:\/\/fsportsnet.com\/pt\/wp-json\/wp\/v2\/product\/1042","targetHints":{"allow":["GET"]}}],"collection":[{"href":"https:\/\/fsportsnet.com\/pt\/wp-json\/wp\/v2\/product"}],"about":[{"href":"https:\/\/fsportsnet.com\/pt\/wp-json\/wp\/v2\/types\/product"}],"wp:featuredmedia":[{"embeddable":true,"href":"https:\/\/fsportsnet.com\/pt\/wp-json\/wp\/v2\/media\/1047"}],"wp:attachment":[{"href":"https:\/\/fsportsnet.com\/pt\/wp-json\/wp\/v2\/media?parent=1042"}],"wp:term":[{"taxonomy":"product_brand","embeddable":true,"href":"https:\/\/fsportsnet.com\/pt\/wp-json\/wp\/v2\/product_brand?post=1042"},{"taxonomy":"product_cat","embeddable":true,"href":"https:\/\/fsportsnet.com\/pt\/wp-json\/wp\/v2\/product_cat?post=1042"},{"taxonomy":"product_tag","embeddable":true,"href":"https:\/\/fsportsnet.com\/pt\/wp-json\/wp\/v2\/product_tag?post=1042"}],"curies":[{"name":"wp","href":"https:\/\/api.w.org\/{rel}","templated":true}]}}