{"id":1054,"date":"2023-04-15T17:13:17","date_gmt":"2023-04-15T09:13:17","guid":{"rendered":"https:\/\/fsportsnet.com\/?post_type=product&#038;p=1054"},"modified":"2023-04-15T17:16:19","modified_gmt":"2023-04-15T09:16:19","slug":"portable-soccer-goal-net-for-backyard","status":"publish","type":"product","link":"https:\/\/fsportsnet.com\/pt\/product\/portable-soccer-goal-net-for-backyard\/","title":{"rendered":"Rede de baliza de futebol port\u00e1til para o quintal"},"content":{"rendered":"<p>1. Tamanho: 3\u00d75\u2032, 4\u00d76\u2032, 4\u00d78\u2032, 4\u00d712\u2032, 4\u00d716\u2032, 5\u00d710\u2032, 6\u00d712\u2032, 7\u00d714\u2032, 6\u20196 \u201dx18\u20196\u201d, 7\u00d716\u2032, 7\u00d721\u2032, 8\u00d724\u2032<br \/>\n2. Rede: Rede de poli\u00e9ster sem n\u00f3s de 5 camadas de 4\u201d, 8 camadas de 4\u201d, 22 camadas de 4\u201d<br \/>\n3. Tubo de a\u00e7o: \u03c625mmx25mm, \u03c630mmx30mm<br \/>\n4. Fibra de vidro: \u03c612,7mm, \u03c614mm, \u03c616mm, \u03c619mm<\/p>\n<ul class=\"a-unordered-list a-vertical a-spacing-mini\">\n<li><span class=\"a-list-item\">\u3010M\u00faltiplas Escolhas\u3011 A rede de futebol dur\u00e1vel port\u00e1til est\u00e1 dispon\u00edvel em tr\u00eas tamanhos de golos e \u00e9 adequada para todas as idades, o que significa que pode escolher o objetivo de futebol certo para as suas necessidades, para a liga, escola, campeonato ou treinos individuais. O design gradiente tamb\u00e9m \u00e9 \u00fanico.<\/span><\/li>\n<li><span class=\"a-list-item\">\u3010Quick Setup\u3011Esta rede de golos de futebol \u00e9 muito f\u00e1cil de instalar e remover, tal como montar uma tenda. Mesmo que possa ser complicado come\u00e7ar, consulte o v\u00eddeo de instala\u00e7\u00e3o que acompanha e as instru\u00e7\u00f5es de instala\u00e7\u00e3o, uma vez que voc\u00ea pega o jeito, voc\u00ea s\u00f3 precisa de 80 segundos. a juventude leva de 2 a 6 minutos.<\/span><\/li>\n<li><span class=\"a-list-item\">\u3010Remov\u00edvel\u3011O objetivo do futebol de treinamento Fsports dobra-se r\u00e1pida e facilmente para mobilidade e portabilidade instant\u00e2neas. O port\u00e3o de futebol \u00e9 adequado para quintais, garagens, embaralhamentos, exerc\u00edcios, treinamento; quando \u00e9 usado no quintal, voc\u00ea tamb\u00e9m n\u00e3o corta a grama ao redor ou deixa um monte de pontos mortos no gramado.<\/span><\/li>\n<li><span class=\"a-list-item\">\u3010Super dur\u00e1vel\u3011Com o suporte de malha super dur\u00e1vel de 8 fios multi-drag\u00e3o sem n\u00f3s e tubos de metal quadrado e fibra de vidro para servi\u00e7os pesados, o objetivo do futebol \u00e9 dur\u00e1vel; base curva telesc\u00f3pica para estabilidade em terreno acidentado, pregos de solo em forma de U s\u00e3o usados para estabiliza\u00e7\u00e3o. Tamanho da grelha de 4 polegadas, a bola n\u00e3o \u00e9 f\u00e1cil de voar para fora.<\/span><\/li>\n<li><span class=\"a-list-item\">\u3010Acess\u00f3rios completos\u3011Voc\u00ea recebe 1 rede de futebol e estrutura, 4 pregos de piso em forma de U, 1 saco de armazenamento com z\u00edper port\u00e1til elegante e resistente. Embala em uma bolsa de transporte para armazenamento e transporte de longo prazo e pode ser usado em quase todos os ve\u00edculos. Pode ser utilizada tanto no exterior como no interior, no parque, em casa, no campo ou na praia.<\/span><\/li>\n<\/ul>","protected":false},"excerpt":{"rendered":"<p>As balizas de futebol port\u00e1teis cabem facilmente no nosso saco de transporte com fecho de correr refor\u00e7ado e pega. Inclui uma rede de velcro dur\u00e1vel que foi constru\u00edda para durar.<br \/>\nGuarde na sua garagem, em casa, num barrac\u00e3o ou leve para qualquer lado, de forma r\u00e1pida e f\u00e1cil. Design de armazenamento compacto e port\u00e1til para caber em qualquer bagageira ou banco traseiro de autom\u00f3vel.<\/p>","protected":false},"featured_media":1048,"template":"","meta":{"_gspb_post_css":""},"product_brand":[],"product_cat":[29],"product_tag":[],"class_list":{"0":"post-1054","1":"product","2":"type-product","3":"status-publish","4":"has-post-thumbnail","6":"product_cat-soccer-goal","8":"first","9":"instock","10":"shipping-taxable","11":"product-type-simple"},"_links":{"self":[{"href":"https:\/\/fsportsnet.com\/pt\/wp-json\/wp\/v2\/product\/1054","targetHints":{"allow":["GET"]}}],"collection":[{"href":"https:\/\/fsportsnet.com\/pt\/wp-json\/wp\/v2\/product"}],"about":[{"href":"https:\/\/fsportsnet.com\/pt\/wp-json\/wp\/v2\/types\/product"}],"wp:featuredmedia":[{"embeddable":true,"href":"https:\/\/fsportsnet.com\/pt\/wp-json\/wp\/v2\/media\/1048"}],"wp:attachment":[{"href":"https:\/\/fsportsnet.com\/pt\/wp-json\/wp\/v2\/media?parent=1054"}],"wp:term":[{"taxonomy":"product_brand","embeddable":true,"href":"https:\/\/fsportsnet.com\/pt\/wp-json\/wp\/v2\/product_brand?post=1054"},{"taxonomy":"product_cat","embeddable":true,"href":"https:\/\/fsportsnet.com\/pt\/wp-json\/wp\/v2\/product_cat?post=1054"},{"taxonomy":"product_tag","embeddable":true,"href":"https:\/\/fsportsnet.com\/pt\/wp-json\/wp\/v2\/product_tag?post=1054"}],"curies":[{"name":"wp","href":"https:\/\/api.w.org\/{rel}","templated":true}]}}