{"id":1055,"date":"2023-04-17T09:19:58","date_gmt":"2023-04-17T01:19:58","guid":{"rendered":"https:\/\/fsportsnet.com\/?post_type=product&#038;p=1055"},"modified":"2023-04-17T13:36:09","modified_gmt":"2023-04-17T05:36:09","slug":"quickster-portable-soccer-goal-and-net","status":"publish","type":"product","link":"https:\/\/fsportsnet.com\/pt\/product\/quickster-portable-soccer-goal-and-net\/","title":{"rendered":"Baliza de futebol port\u00e1til desportiva para crian\u00e7as Rede de futebol de quintal 6 x 4 p\u00e9s"},"content":{"rendered":"<p>OBJECTIVO PARA JOVENS: Este objetivo de futebol juvenil de 6 \u2032 x 4 \u2032 \u00e9 a ferramenta perfeita para ajudar a desenvolver habilidades fundamentais de futebol no quintal<br \/>\nREDE PARA TODAS AS CONDI\u00c7\u00d5ES CLIMAT\u00c9RICAS: Rede constru\u00edda para resistir a todas as esta\u00e7\u00f5es<br \/>\nF\u00c1CIL DE MONTAR: A constru\u00e7\u00e3o da rede de manga permite uma montagem r\u00e1pida para que as crian\u00e7as se possam levantar e come\u00e7ar a jogar num instante.<br \/>\nCOLAPS\u00c1VEL: Basta remover os tubos de suporte amarelos e dobr\u00e1-los para facilitar a arruma\u00e7\u00e3o, utilizando as juntas de canto de dobragem r\u00e1pida que se dobram e fixam no lugar nos postes de baliza frontais<br \/>\nDUR\u00c1VEL: Esta baliza \u00e9 constru\u00edda a partir de pl\u00e1sticos dur\u00e1veis com a nova tecnologia de fecho de press\u00e3o concebida e testada para proporcionar a durabilidade necess\u00e1ria para suportar bolas de futebol de tamanho normal. Al\u00e9m disso, as estacas de solo em forma de \u201cU\u201d mant\u00eam a baliza assente no solo contra remates fortes.<\/p>","protected":false},"excerpt":{"rendered":"<p>Este objetivo de futebol juvenil de 6 \u2032 x 4 \u2032 \u00e9 a ferramenta perfeita para ajudar a desenvolver suas habilidades fundamentais de futebol no quintal. Este objetivo \u00e9 constru\u00eddo a partir de tubo de a\u00e7o dur\u00e1vel e possui uma tecnologia de bloqueio de press\u00e3o que foi recentemente renovada para fornecer durabilidade premium para suportar uma bola de futebol real. A montagem \u00e9 r\u00e1pida, inclui uma rede para todas as condi\u00e7\u00f5es climat\u00e9ricas e dobra-se para facilitar a arruma\u00e7\u00e3o. Est\u00e3o inclu\u00eddas estacas met\u00e1licas para fixar o equipamento no lugar contra remates potentes: Dimens\u00f5es: 6\u2032 Largura x 4\u2032 Altura Estrutura leve para f\u00e1cil reposicionamento. As estacas de metal no solo ancoram o objetivo no lugar no campo. A estrutura do gol se dobra para um armazenamento f\u00e1cil e compacto. Montagem sem ferramentas.<\/p>","protected":false},"featured_media":1059,"template":"","meta":{"_gspb_post_css":""},"product_brand":[],"product_cat":[29],"product_tag":[],"class_list":{"0":"post-1055","1":"product","2":"type-product","3":"status-publish","4":"has-post-thumbnail","6":"product_cat-soccer-goal","8":"first","9":"instock","10":"shipping-taxable","11":"product-type-simple"},"_links":{"self":[{"href":"https:\/\/fsportsnet.com\/pt\/wp-json\/wp\/v2\/product\/1055","targetHints":{"allow":["GET"]}}],"collection":[{"href":"https:\/\/fsportsnet.com\/pt\/wp-json\/wp\/v2\/product"}],"about":[{"href":"https:\/\/fsportsnet.com\/pt\/wp-json\/wp\/v2\/types\/product"}],"wp:featuredmedia":[{"embeddable":true,"href":"https:\/\/fsportsnet.com\/pt\/wp-json\/wp\/v2\/media\/1059"}],"wp:attachment":[{"href":"https:\/\/fsportsnet.com\/pt\/wp-json\/wp\/v2\/media?parent=1055"}],"wp:term":[{"taxonomy":"product_brand","embeddable":true,"href":"https:\/\/fsportsnet.com\/pt\/wp-json\/wp\/v2\/product_brand?post=1055"},{"taxonomy":"product_cat","embeddable":true,"href":"https:\/\/fsportsnet.com\/pt\/wp-json\/wp\/v2\/product_cat?post=1055"},{"taxonomy":"product_tag","embeddable":true,"href":"https:\/\/fsportsnet.com\/pt\/wp-json\/wp\/v2\/product_tag?post=1055"}],"curies":[{"name":"wp","href":"https:\/\/api.w.org\/{rel}","templated":true}]}}