{"id":1065,"date":"2023-04-17T13:37:51","date_gmt":"2023-04-17T05:37:51","guid":{"rendered":"https:\/\/fsportsnet.com\/?post_type=product&#038;p=1065"},"modified":"2023-04-17T13:50:44","modified_gmt":"2023-04-17T05:50:44","slug":"soccer-goals-for-backyard-kids-portable-soccer-net","status":"publish","type":"product","link":"https:\/\/fsportsnet.com\/pt\/product\/soccer-goals-for-backyard-kids-portable-soccer-net\/","title":{"rendered":"Balizas de futebol para o quintal Redes de futebol port\u00e1teis para crian\u00e7as"},"content":{"rendered":"<p>\u26bd\u3010O produto inclui\u3011O conjunto de redes de futebol inclui 1 redes, 4 pregos de solo, 22 fivelas em forma de oito e um manual de instala\u00e7\u00e3o.<br \/>\n\u26bd\u3010Dicas de instala\u00e7\u00e3o\u3011Primeiro, encontre as duas marcas vermelhas no topo da rede antes da instala\u00e7\u00e3o, que \u00e9 instalada no topo da estrutura da bola. Al\u00e9m disso, voc\u00ea pode primeiro instalar os dois lados da estrutura da moldura da bola e, finalmente, conectar a parte do meio, o que economiza mais tempo muito rapidamente.<br \/>\n\u26bd\u3010Excelente Design\u3011A rede de futebol \u00e9 feita de material de poli\u00e9ster, que \u00e9 mais resistente ao desgaste. O di\u00e2metro do port\u00e3o de futebol \u00e9 de 40mm e a espessura do pl\u00e1stico \u00e9 de 1,3mm, que pode ser colocado no exterior durante todo o ano sem ter medo do vento e do sol. O design da fivela em forma de oito pode ajustar a elasticidade das balizas de futebol para crian\u00e7as, o design de refor\u00e7o do fundo e os pregos de ch\u00e3o em forma de J permitem que o seu filho jogue futebol mais livremente.<br \/>\nF\u00e1cil de montar e port\u00e1til\u3011 Nossos objetivos de futebol infantil para quintal e vem com uma instru\u00e7\u00e3o de instala\u00e7\u00e3o para que at\u00e9 mesmo uma crian\u00e7a possa facilmente mover e montar e desmontar a rede de futebol em tempo efetivo feito, nenhum tempo extra \u00e9 desperdi\u00e7ado, e pode ser rapidamente integrado ao entretenimento.<br \/>\nHabilidades de pr\u00e1tica e entretenimento\u3011 Este desporto pode ser uma boa maneira de promover a comunica\u00e7\u00e3o entre as crian\u00e7as e suas fam\u00edlias. As balizas de futebol para quintal podem mobilizar a for\u00e7a de todo o corpo da crian\u00e7a para aumentar a coordena\u00e7\u00e3o do corpo. As crian\u00e7as podem obter boas notas enquanto aliviam a press\u00e3o psicol\u00f3gica de forma adequada nas competi\u00e7\u00f5es na escola. A rede de futebol \u00e9 f\u00e1cil de instalar e \u00e9 um projeto de entretenimento muito adequado para adultos e crian\u00e7as.<br \/>\nUma ampla gama de cen\u00e1rios\u3011 Esta rede de futebol para quintal \u00e9 perfeita para crian\u00e7as, jovens e adultos ao ar livre. O objetivo do futebol port\u00e1til permite que seu filho o use com seguran\u00e7a no playground da escola, esportes ao ar livre, recrea\u00e7\u00e3o na praia, quintal e jogos profissionais. As redes de futebol s\u00e3o as melhores amigas para o treino de futebol infantil e podem ser uma \u00f3ptima op\u00e7\u00e3o de prenda de f\u00e9rias e de anivers\u00e1rio.<\/p>","protected":false},"excerpt":{"rendered":"<p>Este objetivo de futebol juvenil de 6 \u2032 x 4 \u2032 \u00e9 a ferramenta perfeita para ajudar a desenvolver suas habilidades fundamentais de futebol no quintal. Este objetivo \u00e9 constru\u00eddo a partir de tubo de a\u00e7o dur\u00e1vel e possui uma tecnologia de bloqueio de press\u00e3o que foi recentemente renovada para fornecer durabilidade premium para suportar uma bola de futebol real. A montagem \u00e9 r\u00e1pida, inclui uma rede para todas as condi\u00e7\u00f5es climat\u00e9ricas e dobra-se para facilitar a arruma\u00e7\u00e3o. Est\u00e3o inclu\u00eddas estacas met\u00e1licas para fixar o equipamento no lugar contra remates potentes: Dimens\u00f5es: 6\u2032 Largura x 4\u2032 Altura Estrutura leve para f\u00e1cil reposicionamento. As estacas de metal no solo ancoram o objetivo no lugar no campo. A estrutura do gol se dobra para um armazenamento f\u00e1cil e compacto. Montagem sem ferramentas.<\/p>","protected":false},"featured_media":1060,"template":"","meta":{"_gspb_post_css":""},"product_brand":[],"product_cat":[29],"product_tag":[],"class_list":{"0":"post-1065","1":"product","2":"type-product","3":"status-publish","4":"has-post-thumbnail","6":"product_cat-soccer-goal","8":"first","9":"instock","10":"shipping-taxable","11":"product-type-simple"},"_links":{"self":[{"href":"https:\/\/fsportsnet.com\/pt\/wp-json\/wp\/v2\/product\/1065","targetHints":{"allow":["GET"]}}],"collection":[{"href":"https:\/\/fsportsnet.com\/pt\/wp-json\/wp\/v2\/product"}],"about":[{"href":"https:\/\/fsportsnet.com\/pt\/wp-json\/wp\/v2\/types\/product"}],"wp:featuredmedia":[{"embeddable":true,"href":"https:\/\/fsportsnet.com\/pt\/wp-json\/wp\/v2\/media\/1060"}],"wp:attachment":[{"href":"https:\/\/fsportsnet.com\/pt\/wp-json\/wp\/v2\/media?parent=1065"}],"wp:term":[{"taxonomy":"product_brand","embeddable":true,"href":"https:\/\/fsportsnet.com\/pt\/wp-json\/wp\/v2\/product_brand?post=1065"},{"taxonomy":"product_cat","embeddable":true,"href":"https:\/\/fsportsnet.com\/pt\/wp-json\/wp\/v2\/product_cat?post=1065"},{"taxonomy":"product_tag","embeddable":true,"href":"https:\/\/fsportsnet.com\/pt\/wp-json\/wp\/v2\/product_tag?post=1065"}],"curies":[{"name":"wp","href":"https:\/\/api.w.org\/{rel}","templated":true}]}}