{"id":1066,"date":"2023-04-17T13:50:53","date_gmt":"2023-04-17T05:50:53","guid":{"rendered":"https:\/\/fsportsnet.com\/?post_type=product&#038;p=1066"},"modified":"2025-02-15T15:53:32","modified_gmt":"2025-02-15T07:53:32","slug":"goalshot-soccer-goal-target-training-aide-for-scoring-and-finishing","status":"publish","type":"product","link":"https:\/\/fsportsnet.com\/pt\/product\/goalshot-soccer-goal-target-training-aide-for-scoring-and-finishing\/","title":{"rendered":"Ajuda de treino para balizas de futebol para marcar e finalizar"},"content":{"rendered":"<p>VISUALIZAR O GOLO. O remate \u00e0 baliza faz coisas que os cones, as balizas e os guarda-redes suplentes n\u00e3o conseguem fazer: cria um foco visual nas zonas espec\u00edficas onde os jogadores t\u00eam quatro vezes mais probabilidades de marcar.<br \/>\nCOLOCAR OS JOGADORES NA ZONA. Apoiado por pesquisas e testado por atletas. O remate \u00e0 baliza apresenta as quatro zonas de golo onde os guarda-redes das principais ligas de futebol s\u00e3o marcados.<br \/>\nREJEITA TUDO O QUE N\u00c3O SEJA O MELHOR. As zonas de pontua\u00e7\u00e3o do remate \u00e0 baliza obrigam os jogadores a visualizar os seus remates. Bloqueia automaticamente os remates que est\u00e3o fora das zonas de pontua\u00e7\u00e3o designadas.<br \/>\nMAIS TEMPO COM A BOLA. Concebida para se adaptar \u00e0 estrutura de qualquer baliza de futebol, a Goal shot \u00e9 facilmente montada em minutos, desmontada rapidamente e guardada no seu pr\u00f3prio saco de transporte.<br \/>\nINVISTA EM SI. Investir em equipamento desportivo de qualidade significa investir nos seus objectivos desportivos e de treino. Leve o seu treino de futebol para o n\u00edvel seguinte com o Goal shot.<\/p>","protected":false},"excerpt":{"rendered":"<p>GARANTIA DE TEMPO DE VIDA - Esta rede de alvo de futebol premium \u00e9 feita para durar. A rede de malha forte pode dar o seu melhor tiro em qualquer condi\u00e7\u00e3o clim\u00e1tica. An\u00e9is de olho dur\u00e1veis evitar\u00e3o rasgos ao longo das bordas. As cordas de bungee permitem flexibilidade durante os golpes duros. Se a rede se avariar, cumpriremos a nossa promessa Kick It e enviar-lhe-emos uma nova.<br \/>\nTREINE COMO UM PROFISSIONAL - Melhore a exatid\u00e3o e a precis\u00e3o, concentrando os seus remates nos cantos onde o guarda-redes n\u00e3o os pode bloquear. Ideal para praticar a solo quando n\u00e3o tem um colega de equipa com quem treinar. Tamb\u00e9m \u00e9 excelente para treinos de equipa, pois permite marcar rapidamente sem esperar que o guarda-redes reponha. A repeti\u00e7\u00e3o cria mem\u00f3ria muscular!<\/p>","protected":false},"featured_media":1068,"template":"","meta":{"_gspb_post_css":""},"product_brand":[],"product_cat":[29],"product_tag":[],"class_list":{"0":"post-1066","1":"product","2":"type-product","3":"status-publish","4":"has-post-thumbnail","6":"product_cat-soccer-goal","8":"first","9":"instock","10":"shipping-taxable","11":"product-type-simple"},"_links":{"self":[{"href":"https:\/\/fsportsnet.com\/pt\/wp-json\/wp\/v2\/product\/1066","targetHints":{"allow":["GET"]}}],"collection":[{"href":"https:\/\/fsportsnet.com\/pt\/wp-json\/wp\/v2\/product"}],"about":[{"href":"https:\/\/fsportsnet.com\/pt\/wp-json\/wp\/v2\/types\/product"}],"wp:featuredmedia":[{"embeddable":true,"href":"https:\/\/fsportsnet.com\/pt\/wp-json\/wp\/v2\/media\/1068"}],"wp:attachment":[{"href":"https:\/\/fsportsnet.com\/pt\/wp-json\/wp\/v2\/media?parent=1066"}],"wp:term":[{"taxonomy":"product_brand","embeddable":true,"href":"https:\/\/fsportsnet.com\/pt\/wp-json\/wp\/v2\/product_brand?post=1066"},{"taxonomy":"product_cat","embeddable":true,"href":"https:\/\/fsportsnet.com\/pt\/wp-json\/wp\/v2\/product_cat?post=1066"},{"taxonomy":"product_tag","embeddable":true,"href":"https:\/\/fsportsnet.com\/pt\/wp-json\/wp\/v2\/product_tag?post=1066"}],"curies":[{"name":"wp","href":"https:\/\/api.w.org\/{rel}","templated":true}]}}