{"id":1097,"date":"2023-04-17T14:49:43","date_gmt":"2023-04-17T06:49:43","guid":{"rendered":"https:\/\/fsportsnet.com\/?post_type=product&#038;p=1097"},"modified":"2023-04-17T14:56:49","modified_gmt":"2023-04-17T06:56:49","slug":"basics-pop-up-soccer-goal-net-set-with-carrying-case","status":"publish","type":"product","link":"https:\/\/fsportsnet.com\/pt\/product\/basics-pop-up-soccer-goal-net-set-with-carrying-case\/","title":{"rendered":"Conjunto de redes de baliza de futebol Pop-Up Basics com mala de transporte"},"content":{"rendered":"<p>Balizas de futebol port\u00e1teis para utiliza\u00e7\u00e3o no exterior; tamanho ideal para crian\u00e7as e adolescentes; seguras para jogadores a partir dos 3 anos<br \/>\nInclui (2) redes de baliza de futebol azuis de 4 p\u00e9s, estacas para o ch\u00e3o e saco de transporte<br \/>\nPostes s\u00f3lidos em fibra de vidro para um desempenho leve e est\u00e1vel; tecido oxford refor\u00e7ado e rede para uma resist\u00eancia duradoura<br \/>\nDesdobra-se com uma simples tor\u00e7\u00e3o para abrir para uma montagem r\u00e1pida; n\u00e3o s\u00e3o necess\u00e1rias ferramentas; as estacas devem ser utilizadas apenas em solo macio<br \/>\nNOTA: N\u00e3o foi concebido para remates r\u00e1pidos e intensos contra a rede; foi concebido para simplesmente chutar a bola no quintal para se divertir ou para treinar<\/p>","protected":false},"excerpt":{"rendered":"<p>Inclui um conjunto de 2 redes de balizas de futebol port\u00e1teis com 3 estacas fixas no solo por baliza e um saco de transporte para viagem<br \/>\nN\u00e3o \u00e9 necess\u00e1ria montagem - pronto a jogar em segundos! Basta rodar para abrir e jogar instantaneamente e depois rodar para o lado para uma f\u00e1cil arruma\u00e7\u00e3o compacta e transporte na mala de transporte inclu\u00edda<br \/>\nNova estrutura indestrut\u00edvel com uma rede ultra-reflectora e resistente \u00e0s intemp\u00e9ries para anos de divers\u00e3o e brincadeira.<br \/>\nPerfeito para jogadores e equipas de todas as idades e n\u00edveis de compet\u00eancia - jovens, adolescentes e adultos<br \/>\nIdeal para treinos, jogos de equipa, torneios, um contra um, 3v3, treino de habilidades, clubes, equipas, jogos no quintal, parque, campo, praia ou onde quer que o jogo o leve!<\/p>","protected":false},"featured_media":1072,"template":"","meta":{"_gspb_post_css":""},"product_brand":[],"product_cat":[29],"product_tag":[],"class_list":{"0":"post-1097","1":"product","2":"type-product","3":"status-publish","4":"has-post-thumbnail","6":"product_cat-soccer-goal","8":"first","9":"instock","10":"shipping-taxable","11":"product-type-simple"},"_links":{"self":[{"href":"https:\/\/fsportsnet.com\/pt\/wp-json\/wp\/v2\/product\/1097","targetHints":{"allow":["GET"]}}],"collection":[{"href":"https:\/\/fsportsnet.com\/pt\/wp-json\/wp\/v2\/product"}],"about":[{"href":"https:\/\/fsportsnet.com\/pt\/wp-json\/wp\/v2\/types\/product"}],"wp:featuredmedia":[{"embeddable":true,"href":"https:\/\/fsportsnet.com\/pt\/wp-json\/wp\/v2\/media\/1072"}],"wp:attachment":[{"href":"https:\/\/fsportsnet.com\/pt\/wp-json\/wp\/v2\/media?parent=1097"}],"wp:term":[{"taxonomy":"product_brand","embeddable":true,"href":"https:\/\/fsportsnet.com\/pt\/wp-json\/wp\/v2\/product_brand?post=1097"},{"taxonomy":"product_cat","embeddable":true,"href":"https:\/\/fsportsnet.com\/pt\/wp-json\/wp\/v2\/product_cat?post=1097"},{"taxonomy":"product_tag","embeddable":true,"href":"https:\/\/fsportsnet.com\/pt\/wp-json\/wp\/v2\/product_tag?post=1097"}],"curies":[{"name":"wp","href":"https:\/\/api.w.org\/{rel}","templated":true}]}}