{"id":1098,"date":"2023-04-17T14:57:00","date_gmt":"2023-04-17T06:57:00","guid":{"rendered":"https:\/\/fsportsnet.com\/?post_type=product&#038;p=1098"},"modified":"2023-04-17T15:02:41","modified_gmt":"2023-04-17T07:02:41","slug":"portable-soccer-goal-instant-pop-up-net-backyard-kids","status":"publish","type":"product","link":"https:\/\/fsportsnet.com\/pt\/product\/portable-soccer-goal-instant-pop-up-net-backyard-kids\/","title":{"rendered":"Golo de Futebol Port\u00e1til Rede Instant\u00e2nea Pop up Quintal para Crian\u00e7as"},"content":{"rendered":"<ul class=\"a-unordered-list a-vertical a-spacing-mini\">\n<li><span class=\"a-list-item\">A divers\u00e3o nunca p\u00e1ra - A baliza de futebol para crian\u00e7as da Fsports \u00e9 a melhor atividade no quintal para toda a fam\u00edlia! Com um design dur\u00e1vel e pr\u00e1tico, estas redes de futebol permitem-lhe criar o seu pr\u00f3prio campo de jogos para os mais pequenos correrem e se divertirem longe dos ecr\u00e3s e da televis\u00e3o.<\/span><\/li>\n<li><span class=\"a-list-item\">Pack and Play pr\u00e1tico - Cada encomenda inclui tamb\u00e9m 8 cavilhas de a\u00e7o inoxid\u00e1vel para manter as redes no lugar, instru\u00e7\u00f5es fotogr\u00e1ficas ilustradas f\u00e1ceis de seguir para o ajudar a mont\u00e1-las e um saco de arruma\u00e7\u00e3o port\u00e1til para as poder levar para qualquer lado.<\/span><\/li>\n<li><span class=\"a-list-item\">Super dur\u00e1vel, feita para durar anos - As mini balizas de futebol possuem uma rede robusta e extra forte feita de Dacron dur\u00e1vel que n\u00e3o ser\u00e1 danificada por tiros fortes. A rede pode suportar at\u00e9 os remates mais fortes sem se partir ou rasgar.<\/span><\/li>\n<li><span class=\"a-list-item\">Tamanho port\u00e1til perfeito para crian\u00e7as e jovens - Cada rede de baliza de futebol mede 4\u2019 x 3\u2019 x 3\u2019 para dar muito espa\u00e7o para praticar diferentes remates sem ocupar muito espa\u00e7o.<\/span><\/li>\n<\/ul>","protected":false},"excerpt":{"rendered":"<p>N\u00e3o \u00e9 necess\u00e1ria montagem - pronto a jogar em segundos! Basta rodar para abrir e jogar instantaneamente e depois rodar para o lado para uma f\u00e1cil arruma\u00e7\u00e3o compacta e transporte na mala de transporte inclu\u00edda<br \/>\nNova estrutura indestrut\u00edvel com uma rede ultra-reflectora e resistente \u00e0s intemp\u00e9ries para anos de divers\u00e3o e brincadeira.<br \/>\nPerfeito para jogadores e equipas de todas as idades e n\u00edveis de compet\u00eancia - jovens, adolescentes e adultos.<br \/>\nIdeal para treinos, jogos de equipa, torneios, um contra um, 3v3, treino de habilidades, clubes, equipas, jogos no quintal, parque, campo, praia ou onde quer que o jogo o leve!<\/p>","protected":false},"featured_media":1092,"template":"","meta":{"_gspb_post_css":""},"product_brand":[],"product_cat":[29],"product_tag":[],"class_list":{"0":"post-1098","1":"product","2":"type-product","3":"status-publish","4":"has-post-thumbnail","6":"product_cat-soccer-goal","8":"first","9":"instock","10":"shipping-taxable","11":"product-type-simple"},"_links":{"self":[{"href":"https:\/\/fsportsnet.com\/pt\/wp-json\/wp\/v2\/product\/1098","targetHints":{"allow":["GET"]}}],"collection":[{"href":"https:\/\/fsportsnet.com\/pt\/wp-json\/wp\/v2\/product"}],"about":[{"href":"https:\/\/fsportsnet.com\/pt\/wp-json\/wp\/v2\/types\/product"}],"wp:featuredmedia":[{"embeddable":true,"href":"https:\/\/fsportsnet.com\/pt\/wp-json\/wp\/v2\/media\/1092"}],"wp:attachment":[{"href":"https:\/\/fsportsnet.com\/pt\/wp-json\/wp\/v2\/media?parent=1098"}],"wp:term":[{"taxonomy":"product_brand","embeddable":true,"href":"https:\/\/fsportsnet.com\/pt\/wp-json\/wp\/v2\/product_brand?post=1098"},{"taxonomy":"product_cat","embeddable":true,"href":"https:\/\/fsportsnet.com\/pt\/wp-json\/wp\/v2\/product_cat?post=1098"},{"taxonomy":"product_tag","embeddable":true,"href":"https:\/\/fsportsnet.com\/pt\/wp-json\/wp\/v2\/product_tag?post=1098"}],"curies":[{"name":"wp","href":"https:\/\/api.w.org\/{rel}","templated":true}]}}