{"id":1099,"date":"2023-04-17T15:02:51","date_gmt":"2023-04-17T07:02:51","guid":{"rendered":"https:\/\/fsportsnet.com\/?post_type=product&#038;p=1099"},"modified":"2023-04-17T15:10:19","modified_gmt":"2023-04-17T07:10:19","slug":"portable-soccer-goal-net-set-pop-up-training-soccer-goals","status":"publish","type":"product","link":"https:\/\/fsportsnet.com\/pt\/product\/portable-soccer-goal-net-set-pop-up-training-soccer-goals\/","title":{"rendered":"Conjunto de rede de baliza de futebol port\u00e1til Balizas de futebol de treino Pop Up"},"content":{"rendered":"<ul class=\"a-unordered-list a-vertical a-spacing-mini\">\n<li>FUTEBOL EM MOVIMENTO: Balizas de futebol leves, port\u00e1teis e dobr\u00e1veis, perfeitas para jogos de futebol espont\u00e2neos em qualquer lugar! F\u00e1cil de montar para um jogo ou treino r\u00e1pido e depois pode ser guardada de forma compacta na sua mala de transporte.<br \/>\nPR\u00c1TICA E UTILIZA\u00c7\u00c3O RECREATIVA: A rede de futebol port\u00e1til perfeita para treinar, praticar exerc\u00edcios ou jogar uma partida de futebol divertida com os amigos no quintal, no parque ou at\u00e9 na praia! Leve o seu jogo para o pr\u00f3ximo n\u00edvel com este conjunto de balizas de futebol.<br \/>\nINCLUI: Duas balizas de futebol pop-up de 4 \u2032 x 32 \u2033 p\u00e9s, estacas de a\u00e7o de suporte dur\u00e1vel para servi\u00e7o pesado e uma bolsa de transporte compacta. Recomendado para ser jogado com bolas de futebol regulamentares ou bolas de futebol de treino para crian\u00e7as.<br \/>\nGARANTIA DE SATISFA\u00c7\u00c3O 100%: A FSports ouve e aprende com os seus coment\u00e1rios para criar equipamento de sala de jogos de qualidade para crian\u00e7as e adultos. Se n\u00e3o estiver 100% satisfeito ou tiver sugest\u00f5es de produtos, a nossa equipa de apoio ao cliente est\u00e1 dispon\u00edvel para o ajudar.<br \/>\nFSports - BRINGING FAMILY AND FRIENDS TOGETHER: Sendo uma empresa sediada na China, a FSports inova os jogos de interior e exterior, introduzindo no mercado jogos desportivos, de relvado, de porta traseira, de carnaval e de sala de jogos acess\u00edveis e de qualidade.<\/li>\n<\/ul>","protected":false},"excerpt":{"rendered":"<p>N\u00e3o \u00e9 necess\u00e1ria montagem - pronto a jogar em segundos! Basta rodar para abrir e jogar instantaneamente e depois rodar para o lado para uma f\u00e1cil arruma\u00e7\u00e3o compacta e transporte na mala de transporte inclu\u00edda<br \/>\nNova estrutura indestrut\u00edvel com uma rede ultra-reflectora e resistente \u00e0s intemp\u00e9ries para anos de divers\u00e3o e brincadeira.<br \/>\nPerfeito para jogadores e equipas de todas as idades e n\u00edveis de compet\u00eancia - jovens, adolescentes e adultos.<br \/>\nIdeal para treinos, jogos de equipa, torneios, um contra um, 3v3, treino de habilidades, clubes, equipas, jogos no quintal, parque, campo, praia ou onde quer que o jogo o leve!<\/p>","protected":false},"featured_media":1090,"template":"","meta":{"_gspb_post_css":""},"product_brand":[],"product_cat":[29],"product_tag":[],"class_list":{"0":"post-1099","1":"product","2":"type-product","3":"status-publish","4":"has-post-thumbnail","6":"product_cat-soccer-goal","8":"first","9":"instock","10":"shipping-taxable","11":"product-type-simple"},"_links":{"self":[{"href":"https:\/\/fsportsnet.com\/pt\/wp-json\/wp\/v2\/product\/1099","targetHints":{"allow":["GET"]}}],"collection":[{"href":"https:\/\/fsportsnet.com\/pt\/wp-json\/wp\/v2\/product"}],"about":[{"href":"https:\/\/fsportsnet.com\/pt\/wp-json\/wp\/v2\/types\/product"}],"wp:featuredmedia":[{"embeddable":true,"href":"https:\/\/fsportsnet.com\/pt\/wp-json\/wp\/v2\/media\/1090"}],"wp:attachment":[{"href":"https:\/\/fsportsnet.com\/pt\/wp-json\/wp\/v2\/media?parent=1099"}],"wp:term":[{"taxonomy":"product_brand","embeddable":true,"href":"https:\/\/fsportsnet.com\/pt\/wp-json\/wp\/v2\/product_brand?post=1099"},{"taxonomy":"product_cat","embeddable":true,"href":"https:\/\/fsportsnet.com\/pt\/wp-json\/wp\/v2\/product_cat?post=1099"},{"taxonomy":"product_tag","embeddable":true,"href":"https:\/\/fsportsnet.com\/pt\/wp-json\/wp\/v2\/product_tag?post=1099"}],"curies":[{"name":"wp","href":"https:\/\/api.w.org\/{rel}","templated":true}]}}