{"id":1100,"date":"2023-04-17T15:10:31","date_gmt":"2023-04-17T07:10:31","guid":{"rendered":"https:\/\/fsportsnet.com\/?post_type=product&#038;p=1100"},"modified":"2023-04-17T15:24:45","modified_gmt":"2023-04-17T07:24:45","slug":"2-in-1-pop-up-kids-soccer-goal-foldable-portable-football-goal","status":"publish","type":"product","link":"https:\/\/fsportsnet.com\/pt\/product\/2-in-1-pop-up-kids-soccer-goal-foldable-portable-football-goal\/","title":{"rendered":"Golo de futebol para crian\u00e7as 2 em 1 Pop Up Golo de futebol dobr\u00e1vel e port\u00e1til"},"content":{"rendered":"<ul class=\"a-unordered-list a-vertical a-spacing-mini\">\n<li>Golo multifuncional: design 2 em 1 (golo de futebol de dupla utiliza\u00e7\u00e3o), um lado \u00e9 um golo normal, n\u00e3o s\u00f3 para futebol, futebol americano, mas tamb\u00e9m para basebol, h\u00f3quei e muito mais. O outro lado tem 5 \u00e1reas-alvo para a precis\u00e3o dos cantos de tiro. A rede de futebol 2 em 1 pode aprender os fundamentos do futebol, o que pode melhorar as habilidades motoras, um presente perfeito para as crian\u00e7as.<br \/>\nFacilidade de utiliza\u00e7\u00e3o: Tamanho da configura\u00e7\u00e3o: 120 * 81 * 81 cm, tamanho dobrado: 16 \u2033 * 16 \u2033. Economizando mais espa\u00e7o para transportar por nossa bolsa de armazenamento redonda gratuita. Design pop-up instant\u00e2neo e remo\u00e7\u00e3o sem ferramentas. Sempre pronto para voc\u00ea come\u00e7ar a treinar.Leve e f\u00e1cil de transportar, \u00e9 embalado em uma bolsa de transporte de 13 p\u00e9s com 1,9 libras. Dobr\u00e1vel e com um segundo de liberta\u00e7\u00e3o, pode come\u00e7ar o seu treino\/pr\u00e1tica em segundos com o design pop-up.<br \/>\nMaterial dur\u00e1vel: Nosso objetivo de futebol \u00e9 feito de tecido oxford 210D de alta qualidade atualizado, resistente a rasgos, f\u00e1cil de limpar e muito mais dur\u00e1vel. usando as unhas especiais para a grama pode tornar a estrutura geral do objetivo de futebol mais forte, mais alegria, menos preocupa\u00e7\u00e3o.<br \/>\nBelo presente para crian\u00e7as: Belo presente para crian\u00e7as que se interessam por desporto. Jogar futebol n\u00e3o s\u00f3 traz felicidade \u00e0s crian\u00e7as, como tamb\u00e9m ajuda a desenvolver o seu esp\u00edrito de equipa e as suas capacidades sociais.<\/li>\n<\/ul>","protected":false},"excerpt":{"rendered":"<p>N\u00e3o \u00e9 necess\u00e1ria montagem - pronto a jogar em segundos! Basta rodar para abrir e jogar instantaneamente e depois rodar para o lado para uma f\u00e1cil arruma\u00e7\u00e3o compacta e transporte na mala de transporte inclu\u00edda<br \/>\nNova estrutura indestrut\u00edvel com uma rede ultra-reflectora e resistente \u00e0s intemp\u00e9ries para anos de divers\u00e3o e brincadeira.<br \/>\nPerfeito para jogadores e equipas de todas as idades e n\u00edveis de compet\u00eancia - jovens, adolescentes e adultos.<br \/>\nIdeal para treinos, jogos de equipa, torneios, um contra um, 3v3, treino de habilidades, clubes, equipas, jogos no quintal, parque, campo, praia ou onde quer que o jogo o leve!<\/p>","protected":false},"featured_media":1076,"template":"","meta":{"_gspb_post_css":""},"product_brand":[],"product_cat":[29],"product_tag":[],"class_list":{"0":"post-1100","1":"product","2":"type-product","3":"status-publish","4":"has-post-thumbnail","6":"product_cat-soccer-goal","8":"first","9":"instock","10":"shipping-taxable","11":"product-type-simple"},"_links":{"self":[{"href":"https:\/\/fsportsnet.com\/pt\/wp-json\/wp\/v2\/product\/1100","targetHints":{"allow":["GET"]}}],"collection":[{"href":"https:\/\/fsportsnet.com\/pt\/wp-json\/wp\/v2\/product"}],"about":[{"href":"https:\/\/fsportsnet.com\/pt\/wp-json\/wp\/v2\/types\/product"}],"wp:featuredmedia":[{"embeddable":true,"href":"https:\/\/fsportsnet.com\/pt\/wp-json\/wp\/v2\/media\/1076"}],"wp:attachment":[{"href":"https:\/\/fsportsnet.com\/pt\/wp-json\/wp\/v2\/media?parent=1100"}],"wp:term":[{"taxonomy":"product_brand","embeddable":true,"href":"https:\/\/fsportsnet.com\/pt\/wp-json\/wp\/v2\/product_brand?post=1100"},{"taxonomy":"product_cat","embeddable":true,"href":"https:\/\/fsportsnet.com\/pt\/wp-json\/wp\/v2\/product_cat?post=1100"},{"taxonomy":"product_tag","embeddable":true,"href":"https:\/\/fsportsnet.com\/pt\/wp-json\/wp\/v2\/product_tag?post=1100"}],"curies":[{"name":"wp","href":"https:\/\/api.w.org\/{rel}","templated":true}]}}