{"id":1109,"date":"2023-04-17T16:06:45","date_gmt":"2023-04-17T08:06:45","guid":{"rendered":"https:\/\/fsportsnet.com\/?post_type=product&#038;p=1109"},"modified":"2023-04-17T16:19:59","modified_gmt":"2023-04-17T08:19:59","slug":"portable-pickleball-net-outdoor-22ft-regulation-size-set-3-0-reinforced-version","status":"publish","type":"product","link":"https:\/\/fsportsnet.com\/pt\/product\/portable-pickleball-net-outdoor-22ft-regulation-size-set-3-0-reinforced-version\/","title":{"rendered":"Rede de Pickleball port\u00e1til para exterior 22FT Conjunto de tamanho regulamentar 3.0 Vers\u00e3o refor\u00e7ada"},"content":{"rendered":"<p>1. Tamanho: 22\u2032 x 36\u201d, altura central 34\u201d<br \/>\n2. Rede: Malha de 5 camadas de 1,75\u201d sem n\u00f3s<br \/>\n3. Tubo de a\u00e7o redondo: 1\u201d dia 0.8mm espessura do tubo de metal<br \/>\n4. P\u00f3lo: \u03a612.7mm fibra de vidro preta s\u00f3lida<br \/>\n5. Tubo de a\u00e7o quadrado: 1\u00d72\u201d de di\u00e2metro, 0,8m de espessura e revestimento em p\u00f3 preto<br \/>\n6. Manga: tecido oxford 420D<br \/>\n7. Saco: tecido oxford 420D<br \/>\n8. Embalagem: Cada um numa caixa de cart\u00e3o K=K, 94x24x14cm<br \/>\n9. Peso bruto 9 kg; Peso l\u00edquido 8 kg; Peso do quadro 7,675 kg; Peso l\u00edquido 0,53 kg<\/p>\n<p>FORTE. N\u00c3O RUSTRADO. AJUSTE F\u00c1CIL DA REDE. SEM N\u00d3. Estrutura met\u00e1lica refor\u00e7ada para manter a rede de pickle ball resistente mesmo sob ventos fortes. Estrutura de a\u00e7o revestida a p\u00f3 sem ferrugem. Rede sem n\u00f3s que n\u00e3o se desgasta. Saco de transporte leve. Utilize a correia de gancho e la\u00e7o para apertar facilmente a rede.<br \/>\nREDE LEVE E PORT\u00c1TIL Com apenas 22 libras, \u00e9 f\u00e1cil transportar a rede em uma bolsa de transporte e ser configurada, em qualquer lugar com nosso sistema port\u00e1til de rede de pickleball.<br \/>\nFA\u00c7A UM CAMPO EM QUALQUER LUGAR! Incluindo entrada de autom\u00f3veis interna e externa e muito mais. Nosso conjunto de rede de pickleball atende ao tamanho oficial do regulamento com 22 p\u00e9s de largura x 36 polegadas de altura nas laterais, 34 polegadas de altura no centro.<br \/>\nCONFIGURA\u00c7\u00c3O F\u00c1CIL EM MENOS DE 5 minutos. Comece a jogar em apenas alguns minutos. Utilize o nosso manual de instru\u00e7\u00f5es visuais para um processo de configura\u00e7\u00e3o passo a passo.<br \/>\nNo caso improv\u00e1vel de n\u00e3o estar satisfeito com a nossa rede port\u00e1til de pickleball, pode devolver para um reembolso total ou substitui\u00e7\u00e3o.<\/p>","protected":false},"excerpt":{"rendered":"<p>A beleza desta rede de pickleball reside no facto de ser f\u00e1cil de montar, port\u00e1til, mas extremamente dur\u00e1vel, o que lhe permite jogar pickleball em qualquer superf\u00edcie plana. A estrutura completamente aut\u00f3noma \u00e9 muito f\u00e1cil de montar e \u00e9 fornecida com um saco de transporte resistente em Oxford 620D. A base de borracha inovadora torna a rede de pickleball port\u00e1til mais antiderrapante.<\/p>","protected":false},"featured_media":1117,"template":"","meta":{"_gspb_post_css":""},"product_brand":[],"product_cat":[27],"product_tag":[],"class_list":{"0":"post-1109","1":"product","2":"type-product","3":"status-publish","4":"has-post-thumbnail","6":"product_cat-pickleball-net","8":"first","9":"instock","10":"shipping-taxable","11":"product-type-simple"},"_links":{"self":[{"href":"https:\/\/fsportsnet.com\/pt\/wp-json\/wp\/v2\/product\/1109","targetHints":{"allow":["GET"]}}],"collection":[{"href":"https:\/\/fsportsnet.com\/pt\/wp-json\/wp\/v2\/product"}],"about":[{"href":"https:\/\/fsportsnet.com\/pt\/wp-json\/wp\/v2\/types\/product"}],"wp:featuredmedia":[{"embeddable":true,"href":"https:\/\/fsportsnet.com\/pt\/wp-json\/wp\/v2\/media\/1117"}],"wp:attachment":[{"href":"https:\/\/fsportsnet.com\/pt\/wp-json\/wp\/v2\/media?parent=1109"}],"wp:term":[{"taxonomy":"product_brand","embeddable":true,"href":"https:\/\/fsportsnet.com\/pt\/wp-json\/wp\/v2\/product_brand?post=1109"},{"taxonomy":"product_cat","embeddable":true,"href":"https:\/\/fsportsnet.com\/pt\/wp-json\/wp\/v2\/product_cat?post=1109"},{"taxonomy":"product_tag","embeddable":true,"href":"https:\/\/fsportsnet.com\/pt\/wp-json\/wp\/v2\/product_tag?post=1109"}],"curies":[{"name":"wp","href":"https:\/\/api.w.org\/{rel}","templated":true}]}}