{"id":1136,"date":"2023-04-17T22:29:22","date_gmt":"2023-04-17T14:29:22","guid":{"rendered":"https:\/\/fsportsnet.com\/?post_type=product&#038;p=1136"},"modified":"2023-04-18T14:50:13","modified_gmt":"2023-04-18T06:50:13","slug":"pickleball-2-in-1-regulation-size-portable-net","status":"publish","type":"product","link":"https:\/\/fsportsnet.com\/pt\/product\/pickleball-2-in-1-regulation-size-portable-net\/","title":{"rendered":"Rede port\u00e1til 2 em 1 de tamanho regulamentar para Pickleball"},"content":{"rendered":"<p>1. Tamanho: 3,0 m<br \/>\n2. Rede: Rede de poli\u00e9ster de 3 camadas de 1,5\u201d sem n\u00f3s<br \/>\n3. Tubo de a\u00e7o: \u03c622*0.6mm<br \/>\n4. Saco: Tecido oxford 210D com 1pcs LOGO<br \/>\n5. Embalagem: Cada um numa caixa de cart\u00e3o K=K, 88,5x21x12cm<br \/>\n6.G.W 4.2kg, N.W 3.3kg<\/p>\n<p>A rede de meio campo FSports \u00e9 a rede de treino perfeita, concebida para caber em espa\u00e7os mais pequenos, mas ao mesmo tempo d\u00e1-lhe todas as ferramentas necess\u00e1rias para aprender o desporto pela primeira vez ou para aperfei\u00e7oar capacidades j\u00e1 dominadas. A embalagem inclui (1) uma rede de 10 p\u00e9s de largura (10 p\u00e9s x 3 p\u00e9s) fabricada com um poste de a\u00e7o resistente. \u00c9 o conjunto perfeito para se iniciar no desporto, pode ser facilmente embalado e transportado e \u00e9 f\u00e1cil de montar! Multiusos para um jogo r\u00e1pido de pickleball ou mini t\u00e9nis!<br \/>\nO tamanho de meio campo (3 metros de largura) \u00e9 perfeito para treinar e praticar o desporto de pickleball. Este conjunto monta-se rapidamente e pode ser facilmente transportado para onde quer que o desporto do pickleball o leve!<br \/>\nOs postes de rede em a\u00e7o resistente proporcionam estabilidade. O tamanho completo montado \u00e9 de 10 p\u00e9s de largura por 3 p\u00e9s de altura<br \/>\nMULTI - DESPORTO - utilize para aperfei\u00e7oar o seu jogo de pickleball ou mesmo para um mini jogo de t\u00e9nis!<br \/>\nF\u00c1CIL montagem, F\u00c1CIL transporte!<br \/>\nPERFEITO para os solteiros magros!<\/p>","protected":false},"excerpt":{"rendered":"<p>\u3010Aproveite o pr\u00f3ximo dia de ver\u00e3o\u3011: Mal pode esperar para estimular suas c\u00e9lulas motoras adormecidas com seu esporte favorito de pickleball ap\u00f3s um longo inverno ou dia de neve? Basta embalar esta rede de pickleball na bolsa de transporte espa\u00e7osa inclu\u00edda. Comece o seu jogo em qualquer lugar como a entrada da garagem, campo de basquetebol, campo de t\u00e9nis, beco sem sa\u00edda, quintal, campo interior ou na rua. \u00c9 um desporto maravilhoso e interessante para todos.<\/p>","protected":false},"featured_media":1120,"template":"","meta":{"_gspb_post_css":""},"product_brand":[],"product_cat":[27],"product_tag":[],"class_list":{"0":"post-1136","1":"product","2":"type-product","3":"status-publish","4":"has-post-thumbnail","6":"product_cat-pickleball-net","8":"first","9":"instock","10":"shipping-taxable","11":"product-type-simple"},"_links":{"self":[{"href":"https:\/\/fsportsnet.com\/pt\/wp-json\/wp\/v2\/product\/1136","targetHints":{"allow":["GET"]}}],"collection":[{"href":"https:\/\/fsportsnet.com\/pt\/wp-json\/wp\/v2\/product"}],"about":[{"href":"https:\/\/fsportsnet.com\/pt\/wp-json\/wp\/v2\/types\/product"}],"wp:featuredmedia":[{"embeddable":true,"href":"https:\/\/fsportsnet.com\/pt\/wp-json\/wp\/v2\/media\/1120"}],"wp:attachment":[{"href":"https:\/\/fsportsnet.com\/pt\/wp-json\/wp\/v2\/media?parent=1136"}],"wp:term":[{"taxonomy":"product_brand","embeddable":true,"href":"https:\/\/fsportsnet.com\/pt\/wp-json\/wp\/v2\/product_brand?post=1136"},{"taxonomy":"product_cat","embeddable":true,"href":"https:\/\/fsportsnet.com\/pt\/wp-json\/wp\/v2\/product_cat?post=1136"},{"taxonomy":"product_tag","embeddable":true,"href":"https:\/\/fsportsnet.com\/pt\/wp-json\/wp\/v2\/product_tag?post=1136"}],"curies":[{"name":"wp","href":"https:\/\/api.w.org\/{rel}","templated":true}]}}