{"id":1149,"date":"2023-04-18T14:52:46","date_gmt":"2023-04-18T06:52:46","guid":{"rendered":"https:\/\/fsportsnet.com\/?post_type=product&#038;p=1149"},"modified":"2023-04-18T15:26:34","modified_gmt":"2023-04-18T07:26:34","slug":"mini-portable-picklbeall-net-tennis-net-for-driveway-kids-soccer-tennis-net","status":"publish","type":"product","link":"https:\/\/fsportsnet.com\/pt\/product\/mini-portable-picklbeall-net-tennis-net-for-driveway-kids-soccer-tennis-net\/","title":{"rendered":"Rede port\u00e1til para bolas de pique-esconde de tamanho regulamentar da USAPA"},"content":{"rendered":"<p>1. Tamanho: 22\u2032 x 36\u201d, altura central 34\u201d<br \/>\n2. Rede: Malha de poli\u00e9ster de 5 camadas de 1,75\u201d sem n\u00f3s<br \/>\n3. Tubo de a\u00e7o redondo: 1\u201d dia 1.0mm espessura do tubo de metal<br \/>\n4. Tubo de a\u00e7o quadrado: 1\u00d72\u201d di\u00e2metro, 1.0m espessura<br \/>\n5. P\u00f3lo: \u03a612.7mm fibra de vidro preta s\u00f3lida<br \/>\n6. Manga: 600D<br \/>\n7. Saco: 600D oxford e tecido PVC<br \/>\n8. Embalagem: Cada um numa caixa de cart\u00e3o K=K, 94x24x14cm<\/p>\n<ul class=\"a-unordered-list a-vertical a-spacing-mini\">\n<li><span class=\"a-list-item\">Tamanho do Regulamento da USAPA: A rede de pickleball mede 22 p\u00e9s de largura. A altura lateral \u00e9 de 36 polegadas e a altura central \u00e9 de 34 polegadas, o que atende ao regulamento oficial de tamanho de pickleball.<\/span><\/li>\n<li><span class=\"a-list-item\">F\u00e1cil de montar: O conjunto de rede de pickle ball \u00e9 f\u00e1cil de configurar em 5 minutos, sem necessidade de ferramentas de montagem. Simplesmente encaixe junto com o Sistema Interlocking-Buckle para montar uma rede de jogo de pickleball super forte.<\/span><\/li>\n<li><span class=\"a-list-item\">Saco de transporte port\u00e1til: As nossas redes de pickleball s\u00e3o fornecidas com um saco de transporte resistente em tecido Oxford 600D com fecho de correr, para poupar espa\u00e7o e ser f\u00e1cil de transportar. Tamanho do saco de transporte: 37,4 x 5,5 x 6,7 polegadas.<\/span><\/li>\n<li><span class=\"a-list-item\">Material duradouro: A nossa estrutura de suporte \u00e9 fabricada em a\u00e7o para maior resist\u00eancia, robustez e durabilidade.\u00a0<\/span><\/li>\n<\/ul>","protected":false},"excerpt":{"rendered":"<p>A nova rede de Pickleball da FSports \u00e9 a rede de pr\u00e1tica perfeita, concebida para se adaptar ao exterior. Desfrute do pickleball com este sistema de rede port\u00e1til e leve, perfeito para praticar\/jogar numa entrada de garagem, rua sem sa\u00edda, cave, garagem, etc.<\/p>","protected":false},"featured_media":1130,"template":"","meta":{"_gspb_post_css":""},"product_brand":[],"product_cat":[27],"product_tag":[],"class_list":{"0":"post-1149","1":"product","2":"type-product","3":"status-publish","4":"has-post-thumbnail","6":"product_cat-pickleball-net","8":"first","9":"instock","10":"shipping-taxable","11":"product-type-simple"},"_links":{"self":[{"href":"https:\/\/fsportsnet.com\/pt\/wp-json\/wp\/v2\/product\/1149","targetHints":{"allow":["GET"]}}],"collection":[{"href":"https:\/\/fsportsnet.com\/pt\/wp-json\/wp\/v2\/product"}],"about":[{"href":"https:\/\/fsportsnet.com\/pt\/wp-json\/wp\/v2\/types\/product"}],"wp:featuredmedia":[{"embeddable":true,"href":"https:\/\/fsportsnet.com\/pt\/wp-json\/wp\/v2\/media\/1130"}],"wp:attachment":[{"href":"https:\/\/fsportsnet.com\/pt\/wp-json\/wp\/v2\/media?parent=1149"}],"wp:term":[{"taxonomy":"product_brand","embeddable":true,"href":"https:\/\/fsportsnet.com\/pt\/wp-json\/wp\/v2\/product_brand?post=1149"},{"taxonomy":"product_cat","embeddable":true,"href":"https:\/\/fsportsnet.com\/pt\/wp-json\/wp\/v2\/product_cat?post=1149"},{"taxonomy":"product_tag","embeddable":true,"href":"https:\/\/fsportsnet.com\/pt\/wp-json\/wp\/v2\/product_tag?post=1149"}],"curies":[{"name":"wp","href":"https:\/\/api.w.org\/{rel}","templated":true}]}}