{"id":1151,"date":"2023-04-18T15:26:44","date_gmt":"2023-04-18T07:26:44","guid":{"rendered":"https:\/\/fsportsnet.com\/?post_type=product&#038;p=1151"},"modified":"2023-04-18T15:37:20","modified_gmt":"2023-04-18T07:37:20","slug":"picklenet-mini-portable-10-feet-long-pickleball-net","status":"publish","type":"product","link":"https:\/\/fsportsnet.com\/pt\/product\/picklenet-mini-portable-10-feet-long-pickleball-net\/","title":{"rendered":"Picklenet Mini rede de pickleball port\u00e1til com 10 p\u00e9s de comprimento"},"content":{"rendered":"<p>1. Tamanho: 3,0 m<br \/>\n2. Rede: Rede de poli\u00e9ster de 3 camadas de 1,5\u201d sem n\u00f3s<br \/>\n3. Tubo de a\u00e7o: \u03c622*0.6mm<br \/>\n4. Saco: Tecido oxford 210D com 1pcs LOGO<br \/>\n5. Embalagem: Cada um numa caixa de cart\u00e3o K=K, 88,5x21x12cm<br \/>\n6.G.W 4.2kg, N.W 3.3kg<\/p>\n<p>VERS\u00c3O MINI: O nosso PickleNet Mini \u00e9 uma vers\u00e3o mais pequena do nosso popular sistema PickleNet e tem a altura regulamentar de pickleball de 34\u201d no centro da rede.<br \/>\nDIMENSIONAMENTO: Com 3 metros de comprimento, \u00e9 um sistema de rede conveniente para utiliza\u00e7\u00e3o no campo ou em qualquer \u00e1rea mais pequena do que o normal.<br \/>\nCONSTRU\u00cdDO PARA DURAR: O PickleNet Mini tamb\u00e9m \u00e9 feito com o nosso tubo oval patenteado de alta qualidade.<br \/>\nUTILIZA\u00c7\u00c3O EM QUALQUER LUGAR: Desfrute do pickleball com este sistema de rede port\u00e1til e leve, perfeito para praticar\/jogar numa entrada de garagem, rua sem sa\u00edda, cave, garagem, etc.<\/p>","protected":false},"excerpt":{"rendered":"<p>A nova rede de Pickleball da FSports \u00e9 a rede de pr\u00e1tica perfeita, concebida para se adaptar ao exterior. Desfrute do pickleball com este sistema de rede port\u00e1til e leve, perfeito para praticar\/jogar numa entrada de garagem, rua sem sa\u00edda, cave, garagem, etc.<\/p>","protected":false},"featured_media":1152,"template":"","meta":{"_gspb_post_css":""},"product_brand":[],"product_cat":[27],"product_tag":[],"class_list":{"0":"post-1151","1":"product","2":"type-product","3":"status-publish","4":"has-post-thumbnail","6":"product_cat-pickleball-net","8":"first","9":"instock","10":"shipping-taxable","11":"product-type-simple"},"_links":{"self":[{"href":"https:\/\/fsportsnet.com\/pt\/wp-json\/wp\/v2\/product\/1151","targetHints":{"allow":["GET"]}}],"collection":[{"href":"https:\/\/fsportsnet.com\/pt\/wp-json\/wp\/v2\/product"}],"about":[{"href":"https:\/\/fsportsnet.com\/pt\/wp-json\/wp\/v2\/types\/product"}],"wp:featuredmedia":[{"embeddable":true,"href":"https:\/\/fsportsnet.com\/pt\/wp-json\/wp\/v2\/media\/1152"}],"wp:attachment":[{"href":"https:\/\/fsportsnet.com\/pt\/wp-json\/wp\/v2\/media?parent=1151"}],"wp:term":[{"taxonomy":"product_brand","embeddable":true,"href":"https:\/\/fsportsnet.com\/pt\/wp-json\/wp\/v2\/product_brand?post=1151"},{"taxonomy":"product_cat","embeddable":true,"href":"https:\/\/fsportsnet.com\/pt\/wp-json\/wp\/v2\/product_cat?post=1151"},{"taxonomy":"product_tag","embeddable":true,"href":"https:\/\/fsportsnet.com\/pt\/wp-json\/wp\/v2\/product_tag?post=1151"}],"curies":[{"name":"wp","href":"https:\/\/api.w.org\/{rel}","templated":true}]}}