{"id":1153,"date":"2023-04-18T15:37:32","date_gmt":"2023-04-18T07:37:32","guid":{"rendered":"https:\/\/fsportsnet.com\/?post_type=product&#038;p=1153"},"modified":"2023-04-18T15:45:51","modified_gmt":"2023-04-18T07:45:51","slug":"portable-pickle-ball-net-and-practice-net-set-includes-carrying-case","status":"publish","type":"product","link":"https:\/\/fsportsnet.com\/pt\/product\/portable-pickle-ball-net-and-practice-net-set-includes-carrying-case\/","title":{"rendered":"Conjunto de rede port\u00e1til para jogar pickle ball e rede de treino, inclui mala de transporte"},"content":{"rendered":"<p>1Tamanho: 10 p\u00e9s, 12 p\u00e9s<br \/>\nVERS\u00c3O MINI: O nosso PickleNet Mini \u00e9 uma vers\u00e3o mais pequena do nosso popular sistema PickleNet e tem a altura regulamentar de pickleball de 34\u201d no centro da rede.<br \/>\nDIMENSIONAMENTO: Com 3 metros de comprimento, \u00e9 um sistema de rede conveniente para utiliza\u00e7\u00e3o no campo ou em qualquer \u00e1rea mais pequena do que o normal.<br \/>\nCONSTRU\u00cdDO PARA DURAR: O PickleNet Mini tamb\u00e9m \u00e9 feito com o nosso tubo oval patenteado de alta qualidade.<br \/>\nUTILIZA\u00c7\u00c3O EM QUALQUER LUGAR: Desfrute do pickleball com este sistema de rede port\u00e1til e leve, perfeito para praticar\/jogar numa entrada de garagem, rua sem sa\u00edda, cave, garagem, etc.<\/p>","protected":false},"excerpt":{"rendered":"<p>Fsports \u00e9 o seu centro de pr\u00e1tica de pickleball e t\u00e9nis em casa! Chegou a altura de fazer um exerc\u00edcio fant\u00e1stico e aperfei\u00e7oar as suas capacidades... tudo sem sair de casa! N\u00e3o importa se o seu objetivo \u00e9 ser um jogador de classe mundial, manter o seu hobby ou encontrar um novo jogo para experimentar; encontrou o s\u00edtio certo!<\/p>","protected":false},"featured_media":1147,"template":"","meta":{"_gspb_post_css":""},"product_brand":[],"product_cat":[27],"product_tag":[],"class_list":{"0":"post-1153","1":"product","2":"type-product","3":"status-publish","4":"has-post-thumbnail","6":"product_cat-pickleball-net","8":"first","9":"instock","10":"shipping-taxable","11":"product-type-simple"},"_links":{"self":[{"href":"https:\/\/fsportsnet.com\/pt\/wp-json\/wp\/v2\/product\/1153","targetHints":{"allow":["GET"]}}],"collection":[{"href":"https:\/\/fsportsnet.com\/pt\/wp-json\/wp\/v2\/product"}],"about":[{"href":"https:\/\/fsportsnet.com\/pt\/wp-json\/wp\/v2\/types\/product"}],"wp:featuredmedia":[{"embeddable":true,"href":"https:\/\/fsportsnet.com\/pt\/wp-json\/wp\/v2\/media\/1147"}],"wp:attachment":[{"href":"https:\/\/fsportsnet.com\/pt\/wp-json\/wp\/v2\/media?parent=1153"}],"wp:term":[{"taxonomy":"product_brand","embeddable":true,"href":"https:\/\/fsportsnet.com\/pt\/wp-json\/wp\/v2\/product_brand?post=1153"},{"taxonomy":"product_cat","embeddable":true,"href":"https:\/\/fsportsnet.com\/pt\/wp-json\/wp\/v2\/product_cat?post=1153"},{"taxonomy":"product_tag","embeddable":true,"href":"https:\/\/fsportsnet.com\/pt\/wp-json\/wp\/v2\/product_tag?post=1153"}],"curies":[{"name":"wp","href":"https:\/\/api.w.org\/{rel}","templated":true}]}}