{"id":1154,"date":"2023-04-18T15:53:16","date_gmt":"2023-04-18T07:53:16","guid":{"rendered":"https:\/\/fsportsnet.com\/?post_type=product&#038;p=1154"},"modified":"2023-04-18T15:53:16","modified_gmt":"2023-04-18T07:53:16","slug":"4-square-volleyball-badminton-combo-and-pickleball-multiple-styles-available","status":"publish","type":"product","link":"https:\/\/fsportsnet.com\/pt\/product\/4-square-volleyball-badminton-combo-and-pickleball-multiple-styles-available\/","title":{"rendered":"4 Square Volleyball\/Badminton Combo e Pickleball V\u00e1rios estilos dispon\u00edveis"},"content":{"rendered":"<p>PRIMEIRO COMBO DE QUATRO JOGADORES DE TODOS OS TEMPOS - Leve estes jogos cl\u00e1ssicos para o pr\u00f3ximo n\u00edvel dos derradeiros jogos de 4 quadrados. O conjunto completo inclui uma rede de 4 quadrados de 20\u2019 x 20\u2019, todos os postes, uma bola de voleibol, uma bomba de ar, quatro raquetes de badminton em a\u00e7o, tr\u00eas petecas, limites, estacas e uma mala de transporte.<br \/>\nJOGO \u00daNICO - Esta rede de 20\u2019 x 20\u2019 4 quadrados eleva-se \u00e0 altura regulamentar da rede de voleibol (7\u2019-4\u201d) e baixa-se \u00e0 altura regulamentar da rede de badminton (5\u2019-1\u201d). Transi\u00e7\u00e3o r\u00e1pida entre jogos com conectores de mola f\u00e1ceis para ajustes r\u00e1pidos dos postes. Montagem completa e regras de jogo inclu\u00eddas.<br \/>\nMONTAGEM E DESMONTAGEM CONVENIENTES - Demora apenas alguns minutos a montar e desmontar utilizando os clipes de mola de liga\u00e7\u00e3o f\u00e1cil e as tiras de velcro. N\u00e3o s\u00e3o necess\u00e1rias ferramentas! Passe menos tempo a montar e mais tempo a brincar na sua praia de areia preferida, no seu quintal relvado ou em qualquer superf\u00edcie macia.<br \/>\nDIVERS\u00c3O PARA TODOS - Perfeito para a praia, lago, parque e quintal para qualquer ocasi\u00e3o. Este conjunto completo tem tudo o que precisa para horas de divers\u00e3o com a fam\u00edlia e os amigos na sua pr\u00f3xima festa.<br \/>\nD\u00ca O PRESENTE DE JOGAR AO AR LIVRE - Leve a sua fam\u00edlia para o exterior e mexa-se com este jogo altamente ativo que proporciona divers\u00e3o, exerc\u00edcio e emo\u00e7\u00e3o para toda a fam\u00edlia.<\/p>\n<p>1. Tamanho: 20x20 p\u00e9s<br \/>\n2. Tubo de a\u00e7o: \u03a622\u00d71.0mm<br \/>\n3. P\u00f3lo: \u03a612.7mm fibra de vidro<br \/>\n4. Rede: Rede sem n\u00f3s de poli\u00e9ster de 1,5\u201d de 3 camadas<br \/>\n5. Manga: tecido oxford 420D<br \/>\n6 Saco: tecido oxford 600D<br \/>\n7. Embalagem: Cada um numa caixa de cart\u00e3o K=K, 89x22x14cm<br \/>\n8. NW 10.5kg, GW 11.5kg<\/p>","protected":false},"excerpt":{"rendered":"<p>Perfeito para a praia, lago, parque e quintal para qualquer ocasi\u00e3o. Este conjunto completo tem tudo o que precisa para horas de divers\u00e3o com a fam\u00edlia e os amigos na sua pr\u00f3xima festa.4 Square Volleyball\/Badminton Combo e Pickleball V\u00e1rios estilos dispon\u00edveis<\/p>","protected":false},"featured_media":1157,"template":"","meta":{"_gspb_post_css":""},"product_brand":[],"product_cat":[27],"product_tag":[],"class_list":{"0":"post-1154","1":"product","2":"type-product","3":"status-publish","4":"has-post-thumbnail","6":"product_cat-pickleball-net","8":"first","9":"instock","10":"shipping-taxable","11":"product-type-simple"},"_links":{"self":[{"href":"https:\/\/fsportsnet.com\/pt\/wp-json\/wp\/v2\/product\/1154","targetHints":{"allow":["GET"]}}],"collection":[{"href":"https:\/\/fsportsnet.com\/pt\/wp-json\/wp\/v2\/product"}],"about":[{"href":"https:\/\/fsportsnet.com\/pt\/wp-json\/wp\/v2\/types\/product"}],"wp:featuredmedia":[{"embeddable":true,"href":"https:\/\/fsportsnet.com\/pt\/wp-json\/wp\/v2\/media\/1157"}],"wp:attachment":[{"href":"https:\/\/fsportsnet.com\/pt\/wp-json\/wp\/v2\/media?parent=1154"}],"wp:term":[{"taxonomy":"product_brand","embeddable":true,"href":"https:\/\/fsportsnet.com\/pt\/wp-json\/wp\/v2\/product_brand?post=1154"},{"taxonomy":"product_cat","embeddable":true,"href":"https:\/\/fsportsnet.com\/pt\/wp-json\/wp\/v2\/product_cat?post=1154"},{"taxonomy":"product_tag","embeddable":true,"href":"https:\/\/fsportsnet.com\/pt\/wp-json\/wp\/v2\/product_tag?post=1154"}],"curies":[{"name":"wp","href":"https:\/\/api.w.org\/{rel}","templated":true}]}}