{"id":1164,"date":"2023-04-19T14:44:20","date_gmt":"2023-04-19T06:44:20","guid":{"rendered":"https:\/\/fsportsnet.com\/?post_type=product&#038;p=1164"},"modified":"2023-04-19T14:44:20","modified_gmt":"2023-04-19T06:44:20","slug":"portable-professional-outdoor-volleyball-net-set-with-adjustable-height-poles","status":"publish","type":"product","link":"https:\/\/fsportsnet.com\/pt\/product\/portable-professional-outdoor-volleyball-net-set-with-adjustable-height-poles\/","title":{"rendered":"Conjunto de rede de voleibol profissional port\u00e1til para exterior com postes de altura ajust\u00e1vel"},"content":{"rendered":"<p>1. rede: Rede PE de 9,75 x 0,91m (32\u2032 x 3\u201d), tamanho da malha 10x10cm<br \/>\n2. tubo de a\u00e7o: \u03c632\u00d70.8mm<br \/>\n3.Manga: tecido oxford 420D<br \/>\n4. saco: tecido oxford 600D<br \/>\n5.Acess\u00f3rios: Estacas, bomba de bolas com agulha, linhas de limite, voleibol<br \/>\n6. Embalagem: Cada um numa caixa de cart\u00e3o k=k 5lay<br \/>\n7...Tamanho da caixa: 91 x 26 x 22,5 cm<\/p>\n<p>Altura ajust\u00e1vel: Esta rede \u00e9 suportada por postes telesc\u00f3picos de 1,75 polegadas de di\u00e2metro, feitos de alum\u00ednio com revestimento em p\u00f3, mais resistentes a lascas, riscos e desbotamento. F\u00e1cil de escolher uma altura com o sistema de bloqueio por bot\u00e3o de press\u00e3o. Tr\u00eas op\u00e7\u00f5es de altura: altura de jogo para homens (8\u2032), mulheres (7\u20194\u201d) e misto (7\u20198\u201d).<br \/>\nRede de alta visibilidade (32\u2019L x 3\u2019H): Esta rede de voleibol \u00e9 feita de poli\u00e9ster de 32 camadas, forte e resistente a rasgos para todos os n\u00edveis de jogo. Tem mangas laterais de 5 \"e fita de rede superior e inferior de 3\" com costura dupla e cantos refor\u00e7ados para uma tens\u00e3o uniforme da rede e durabilidade extra.<br \/>\nSistema de guincho exclusivo: O sistema de guincho de a\u00e7o galvanizado para trabalhos pesados foi concebido para oferecer ajustes mais precisos da rede, tornando mais f\u00e1cil e indolor manter a rede esticada e minimizar a flacidez no meio.<br \/>\nBola de voleibol em PU e linha de limite em PE: Este conjunto tamb\u00e9m inclui uma bola de voleibol de toque suave com fio enrolado no interior e uma linha de limite em PE altamente vis\u00edvel. \u00c9 amarela brilhante e pode ser fixada firmemente ao solo com as \u00e2ncoras de canto. Pode marcar facilmente o seu campo de voleibol no seu quintal, praia ou parque.<br \/>\nO conjunto completo inclui: O conjunto inclui um saco de transporte resistente \u00e0s intemp\u00e9ries para encaixar a rede de voleibol de tamanho regulamentar, o sistema de guincho, os postes, a bola de voleibol em PU, as cordas de guia e a linha de limite, para que possa lev\u00e1-lo facilmente para onde quiser. Para prolongar a vida \u00fatil do conjunto, certifique-se de que o guarda no saco inclu\u00eddo ap\u00f3s a utiliza\u00e7\u00e3o.<\/p>","protected":false},"excerpt":{"rendered":"<ul class=\"a-unordered-list a-vertical a-spacing-mini\">\n<li><span class=\"a-list-item\">Conjunto completo de voleibol e badminton para utiliza\u00e7\u00e3o no exterior<\/span><\/li>\n<li><span class=\"a-list-item\">Inclui rede, postes, raquetes, birdies ou petecas e bola<\/span><\/li>\n<li><span class=\"a-list-item\">A mala de transporte duradoura permite-lhe levar o conjunto para qualquer lado<\/span><\/li>\n<li><span class=\"a-list-item\">Postes resistentes com revestimento em p\u00f3 e rede PE de primeira qualidade<\/span><\/li>\n<li><span class=\"a-list-item\">\u00d3timo para acampamentos, jogos na praia, festas no quintal e muito mais<\/span><\/li>\n<\/ul>","protected":false},"featured_media":1190,"template":"","meta":{"_gspb_post_css":""},"product_brand":[],"product_cat":[31],"product_tag":[],"class_list":{"0":"post-1164","1":"product","2":"type-product","3":"status-publish","4":"has-post-thumbnail","6":"product_cat-volleyball-net","8":"first","9":"instock","10":"shipping-taxable","11":"product-type-simple"},"_links":{"self":[{"href":"https:\/\/fsportsnet.com\/pt\/wp-json\/wp\/v2\/product\/1164","targetHints":{"allow":["GET"]}}],"collection":[{"href":"https:\/\/fsportsnet.com\/pt\/wp-json\/wp\/v2\/product"}],"about":[{"href":"https:\/\/fsportsnet.com\/pt\/wp-json\/wp\/v2\/types\/product"}],"wp:featuredmedia":[{"embeddable":true,"href":"https:\/\/fsportsnet.com\/pt\/wp-json\/wp\/v2\/media\/1190"}],"wp:attachment":[{"href":"https:\/\/fsportsnet.com\/pt\/wp-json\/wp\/v2\/media?parent=1164"}],"wp:term":[{"taxonomy":"product_brand","embeddable":true,"href":"https:\/\/fsportsnet.com\/pt\/wp-json\/wp\/v2\/product_brand?post=1164"},{"taxonomy":"product_cat","embeddable":true,"href":"https:\/\/fsportsnet.com\/pt\/wp-json\/wp\/v2\/product_cat?post=1164"},{"taxonomy":"product_tag","embeddable":true,"href":"https:\/\/fsportsnet.com\/pt\/wp-json\/wp\/v2\/product_tag?post=1164"}],"curies":[{"name":"wp","href":"https:\/\/api.w.org\/{rel}","templated":true}]}}