{"id":1191,"date":"2023-04-19T14:44:37","date_gmt":"2023-04-19T06:44:37","guid":{"rendered":"https:\/\/fsportsnet.com\/?post_type=product&#038;p=1191"},"modified":"2023-04-19T15:11:05","modified_gmt":"2023-04-19T07:11:05","slug":"outdoor-volleyball-net-set-training-equipment","status":"publish","type":"product","link":"https:\/\/fsportsnet.com\/pt\/product\/outdoor-volleyball-net-set-training-equipment\/","title":{"rendered":"Conjunto de rede de voleibol para exterior Equipamento de treino"},"content":{"rendered":"<p>1. Tamanho: 3,81m<br \/>\n2. Rede: Rede sem n\u00f3s de poli\u00e9ster de 8 camadas de 4\u201d com tecido 420D<br \/>\n3. P\u00f3lo: \u03a614mm fibra de vidro preta s\u00f3lida<br \/>\n4. Tubo de a\u00e7o: \u03c625.4*1.0mm<br \/>\n5. Saco: tecido oxford 600D<br \/>\n6. N.W:6kg,G.W:6.57kg<\/p>\n<ul>\n<li class=\"p1\">Quer seja um treinador que precisa de espa\u00e7o adicional para praticar ou um jogador dedicado que procura trabalhar o seu jogo, a rede de aquecimento da Fsports \u00e9 a rede leve e duradoura perfeita para o campo ou para o quintal.<\/li>\n<li class=\"p1\">Gerir e melhorar o espa\u00e7o partilhado durante os exerc\u00edcios de treino da equipa com v\u00e1rias \u00e1reas de aquecimento.<\/li>\n<li class=\"p1\">Ideal para praticar o seu servi\u00e7o ou fazer exerc\u00edcios com um colega de equipa.<\/li>\n<li class=\"p1\">Os p\u00e9s de borracha que n\u00e3o deixam marcas evitam danos no ch\u00e3o e proporcionam estabilidade e tra\u00e7\u00e3o no interior e no exterior.<\/li>\n<li class=\"p1\">N\u00e3o s\u00e3o necess\u00e1rias ferramentas. Instala\u00e7\u00e3o em apenas alguns segundos.&nbsp;<\/li>\n<\/ul>","protected":false},"excerpt":{"rendered":"<ul class=\"a-unordered-list a-vertical a-spacing-mini\">\n<li>A rede de treino de voleibol \u00e9 uma solu\u00e7\u00e3o pr\u00e1tica e de alta qualidade para jogadores e treinadores que pretendem trabalhar o seu jogo. Esta pequena rede de voleibol tem a altura regulamentar, mas \u00e9 muito mais estreita do que uma rede de jogo. Isto torna-a ideal para criar esta\u00e7\u00f5es de treino nos treinos ou para fazer exerc\u00edcios de aquecimento de voleibol antes de um jogo. Tamb\u00e9m pode ser colocada no quintal de casa para praticar os seus servi\u00e7os e voleios. O seu tamanho facilita o transporte para levar em viagem para torneios e para encontrar o gin\u00e1sio mais pr\u00f3ximo.\n<p>A nossa rede de voleibol port\u00e1til ajuda-a a manter-se na vertical, mesmo que seja atingida por uma pancada forte. A altura pode ser alternada entre a altura do voleibol de interior masculino e feminino, o que \u00e9 \u00f3timo para escolas e organiza\u00e7\u00f5es com um or\u00e7amento limitado. Os p\u00e9s de borracha que n\u00e3o deixam marcas conferem estabilidade em qualquer superf\u00edcie, o que significa que pode utilizar a sua rede de treino no interior ou no exterior. Esta rede de aquecimento de voleibol ajust\u00e1vel demora apenas 75 segundos a montar e \u00e9 fornecida com um saco de transporte para a levar para onde quer que se realize o pr\u00f3ximo treino.<\/li>\n<\/ul>","protected":false},"featured_media":1186,"template":"","meta":{"_gspb_post_css":""},"product_brand":[],"product_cat":[31],"product_tag":[],"class_list":{"0":"post-1191","1":"product","2":"type-product","3":"status-publish","4":"has-post-thumbnail","6":"product_cat-volleyball-net","8":"first","9":"instock","10":"shipping-taxable","11":"product-type-simple"},"_links":{"self":[{"href":"https:\/\/fsportsnet.com\/pt\/wp-json\/wp\/v2\/product\/1191","targetHints":{"allow":["GET"]}}],"collection":[{"href":"https:\/\/fsportsnet.com\/pt\/wp-json\/wp\/v2\/product"}],"about":[{"href":"https:\/\/fsportsnet.com\/pt\/wp-json\/wp\/v2\/types\/product"}],"wp:featuredmedia":[{"embeddable":true,"href":"https:\/\/fsportsnet.com\/pt\/wp-json\/wp\/v2\/media\/1186"}],"wp:attachment":[{"href":"https:\/\/fsportsnet.com\/pt\/wp-json\/wp\/v2\/media?parent=1191"}],"wp:term":[{"taxonomy":"product_brand","embeddable":true,"href":"https:\/\/fsportsnet.com\/pt\/wp-json\/wp\/v2\/product_brand?post=1191"},{"taxonomy":"product_cat","embeddable":true,"href":"https:\/\/fsportsnet.com\/pt\/wp-json\/wp\/v2\/product_cat?post=1191"},{"taxonomy":"product_tag","embeddable":true,"href":"https:\/\/fsportsnet.com\/pt\/wp-json\/wp\/v2\/product_tag?post=1191"}],"curies":[{"name":"wp","href":"https:\/\/api.w.org\/{rel}","templated":true}]}}