{"id":1192,"date":"2023-04-19T15:11:33","date_gmt":"2023-04-19T07:11:33","guid":{"rendered":"https:\/\/fsportsnet.com\/?post_type=product&#038;p=1192"},"modified":"2023-04-19T15:28:31","modified_gmt":"2023-04-19T07:28:31","slug":"volleyball-warm-up-net","status":"publish","type":"product","link":"https:\/\/fsportsnet.com\/pt\/product\/volleyball-warm-up-net\/","title":{"rendered":"REDE DE AQUECIMENTO PARA VOLEIBOL"},"content":{"rendered":"<ul>\n<li>Quer seja um treinador que precisa de espa\u00e7o adicional para praticar ou um jogador dedicado que procura trabalhar o seu jogo, a rede de aquecimento da Fsports \u00e9 a rede leve e duradoura perfeita para o campo ou para o quintal.<\/li>\n<li class=\"p1\">Gerir e melhorar o espa\u00e7o partilhado durante os exerc\u00edcios de treino da equipa com v\u00e1rias \u00e1reas de aquecimento.<\/li>\n<li class=\"p1\">Ideal para praticar o seu servi\u00e7o ou fazer exerc\u00edcios com um colega de equipa.<\/li>\n<li class=\"p1\">Os p\u00e9s de borracha que n\u00e3o deixam marcas evitam danos no ch\u00e3o e proporcionam estabilidade e tra\u00e7\u00e3o no interior e no exterior.<\/li>\n<li class=\"p1\">N\u00e3o s\u00e3o necess\u00e1rias ferramentas. Instala\u00e7\u00e3o em apenas alguns segundos.<\/li>\n<\/ul>","protected":false},"excerpt":{"rendered":"<p>A nossa rede de voleibol port\u00e1til ajuda-a a manter-se na vertical, mesmo que seja atingida por uma pancada forte. Os p\u00e9s de borracha que n\u00e3o deixam marcas conferem estabilidade em qualquer superf\u00edcie, o que significa que pode utilizar a sua rede de treino no interior ou no exterior. Esta rede de aquecimento de voleibol ajust\u00e1vel demora apenas 75 segundos a montar e \u00e9 fornecida com um saco de transporte para a levar para onde quer que seja o seu pr\u00f3ximo treino.<\/p>","protected":false},"featured_media":1172,"template":"","meta":{"_gspb_post_css":""},"product_brand":[],"product_cat":[31],"product_tag":[],"class_list":{"0":"post-1192","1":"product","2":"type-product","3":"status-publish","4":"has-post-thumbnail","6":"product_cat-volleyball-net","8":"first","9":"instock","10":"shipping-taxable","11":"product-type-simple"},"_links":{"self":[{"href":"https:\/\/fsportsnet.com\/pt\/wp-json\/wp\/v2\/product\/1192","targetHints":{"allow":["GET"]}}],"collection":[{"href":"https:\/\/fsportsnet.com\/pt\/wp-json\/wp\/v2\/product"}],"about":[{"href":"https:\/\/fsportsnet.com\/pt\/wp-json\/wp\/v2\/types\/product"}],"wp:featuredmedia":[{"embeddable":true,"href":"https:\/\/fsportsnet.com\/pt\/wp-json\/wp\/v2\/media\/1172"}],"wp:attachment":[{"href":"https:\/\/fsportsnet.com\/pt\/wp-json\/wp\/v2\/media?parent=1192"}],"wp:term":[{"taxonomy":"product_brand","embeddable":true,"href":"https:\/\/fsportsnet.com\/pt\/wp-json\/wp\/v2\/product_brand?post=1192"},{"taxonomy":"product_cat","embeddable":true,"href":"https:\/\/fsportsnet.com\/pt\/wp-json\/wp\/v2\/product_cat?post=1192"},{"taxonomy":"product_tag","embeddable":true,"href":"https:\/\/fsportsnet.com\/pt\/wp-json\/wp\/v2\/product_tag?post=1192"}],"curies":[{"name":"wp","href":"https:\/\/api.w.org\/{rel}","templated":true}]}}