{"id":1194,"date":"2023-04-19T15:29:10","date_gmt":"2023-04-19T07:29:10","guid":{"rendered":"https:\/\/fsportsnet.com\/?post_type=product&#038;p=1194"},"modified":"2023-04-19T15:40:09","modified_gmt":"2023-04-19T07:40:09","slug":"portable-beach-volleyball-net-recreational-set","status":"publish","type":"product","link":"https:\/\/fsportsnet.com\/pt\/product\/portable-beach-volleyball-net-recreational-set\/","title":{"rendered":"Conjunto recreativo de rede de voleibol de praia port\u00e1til"},"content":{"rendered":"<p><strong>Este conjunto cont\u00e9m<\/strong><\/p>\n<ul>\n<li>2 postes de alum\u00ednio (equipados com um sistema de regula\u00e7\u00e3o em altura)<\/li>\n<li>Rede de 26\u20193\u2033 de largura.<\/li>\n<li>4 tensores simples e 4 cavilhas.<\/li>\n<li>4 tensores com discos para fixar na areia.<\/li>\n<li>Marcadores de campo (26\u20193\u2033 x 52\u20196\u2033) com 4 cavilhas. As marcas de linha permitem-lhe marcar.<\/li>\n<li>1 pequeno saco de arruma\u00e7\u00e3o para acess\u00f3rios.<\/li>\n<li>1 martelo.<\/li>\n<li>1 saco de transporte.<\/li>\n<li>1 instru\u00e7\u00f5es de montagem.<\/li>\n<\/ul>\n<p><strong>Dimens\u00f5es e peso<\/strong><\/p>\n<ul>\n<li>Dois postes de altura ajust\u00e1vel para a escolha de 3 alturas de rede (\u20184\u2033 - 7\u20199\u2033 - 8\u2019).<\/li>\n<li>A malha da rede tem uma dimens\u00e3o normalizada de 3,9\u2033 x 3,9\u2033.<\/li>\n<li>Uma vez dobrado, o saco de transporte mede 46,1\u2033 x 7,5\u2033 x 4,3\u2033.<\/li>\n<li>Peso: 11 lbs.<\/li>\n<\/ul>\n<p><strong>Instru\u00e7\u00f5es de utiliza\u00e7\u00e3o<\/strong><\/p>\n<ul>\n<li>Antes da utiliza\u00e7\u00e3o, verificar se as pe\u00e7as do conjunto est\u00e3o corretamente apertadas e fixadas. A utiliza\u00e7\u00e3o deste produto por crian\u00e7as deve ser efectuada sob a supervis\u00e3o constante de um adulto.<\/li>\n<li>N\u00e3o recomendamos a utiliza\u00e7\u00e3o deste conjunto em caso de ventos muito fortes. Adie o seu jogo de voleibol de praia!\n<ul>\n<li>Este conjunto demora menos de 15 minutos a montar ou desmontar (recomenda-se 2 adultos).<\/li>\n<li>Existem 2 correias de tens\u00e3o da rede em cada lado da rede para estabilizar o conjunto.<\/li>\n<\/ul>\n<\/li>\n<\/ul>","protected":false},"excerpt":{"rendered":"<p>Est\u00e1 \u00e0 procura de um conjunto de voleibol de praia que possa ser rapidamente montado para um jogo competitivo? O nosso conjunto port\u00e1til de voleibol de praia recreativo, alturas ajust\u00e1veis, montagem r\u00e1pida, amarelo \u00e9 perfeito para construir o seu campo de voleibol de praia para grandes jogos na areia! Concebida para jogadores, por jogadores, a nossa gama de bolas, conjuntos, redes e acess\u00f3rios est\u00e1 especialmente adaptada \u00e0s suas necessidades de voleibol de praia, independentemente do seu n\u00edvel. R\u00e1pido e f\u00e1cil de instalar e desinstalar em menos de 15 minutos! O conjunto de voleibol \u00e9 guardado num saco com uma pega, o que facilita o seu transporte! Para uma melhor experi\u00eancia de voleibol de praia, recomendamos um m\u00e1ximo de 10 pessoas (5 contra 5).<\/p>","protected":false},"featured_media":1179,"template":"","meta":{"_gspb_post_css":""},"product_brand":[],"product_cat":[31],"product_tag":[],"class_list":{"0":"post-1194","1":"product","2":"type-product","3":"status-publish","4":"has-post-thumbnail","6":"product_cat-volleyball-net","8":"first","9":"instock","10":"shipping-taxable","11":"product-type-simple"},"_links":{"self":[{"href":"https:\/\/fsportsnet.com\/pt\/wp-json\/wp\/v2\/product\/1194","targetHints":{"allow":["GET"]}}],"collection":[{"href":"https:\/\/fsportsnet.com\/pt\/wp-json\/wp\/v2\/product"}],"about":[{"href":"https:\/\/fsportsnet.com\/pt\/wp-json\/wp\/v2\/types\/product"}],"wp:featuredmedia":[{"embeddable":true,"href":"https:\/\/fsportsnet.com\/pt\/wp-json\/wp\/v2\/media\/1179"}],"wp:attachment":[{"href":"https:\/\/fsportsnet.com\/pt\/wp-json\/wp\/v2\/media?parent=1194"}],"wp:term":[{"taxonomy":"product_brand","embeddable":true,"href":"https:\/\/fsportsnet.com\/pt\/wp-json\/wp\/v2\/product_brand?post=1194"},{"taxonomy":"product_cat","embeddable":true,"href":"https:\/\/fsportsnet.com\/pt\/wp-json\/wp\/v2\/product_cat?post=1194"},{"taxonomy":"product_tag","embeddable":true,"href":"https:\/\/fsportsnet.com\/pt\/wp-json\/wp\/v2\/product_tag?post=1194"}],"curies":[{"name":"wp","href":"https:\/\/api.w.org\/{rel}","templated":true}]}}