{"id":1195,"date":"2023-04-19T15:40:20","date_gmt":"2023-04-19T07:40:20","guid":{"rendered":"https:\/\/fsportsnet.com\/?post_type=product&#038;p=1195"},"modified":"2023-04-19T15:51:28","modified_gmt":"2023-04-19T07:51:28","slug":"4-way-volleyball-net-with-carrying-backpack-ball","status":"publish","type":"product","link":"https:\/\/fsportsnet.com\/pt\/product\/4-way-volleyball-net-with-carrying-backpack-ball\/","title":{"rendered":"Rede de voleibol de 4 vias com mochila de transporte e bola"},"content":{"rendered":"<p><strong>Dimens\u00f5es e peso<\/strong><\/p>\n<ul>\n<li>1. Tamanho: 4*2,43*2,26m<br \/>\n2.Rede: Rede PE de 1,5\u201d com tecido oxford 420D<br \/>\n3. estrutura: Ferro de a\u00e7o Dia 22*0.8mm<br \/>\n4. fibra de vidro: 7*3.0*33cm<br \/>\n5.bolsa de transporte: 420DPU<br \/>\n6. tamanho da caixa: Lx62.9xW18.4xD20.3cmInstru\u00e7\u00f5es de utiliza\u00e7\u00e3o<\/li>\n<li>Voleibol FSports: Totalmente ajust\u00e1vel, rede de voleibol de 4 vias e o jogo perfeito para todas as ocasi\u00f5es. Essencial para festas, churrascos e eventos de acompanhamento, e o presente perfeito para o seu anfitri\u00e3o ao ar livre, o FSports \u00e9 um jogo ativo de voleibol com quatro quadrados. Perfeitamente dimensionado para quatro jogadores por ronda, o FSports oferece-lhe a si e \u00e0 sua equipa uma divers\u00e3o segura, simples e infal\u00edvel!<br \/>\nPERFEITA PARA TODAS AS AVENTURAS: Constru\u00edda para durar e perfeita para o seu pr\u00f3ximo passeio, esta rede de alta qualidade ser\u00e1 certamente um elemento b\u00e1sico da sua divers\u00e3o de ver\u00e3o! Quer esteja na praia, no parque ou no lago, a FSports \u00e9 o catalisador perfeito para a divers\u00e3o em fam\u00edlia e para uma competi\u00e7\u00e3o amig\u00e1vel!<br \/>\nMONTAGEM F\u00c1CIL E R\u00c1PIDA: Com um design \u00fanico e exclusivo que \u00e9 t\u00e3o intuitivo quanto compacto, a montagem e a desmontagem s\u00e3o muito f\u00e1ceis! Desfrute de divers\u00e3o cheia de a\u00e7\u00e3o em minutos e volte a dobrar tudo na mochila de tamanho perfeito da FSports no mesmo instante, para que esteja pronto para a sua pr\u00f3xima aventura!<br \/>\nPARA JOGADORES DE TODAS AS IDADES: Presente perfeito! Tanto os mais pequenos como os adultos v\u00e3o adorar o FSports! Com tudo inclu\u00eddo para modificar a altura da sua rede, combinado com as regras e objectivos simples e f\u00e1ceis de compreender do jogo, toda a fam\u00edlia pode participar na divers\u00e3o.<br \/>\nCOMPLETO COM TUDO O QUE PRECISA: O seu FSports Original vem completo com uma rede para solteiros (4 jogadores), barras de a\u00e7o, mochila de viagem, bola de voleibol, bomba, linhas de limite e livro de regras. Tudo o que precisa para se divertir ao sol \u00e0 moda antiga!<\/li>\n<\/ul>","protected":false},"excerpt":{"rendered":"<p>Rede de voleibol de 4 vias com mochila de transporte e bola - Conjunto de jogo de voleibol de 4 quadrados para adultos e crian\u00e7as - Jogo de exterior de montagem r\u00e1pida - Jogos de quintal<\/p>","protected":false},"featured_media":1174,"template":"","meta":{"_gspb_post_css":""},"product_brand":[],"product_cat":[31],"product_tag":[],"class_list":{"0":"post-1195","1":"product","2":"type-product","3":"status-publish","4":"has-post-thumbnail","6":"product_cat-volleyball-net","8":"first","9":"instock","10":"shipping-taxable","11":"product-type-simple"},"_links":{"self":[{"href":"https:\/\/fsportsnet.com\/pt\/wp-json\/wp\/v2\/product\/1195","targetHints":{"allow":["GET"]}}],"collection":[{"href":"https:\/\/fsportsnet.com\/pt\/wp-json\/wp\/v2\/product"}],"about":[{"href":"https:\/\/fsportsnet.com\/pt\/wp-json\/wp\/v2\/types\/product"}],"wp:featuredmedia":[{"embeddable":true,"href":"https:\/\/fsportsnet.com\/pt\/wp-json\/wp\/v2\/media\/1174"}],"wp:attachment":[{"href":"https:\/\/fsportsnet.com\/pt\/wp-json\/wp\/v2\/media?parent=1195"}],"wp:term":[{"taxonomy":"product_brand","embeddable":true,"href":"https:\/\/fsportsnet.com\/pt\/wp-json\/wp\/v2\/product_brand?post=1195"},{"taxonomy":"product_cat","embeddable":true,"href":"https:\/\/fsportsnet.com\/pt\/wp-json\/wp\/v2\/product_cat?post=1195"},{"taxonomy":"product_tag","embeddable":true,"href":"https:\/\/fsportsnet.com\/pt\/wp-json\/wp\/v2\/product_tag?post=1195"}],"curies":[{"name":"wp","href":"https:\/\/api.w.org\/{rel}","templated":true}]}}