{"id":1197,"date":"2023-04-19T15:52:12","date_gmt":"2023-04-19T07:52:12","guid":{"rendered":"https:\/\/fsportsnet.com\/?post_type=product&#038;p=1197"},"modified":"2023-04-19T16:10:30","modified_gmt":"2023-04-19T08:10:30","slug":"spike-ball-game-set-outdoor-lawn-beach-tailgating-roundnet-game-for-kids-teens-adults","status":"publish","type":"product","link":"https:\/\/fsportsnet.com\/pt\/product\/spike-ball-game-set-outdoor-lawn-beach-tailgating-roundnet-game-for-kids-teens-adults\/","title":{"rendered":"Conjunto de jogo de bola de espig\u00e3o para exterior, relvado, praia e jogo de rede para crian\u00e7as, adolescentes e adultos"},"content":{"rendered":"<p><strong>Dimens\u00f5es e peso<\/strong><\/p>\n<ul>\n<li>Conjunto de voleibol de praia<br \/>\n1. Tamanho: 36\u201d<br \/>\n2. 2 bolas de 3,54\u201d em material PVC<br \/>\n3. 1Elasticidade l\u00edquida<br \/>\n4. Tamanho da estrutura: 35,43\u00d77,87\u201d ABS<br \/>\n5. Tamanho da caixa: 56X18X10cm GW1.5kg<br \/>\n6. Embalagem: 10 conjuntos em uma caixa: 58x53x39cm, GW 16,3kg<\/li>\n<li>\n<div id=\"featurebullets_feature_div\" class=\"celwidget\" data-feature-name=\"featurebullets\" data-csa-c-type=\"widget\" data-csa-c-content-id=\"featurebullets\" data-csa-c-slot-id=\"featurebullets_feature_div\" data-csa-c-asin=\"B01M0XJYVO\" data-csa-c-is-in-initial-active-row=\"false\" data-csa-c-id=\"rlkrf7-nkx9ny-d7h2vj-g8sarh\" data-cel-widget=\"featurebullets_feature_div\">\n<div id=\"feature-bullets\" class=\"a-section a-spacing-medium a-spacing-top-small\">\n<ul class=\"a-unordered-list a-vertical a-spacing-mini\">\n<li><span class=\"a-list-item\">AC\u00c7\u00c3O PARA QUATRO JOGADORES - O Spike Ball \u00e9 um jogo divertido, ativo e competitivo (se quiser que seja) de 2 contra 2, jogado com regras semelhantes \u00e0s do voleibol; pode ser jogado no exterior, no interior, no relvado, no quintal, na praia, no gin\u00e1sio, na porta da frente, em reuni\u00f5es familiares, nas f\u00e9rias, praticamente em qualquer lugar e para qualquer evento<\/span><\/li>\n<li><span class=\"a-list-item\">33% AN\u00c9IS E PERNAS MAIS FORTES - Menos suscept\u00edveis de se partirem em caso de queda ou mergulho. Superf\u00edcie de jogo mais est\u00e1vel.<\/span><\/li>\n<li><span class=\"a-list-item\">BOLAS MELHORES - A textura adicionada nas Bolas Pro permite mais rota\u00e7\u00e3o e controlo nas pancadas.<\/span><\/li>\n<li><span class=\"a-list-item\">ENVIADO NUMA CAIXA COM A MARCA SPIKE BALL! Escolha \u201cEnviar na embalagem da Amazon\u201d no checkout se for uma surpresa!<\/span><\/li>\n<li><span class=\"a-list-item\">PARA TODAS AS IDADES - O Spike Ball pode ser modificado de v\u00e1rias formas para envolver toda a equipa. H\u00e1 sempre uma maneira de jogar.<\/span><\/li>\n<\/ul>\n<\/div>\n<\/div>\n<div id=\"provenanceCertifications_feature_div\" class=\"celwidget\" data-feature-name=\"provenanceCertifications\" data-csa-c-type=\"widget\" data-csa-c-content-id=\"provenanceCertifications\" data-csa-c-slot-id=\"provenanceCertifications_feature_div\" data-csa-c-asin=\"B01M0XJYVO\" data-csa-c-is-in-initial-active-row=\"false\" data-csa-c-id=\"hz44ly-5iges3-ngvab4-ye1uuw\" data-cel-widget=\"provenanceCertifications_feature_div\">\n<div id=\"provenance-certifications\" class=\"a-section a-spacing-medium a-spacing-top-micro\"><\/div>\n<\/div>\n<\/li>\n<\/ul>","protected":false},"excerpt":{"rendered":"<p class=\"a-size-small\"><span class=\"a-text-bold\">Um design de carro\u00e7aria mais robusto<\/span>\u00a0melhora o jogo, mantendo o conjunto est\u00e1vel e a rede ensinada durante as jogadas mais duras.<\/p>\n<ul class=\"a-unordered-list a-vertical a-spacing-mini\">\n<li><span class=\"a-list-item\">Bola de picos: Um emocionante jogo de relvado ao ar livre para crian\u00e7as e adultos! O conjunto inclui 1 alvo, 2 bolas de competi\u00e7\u00e3o de 9 cm, 1 bola de treino de 12 cm, mala de transporte e regras do jogo<\/span><\/li>\n<li><span class=\"a-list-item\">O QUE \u00c9 O Spike Ball: O Spike Ball \u00e9 um jogo de voleibol 2 contra 2 cheio de a\u00e7\u00e3o, em que as equipas t\u00eam 3 pancadas para devolver ou lan\u00e7ar a bola para a rede circular - divers\u00e3o para todos na praia, churrascos, acampamentos e muito mais!<\/span><\/li>\n<li><span class=\"a-list-item\">DIVERS\u00c3O ATL\u00c9TICA: O Spike Ball \u00e9 um jogo ativo que funciona muito bem como treino cruzado para muitos outros desportos ou apenas para suar! (idade recomendada 12+)<\/span><\/li>\n<\/ul>","protected":false},"featured_media":1187,"template":"","meta":{"_gspb_post_css":""},"product_brand":[],"product_cat":[31],"product_tag":[],"class_list":{"0":"post-1197","1":"product","2":"type-product","3":"status-publish","4":"has-post-thumbnail","6":"product_cat-volleyball-net","8":"first","9":"instock","10":"shipping-taxable","11":"product-type-simple"},"_links":{"self":[{"href":"https:\/\/fsportsnet.com\/pt\/wp-json\/wp\/v2\/product\/1197","targetHints":{"allow":["GET"]}}],"collection":[{"href":"https:\/\/fsportsnet.com\/pt\/wp-json\/wp\/v2\/product"}],"about":[{"href":"https:\/\/fsportsnet.com\/pt\/wp-json\/wp\/v2\/types\/product"}],"wp:featuredmedia":[{"embeddable":true,"href":"https:\/\/fsportsnet.com\/pt\/wp-json\/wp\/v2\/media\/1187"}],"wp:attachment":[{"href":"https:\/\/fsportsnet.com\/pt\/wp-json\/wp\/v2\/media?parent=1197"}],"wp:term":[{"taxonomy":"product_brand","embeddable":true,"href":"https:\/\/fsportsnet.com\/pt\/wp-json\/wp\/v2\/product_brand?post=1197"},{"taxonomy":"product_cat","embeddable":true,"href":"https:\/\/fsportsnet.com\/pt\/wp-json\/wp\/v2\/product_cat?post=1197"},{"taxonomy":"product_tag","embeddable":true,"href":"https:\/\/fsportsnet.com\/pt\/wp-json\/wp\/v2\/product_tag?post=1197"}],"curies":[{"name":"wp","href":"https:\/\/api.w.org\/{rel}","templated":true}]}}