{"id":1419,"date":"2023-04-25T11:13:14","date_gmt":"2023-04-25T03:13:14","guid":{"rendered":"https:\/\/fsportsnet.com\/?post_type=product&#038;p=1419"},"modified":"2023-04-25T11:19:29","modified_gmt":"2023-04-25T03:19:29","slug":"7x7-baseball-net-softball-net-practice-net-baseball-practice-net","status":"publish","type":"product","link":"https:\/\/fsportsnet.com\/pt\/product\/7x7-baseball-net-softball-net-practice-net-baseball-practice-net\/","title":{"rendered":"Rede de basebol 7\u2019\u00d77\u2032 Rede de treino de softbol Rede de treino de basebol"},"content":{"rendered":"<p>Rede de basebol de bolso de uma s\u00f3 pe\u00e7a com novo design<\/p>\n<p>1. Tamanho total: 7 x 7\u2032<br \/>\n2. Estrutura: Tubo de ferro pintado de preto com 1\u2033 de di\u00e2metro e 1,0 mm de espessura<br \/>\n3. P\u00f3lo: \u03a612.7mm fibra de vidro preta s\u00f3lida<br \/>\n4. Rede: Rede sem n\u00f3s de poli\u00e9ster preto de 7 camadas de 1,75\u2033 com encaderna\u00e7\u00e3o em tecido 420D<br \/>\n5. Material da mala de transporte: Tecido oxford 600D<br \/>\n6. Embalagem: Cada conjunto numa caixa de cart\u00e3o K=K, 114\u00d714,8\u00d714,8cm<br \/>\n7. G.W6.2kg, N.W 5.5kg<br \/>\n8. Embalagem: 1 x rede, 4 x tubos met\u00e1licos, 4 x postes, 1 x saco de transporte, 4 x estacas em forma de U, 1 x instru\u00e7\u00f5es A4<\/p>\n<p>RESIST\u00caNCIA PESADA E DURABILIDADE COMPROVADA<br \/>\nA rede refor\u00e7ada com pontos duplos no ponto de tens\u00e3o para uma durabilidade comprovada e costuras robustas e a rede forte de 7 camadas sem n\u00f3s acrescenta rigidez e peso para uma maior estabilidade ao bater e lan\u00e7ar na rede<\/p>\n<p>Moldura perfeita<br \/>\nDesign arqueado perfeito Design arqueado aumentado para orif\u00edcio de tubo e melhor acabamento de superf\u00edcie para reduzir rebarbas, tornar o tubo suave e seguro.<br \/>\nBase de a\u00e7o interligada com postes superiores em fibra de vidro para uma montagem\/desmontagem r\u00e1pida. La\u00e7os de nylon refor\u00e7ados na parte superior e inferior e fechos de gancho e la\u00e7o para trabalhos pesados.<\/p>\n<p>Postes de fibra de vidro<br \/>\nOs postes de fibra de vidro de 12,7 mm permitem uma resist\u00eancia e flexibilidade incr\u00edveis<br \/>\nEmbalagem dupla<br \/>\nA embalagem dupla e o design de abertura interm\u00e9dia tornam-na mais resistente e poupam espa\u00e7o<\/p>","protected":false},"excerpt":{"rendered":"<p>Vantagens\uff1a<br \/>\nRESIST\u00caNCIA PESADA E DURABILIDADE COMPROVADA<br \/>\nA rede refor\u00e7ada com pontos duplos no ponto de tens\u00e3o para uma durabilidade comprovada e costuras robustas e a rede forte de 7 camadas sem n\u00f3s acrescenta rigidez e peso para uma maior estabilidade ao bater e lan\u00e7ar na rede<\/p>","protected":false},"featured_media":1424,"template":"","meta":{"_gspb_post_css":""},"product_brand":[],"product_cat":[25],"product_tag":[28],"class_list":{"0":"post-1419","1":"product","2":"type-product","3":"status-publish","4":"has-post-thumbnail","6":"product_cat-baseball-net","7":"product_tag-baseball-net","9":"first","10":"instock","11":"shipping-taxable","12":"product-type-simple"},"_links":{"self":[{"href":"https:\/\/fsportsnet.com\/pt\/wp-json\/wp\/v2\/product\/1419","targetHints":{"allow":["GET"]}}],"collection":[{"href":"https:\/\/fsportsnet.com\/pt\/wp-json\/wp\/v2\/product"}],"about":[{"href":"https:\/\/fsportsnet.com\/pt\/wp-json\/wp\/v2\/types\/product"}],"wp:featuredmedia":[{"embeddable":true,"href":"https:\/\/fsportsnet.com\/pt\/wp-json\/wp\/v2\/media\/1424"}],"wp:attachment":[{"href":"https:\/\/fsportsnet.com\/pt\/wp-json\/wp\/v2\/media?parent=1419"}],"wp:term":[{"taxonomy":"product_brand","embeddable":true,"href":"https:\/\/fsportsnet.com\/pt\/wp-json\/wp\/v2\/product_brand?post=1419"},{"taxonomy":"product_cat","embeddable":true,"href":"https:\/\/fsportsnet.com\/pt\/wp-json\/wp\/v2\/product_cat?post=1419"},{"taxonomy":"product_tag","embeddable":true,"href":"https:\/\/fsportsnet.com\/pt\/wp-json\/wp\/v2\/product_tag?post=1419"}],"curies":[{"name":"wp","href":"https:\/\/api.w.org\/{rel}","templated":true}]}}